{"id":5426,"date":"2021-06-04T16:07:35","date_gmt":"2021-06-04T16:07:35","guid":{"rendered":"https:\/\/e-cosmeticos.com\/?post_type=product&#038;p=5426"},"modified":"2025-11-02T22:36:02","modified_gmt":"2025-11-03T01:36:02","slug":"mabelle-reparage-protein","status":"publish","type":"product","link":"https:\/\/e-cosmeticos.com\/es\/producto\/mabelle-reparage-protein\/","title":{"rendered":"Mabelle Reparage 1L"},"content":{"rendered":"<p><span style=\"color: #584d4d; font-family: Arial, sans-serif; text-align: justify; background-color: #f6fdff;\">Desarrollado con complejos activos neutralizantes de color dorado, Mabelle Reparage est\u00e1 indicado para alisar con tinte. Contiene en su f\u00f3rmula aceite de monoi de Tahit\u00ed en asociaci\u00f3n con un excelente aceite de linaza para mantener la cut\u00edcula del cabello cerrada por las puntas dobles, evitando da\u00f1os qu\u00edmicos y f\u00edsicos. Mabelle Reparage ha demostrado su eficacia en el alisado del cabello y tambi\u00e9n en el tratamiento del cabello da\u00f1ado y sin vida.<\/span><\/p>\n<p>&nbsp;<\/p>\n<p style=\"margin: 0px 0px 20px; padding: 0px; color: #584d4d; font-family: Arial, sans-serif; text-align: justify;\">\u2981 Realice la prueba de bloqueo * antes de usar el producto.<\/p>\n<p style=\"margin: 0px 0px 20px; padding: 0px; color: #584d4d; font-family: Arial, sans-serif; text-align: justify;\">\u2981 Utilice guantes adecuados. Lavar el cabello con champ\u00fa de 2 a 3 veces.<\/p>\n<p style=\"margin: 0px 0px 20px; padding: 0px; color: #584d4d; font-family: Arial, sans-serif; text-align: justify;\">\u2981 Seque el cabello en aproximadamente 80%.<\/p>\n<p style=\"margin: 0px 0px 20px; padding: 0px; color: #584d4d; font-family: Arial, sans-serif; text-align: justify;\">\u2981 Separar el cabello en 4 partes y aplicar el producto mech\u00f3n a mech\u00f3n con ayuda de un l\u00e1piz, alinear el cabello con un peine fino y dejar actuar durante 60 minutos.<\/p>\n<p style=\"margin: 0px 0px 20px; padding: 0px; color: #584d4d; font-family: Arial, sans-serif; text-align: justify;\">\u2981 Enjuague 80% de producto con agua, seque con secador de pelo y plancha en mechones finos de 10 a 15 veces cada uno. Espere 15 minutos y luego lave bien el cabello con champ\u00fa y condicionador Mabelle y disfrute de los maravillosos resultados!<\/p>\n<p style=\"margin: 0px 0px 20px; padding: 0px; color: #584d4d; font-family: Arial, sans-serif; text-align: justify;\">(*) Prueba de mech\u00f3n: Elija un mech\u00f3n de cabello en la parte superior de la cabeza y realice todos los pasos indicados en el \u201cModo de uso\u201d. Observa la evoluci\u00f3n del alisado, dando la resistencia del cabello al resultado deseado. Compruebe si hay cambios no deseados en la hebra. En caso de duda sobre el estado del cabello, en caso de cambios no deseados en el mech\u00f3n o en caso de irritaci\u00f3n, no aplique el producto.<\/p>\n<p>&nbsp;<\/p>\n<p>&nbsp;<\/p>\n<p><span style=\"color: #584d4d; font-family: Arial, sans-serif; text-align: justify; background-color: #f6fdff;\">Agua, alcohol cetear\u00edlico, propilenglicol, cloruro de cetrimonio, alcohol cet\u00edlico, estearamidopropilo, dimetilamina, ceteareth-20, parafina l\u00edquida, policuaternio 7, policuaternio 10, aceite de jojoba, \u00e1cido glut\u00e1mico, serina, carbociste\u00edna, prote\u00edna de arroz hidrolizada, PEG-90M, PEG-90M, prote\u00edna de arroz hidrolizada. , \u00c1cido c\u00edtrico, extracto de hipnea musciforme, atelocol\u00e1geno, glucosaminoglicanos, prote\u00edna de trigo hidrolizada con hidroxipropiltrimonio, palmitato de retinilo, acetato de tocoferilo, \u00e1cido pantot\u00e9nico Butirospermim Parkii (karit\u00e9) Mantequilla, aceite de ricino hidrogenado de peg-200, cloruro de guar, thidrato de flor de tilo, cloruro de cloruro hidrogenado. Hidroxitoulueno butilado, metilcloroisotiazolinona, metilisotiazolinona, fragancia, butifenil metipropional, citral, citronelol, cumarina, hidroxicitronelal, D-limoneno, linalol, CI 60730, CI 16035.<\/span><\/p>\n<p>&nbsp;<\/p>\n<p><span style=\"color: #584d4d; font-family: Arial, sans-serif; text-align: justify; background-color: #f6fdff;\">Uso externo. Uso profesional. Mantener fuera del alcance de los ni\u00f1os en un lugar fresco y seco. En caso de contacto con los ojos, aclarar con abundante agua. Si se produce irritaci\u00f3n, suspenda su uso y busque atenci\u00f3n m\u00e9dica. No aplicar si el cuero cabelludo presenta irritaciones o abrasiones. No lo use si es al\u00e9rgico a alg\u00fan componente de la formulaci\u00f3n o si el producto cambia su apariencia.<\/span><\/p>","protected":false},"excerpt":{"rendered":"<p>Desarrollado con complejos activos neutralizantes de color dorado, Mabelle Reparage est\u00e1 indicado para alisar con tinte. Contiene en su f\u00f3rmula aceite de monoi de Tahit\u00ed en asociaci\u00f3n con un excelente aceite de linaza para mantener la cut\u00edcula del cabello cerrada por las puntas dobles, evitando da\u00f1os qu\u00edmicos y f\u00edsicos. Mabelle Reparage ha demostrado su eficacia en el alisado del cabello y tambi\u00e9n en el tratamiento del cabello da\u00f1ado y sin vida.<\/p>","protected":false},"featured_media":5425,"comment_status":"open","ping_status":"closed","template":"","meta":[],"product_brand":[],"product_cat":[623,491],"product_tag":[],"class_list":{"0":"post-5426","1":"product","2":"type-product","3":"status-publish","4":"has-post-thumbnail","6":"product_cat-hair","7":"product_cat-smoothing","9":"first","10":"instock","11":"taxable","12":"shipping-taxable","13":"purchasable","14":"product-type-simple"},"_links":{"self":[{"href":"https:\/\/e-cosmeticos.com\/es\/wp-json\/wp\/v2\/product\/5426","targetHints":{"allow":["GET"]}}],"collection":[{"href":"https:\/\/e-cosmeticos.com\/es\/wp-json\/wp\/v2\/product"}],"about":[{"href":"https:\/\/e-cosmeticos.com\/es\/wp-json\/wp\/v2\/types\/product"}],"replies":[{"embeddable":true,"href":"https:\/\/e-cosmeticos.com\/es\/wp-json\/wp\/v2\/comments?post=5426"}],"wp:featuredmedia":[{"embeddable":true,"href":"https:\/\/e-cosmeticos.com\/es\/wp-json\/wp\/v2\/media\/5425"}],"wp:attachment":[{"href":"https:\/\/e-cosmeticos.com\/es\/wp-json\/wp\/v2\/media?parent=5426"}],"wp:term":[{"taxonomy":"product_brand","embeddable":true,"href":"https:\/\/e-cosmeticos.com\/es\/wp-json\/wp\/v2\/product_brand?post=5426"},{"taxonomy":"product_cat","embeddable":true,"href":"https:\/\/e-cosmeticos.com\/es\/wp-json\/wp\/v2\/product_cat?post=5426"},{"taxonomy":"product_tag","embeddable":true,"href":"https:\/\/e-cosmeticos.com\/es\/wp-json\/wp\/v2\/product_tag?post=5426"}],"curies":[{"name":"wp","href":"https:\/\/api.w.org\/{rel}","templated":true}]}}