{"id":5537,"date":"2021-06-10T13:04:41","date_gmt":"2021-06-10T13:04:41","guid":{"rendered":"https:\/\/e-cosmeticos.com\/?post_type=product&#038;p=5537"},"modified":"2025-11-01T02:52:07","modified_gmt":"2025-11-01T05:52:07","slug":"mabelle-shampoo","status":"publish","type":"product","link":"https:\/\/e-cosmeticos.com\/es\/producto\/mabelle-shampoo\/","title":{"rendered":"Champ\u00fa Mabelle 500ml"},"content":{"rendered":"<p><span style=\"color: #584d4d; font-family: Arial, sans-serif; text-align: justify; background-color: #f6fdff;\">Aplicar sobre el cabello h\u00famedo y lavar ligeramente la primera vez para eliminar los residuos que dificultan la formaci\u00f3n de espuma. Enjuague y vuelva a aplicar el champ\u00fa, masajeando suavemente el cuero cabelludo hasta formar una espuma rica y cremosa. deslice la espuma hacia las puntas y luego enjuague el cabello. Siga con Mabelle Condicionador para obtener mejores resultados.<\/span><\/p>\n<p>&nbsp;<\/p>\n<p><span style=\"color: #584d4d; font-family: Arial, sans-serif; text-align: justify; background-color: #f6fdff;\">Agua, lauril sulfato de sodio, cocamida DEA, cocamidopropil beta\u00edna, polisorbato 20, glicerina, PEG-200, palmato de glicerilo hidrogenado, cocoato de glicerilo PEG-7, diestearato de glicol, laureth-4, lanolina, biotina, \u00e1cido glut\u00e1mico, serina, hidr\u00f3lisis de carbociste\u00edna Prote\u00edna de arroz, PEG-90M, Cocoanfoacetato de sodio, Amodimeticona, C-11-15, Pareth-7, Laureth-9, Trideceth-12, Cloruro de guar hidroxipropiltrimonio, queratina hidrolizada, Diestearato de PEG-150, \u00e1cido c\u00edtrico, EDTA dis\u00f3dico, metiaclorona, Metilisotiazolinona, fragancia, butifenil metipropional, citral, citronelol, cumarina, hidroxicitronelal, D-limoneno, lonalool, CI 60730, CI 16035.<\/span><\/p>\n<p>&nbsp;<\/p>\n<p><span style=\"color: #584d4d; font-family: Arial, sans-serif; text-align: justify; background-color: #f6fdff;\">Uso externo. Mant\u00e9ngase fuera del alcance de los ni\u00f1os. En caso de alergia a cualquier componente de la f\u00f3rmula suspenda su uso.<\/span><\/p>","protected":false},"excerpt":{"rendered":"<p>Champ\u00fa de tratamiento Mabelle especialmente desarrollado para cabellos da\u00f1ados y tratados qu\u00edmicamente, nutre los cabellos extra secos limpi\u00e1ndolos suavemente. Su formulaci\u00f3n contiene los principios activos: prote\u00edna de arroz, biotina, que repara la estructura da\u00f1ada, nutriendo en profundidad, dando suavidad y flexibilidad a las hebras.<\/p>","protected":false},"featured_media":5536,"comment_status":"open","ping_status":"closed","template":"","meta":[],"product_brand":[],"product_cat":[623,486],"product_tag":[],"class_list":{"0":"post-5537","1":"product","2":"type-product","3":"status-publish","4":"has-post-thumbnail","6":"product_cat-hair","7":"product_cat-shampoo","9":"first","10":"instock","11":"taxable","12":"shipping-taxable","13":"purchasable","14":"product-type-simple"},"_links":{"self":[{"href":"https:\/\/e-cosmeticos.com\/es\/wp-json\/wp\/v2\/product\/5537","targetHints":{"allow":["GET"]}}],"collection":[{"href":"https:\/\/e-cosmeticos.com\/es\/wp-json\/wp\/v2\/product"}],"about":[{"href":"https:\/\/e-cosmeticos.com\/es\/wp-json\/wp\/v2\/types\/product"}],"replies":[{"embeddable":true,"href":"https:\/\/e-cosmeticos.com\/es\/wp-json\/wp\/v2\/comments?post=5537"}],"wp:featuredmedia":[{"embeddable":true,"href":"https:\/\/e-cosmeticos.com\/es\/wp-json\/wp\/v2\/media\/5536"}],"wp:attachment":[{"href":"https:\/\/e-cosmeticos.com\/es\/wp-json\/wp\/v2\/media?parent=5537"}],"wp:term":[{"taxonomy":"product_brand","embeddable":true,"href":"https:\/\/e-cosmeticos.com\/es\/wp-json\/wp\/v2\/product_brand?post=5537"},{"taxonomy":"product_cat","embeddable":true,"href":"https:\/\/e-cosmeticos.com\/es\/wp-json\/wp\/v2\/product_cat?post=5537"},{"taxonomy":"product_tag","embeddable":true,"href":"https:\/\/e-cosmeticos.com\/es\/wp-json\/wp\/v2\/product_tag?post=5537"}],"curies":[{"name":"wp","href":"https:\/\/api.w.org\/{rel}","templated":true}]}}