{"id":5539,"date":"2021-06-10T13:06:44","date_gmt":"2021-06-10T13:06:44","guid":{"rendered":"https:\/\/e-cosmeticos.com\/?post_type=product&#038;p=5539"},"modified":"2026-02-10T10:29:19","modified_gmt":"2026-02-10T13:29:19","slug":"mabelle-conditioner","status":"publish","type":"product","link":"https:\/\/e-cosmeticos.com\/es\/producto\/mabelle-conditioner\/","title":{"rendered":"Acondicionador Mabelle 500ml"},"content":{"rendered":"<p><span style=\"color: #584d4d; font-family: Arial, sans-serif; text-align: justify; background-color: #f6fdff;\">Aplicar sobre el cabello reci\u00e9n lavado. Empiece por las puntas, masajeando suavemente el cabello y deslizando los mechones entre los dedos hasta que se desenreden. Dejar actuar unos minutos y aclarar abundantemente.<\/span><\/p>\n<p>&nbsp;<\/p>\n<p><span style=\"color: #584d4d; font-family: Arial, sans-serif; text-align: justify; background-color: #f6fdff;\">Agua, alcohol cetear\u00edlico, alcohol cet\u00edlico, propilenglicol, cloruro de cetrimonio, l\u00edquido de parafina, amodimeticona, C-11-15, pareth-7, laureth-9, glicerilo, trideceth-12, ceteareth-20, estearamidopropil dimetilamina, policuaternio 7, policuaternio 10, \u00e1cido glut\u00e1mico, serina, carbociste\u00edna, prote\u00edna de arroz hidrolizada, PEG-90M, queratina hidrolizada, extracto de semilla de Linum Usitatissimum (linaza), extracto de semilla de Salvia Hispanica, ciclopentasiloxano, dimeticona, guarhidroxipropiltrimoncio, cloruro de hidroxipropiltrimoncio, protina, alanina, protina , \u00c1cido glut\u00e1mico, \u00c1cido asp\u00e1rtico, Treonina, Isoleucina, Valina, Histidina HCL, Fenilalanina, DMDM Hidanto\u00edna, Fenoxietanol, PCA s\u00f3dico, \u00c1cido c\u00edtrico, EDTA dis\u00f3dico, Hidroxitolueno butilado, Metilcloroisotiazolinona, Metilisotiazolinona, Butilisolipropileno Hidroxicitronelal, d-limoneno, linalol, CI 60730, CI 16035.<\/span><\/p>\n<p>&nbsp;<\/p>\n<p><span style=\"color: #584d4d; font-family: Arial, sans-serif; text-align: justify; background-color: #f6fdff;\">Uso externo. Mant\u00e9ngase fuera del alcance de los ni\u00f1os. En caso de alergia a cualquier componente de la f\u00f3rmula suspenda su uso.<\/span><\/p>","protected":false},"excerpt":{"rendered":"<p>Mabelle Conditioner tiene un alto poder de hidrataci\u00f3n y nutrici\u00f3n de las hebras, que aliado a los activos tecnol\u00f3gicos elaborados para esta formulaci\u00f3n trata la fibra capilar internamente, recuperando las hebras da\u00f1adas, dando como resultado un cabello sano, con brillo y suavidad.<\/p>","protected":false},"featured_media":5538,"comment_status":"open","ping_status":"closed","template":"","meta":[],"product_brand":[],"product_cat":[487,623],"product_tag":[],"class_list":{"0":"post-5539","1":"product","2":"type-product","3":"status-publish","4":"has-post-thumbnail","6":"product_cat-conditioner","7":"product_cat-hair","9":"first","10":"instock","11":"taxable","12":"shipping-taxable","13":"purchasable","14":"product-type-simple"},"_links":{"self":[{"href":"https:\/\/e-cosmeticos.com\/es\/wp-json\/wp\/v2\/product\/5539","targetHints":{"allow":["GET"]}}],"collection":[{"href":"https:\/\/e-cosmeticos.com\/es\/wp-json\/wp\/v2\/product"}],"about":[{"href":"https:\/\/e-cosmeticos.com\/es\/wp-json\/wp\/v2\/types\/product"}],"replies":[{"embeddable":true,"href":"https:\/\/e-cosmeticos.com\/es\/wp-json\/wp\/v2\/comments?post=5539"}],"wp:featuredmedia":[{"embeddable":true,"href":"https:\/\/e-cosmeticos.com\/es\/wp-json\/wp\/v2\/media\/5538"}],"wp:attachment":[{"href":"https:\/\/e-cosmeticos.com\/es\/wp-json\/wp\/v2\/media?parent=5539"}],"wp:term":[{"taxonomy":"product_brand","embeddable":true,"href":"https:\/\/e-cosmeticos.com\/es\/wp-json\/wp\/v2\/product_brand?post=5539"},{"taxonomy":"product_cat","embeddable":true,"href":"https:\/\/e-cosmeticos.com\/es\/wp-json\/wp\/v2\/product_cat?post=5539"},{"taxonomy":"product_tag","embeddable":true,"href":"https:\/\/e-cosmeticos.com\/es\/wp-json\/wp\/v2\/product_tag?post=5539"}],"curies":[{"name":"wp","href":"https:\/\/api.w.org\/{rel}","templated":true}]}}