{"id":5541,"date":"2021-06-10T13:19:34","date_gmt":"2021-06-10T13:19:34","guid":{"rendered":"https:\/\/e-cosmeticos.com\/?post_type=product&#038;p=5541"},"modified":"2025-11-01T19:16:07","modified_gmt":"2025-11-01T22:16:07","slug":"monzina-smart-solution","status":"publish","type":"product","link":"https:\/\/e-cosmeticos.com\/es\/producto\/monzina-smart-solution\/","title":{"rendered":"Monzina Smart Solution 1L"},"content":{"rendered":"<p style=\"border: 0px; margin: 0px 0px 1.6em; padding: 0px; vertical-align: baseline; color: #686868; font-family: 'Noto Sans', sans-serif; text-align: justify;\">\u2981 Do the lock test before using the product.<\/p>\n<p style=\"border: 0px; margin: 0px 0px 1.6em; padding: 0px; vertical-align: baseline; color: #686868; font-family: 'Noto Sans', sans-serif; text-align: justify;\">\u2981\u00a0Wear suitable gloves. Wash hair with shampoo 2 to 3 times.<\/p>\n<p style=\"border: 0px; margin: 0px 0px 1.6em; padding: 0px; vertical-align: baseline; color: #686868; font-family: 'Noto Sans', sans-serif; text-align: justify;\">\u2981 Dry the hair in about 80%, separate the hair into 4 parts and apply the product strand by strand using a pencil, align the hair with a fine comb and let it act for 60 minutes.<\/p>\n<p style=\"border: 0px; margin: 0px 0px 1.6em; padding: 0px; vertical-align: baseline; color: #686868; font-family: 'Noto Sans', sans-serif; text-align: justify;\">\u2981\u00a0Rinse 80% of product with water, blow dry with hair dryer and flat iron in fine hair strand 10-15 times each.<\/p>\n<p style=\"border: 0px; margin: 0px 0px 1.6em; padding: 0px; vertical-align: baseline; color: #686868; font-family: 'Noto Sans', sans-serif; text-align: justify;\">\u2981\u00a0Wait 15 minutes and then thoroughly wash the hair using shampoo and conditioner Monzina Smart.<\/p>\n<p style=\"border: 0px; margin: 0px 0px 1.6em; padding: 0px; vertical-align: baseline; color: #686868; font-family: 'Noto Sans', sans-serif; text-align: justify;\">(*) Prueba de mech\u00f3n: Elija un mech\u00f3n de cabello en la parte superior de la cabeza y realice todos los pasos indicados en el \u201cModo de uso\u201d. Observa la evoluci\u00f3n del alisado, dando la resistencia del cabello al resultado deseado. Compruebe si hay cambios no deseados en la hebra. En caso de duda sobre el estado del cabello, en caso de cambios no deseados en el mech\u00f3n o en caso de irritaci\u00f3n, no aplique el producto.<\/p>\n<p>&nbsp;<\/p>\n<p>&nbsp;<\/p>\n<p>&nbsp;<\/p>\n<p>&nbsp;<\/p>\n<p>&nbsp;<\/p>\n<p><span style=\"color: #686868; font-family: 'Noto Sans', sans-serif; text-align: justify;\">\u2981\u00a0 Maximum smoothing and strengthening.<\/span><br style=\"color: #686868; font-family: 'Noto Sans', sans-serif; text-align: justify;\" \/><span style=\"color: #686868; font-family: 'Noto Sans', sans-serif; text-align: justify;\">\u2981\u00a0 Long lasting results with natural movement and glowing.<\/span><br style=\"color: #686868; font-family: 'Noto Sans', sans-serif; text-align: justify;\" \/><span style=\"color: #686868; font-family: 'Noto Sans', sans-serif; text-align: justify;\">\u2981\u00a0 Formaldehyde and derivatives free.<\/span><br style=\"color: #686868; font-family: 'Noto Sans', sans-serif; text-align: justify;\" \/><span style=\"color: #686868; font-family: 'Noto Sans', sans-serif; text-align: justify;\">\u2981\u00a0 Proudly made in Brazil.<\/span><br style=\"color: #686868; font-family: 'Noto Sans', sans-serif; text-align: justify;\" \/><span style=\"color: #686868; font-family: 'Noto Sans', sans-serif; text-align: justify;\">\u2981 Sin parabenos.<\/span><br style=\"color: #686868; font-family: 'Noto Sans', sans-serif; text-align: justify;\" \/><span style=\"color: #686868; font-family: 'Noto Sans', sans-serif; text-align: justify;\">\u2981 Libre de crueldad.<\/span><\/p>\n<p>&nbsp;<\/p>\n<p>&nbsp;<\/p>\n<p><span style=\"color: #686868; font-family: 'Noto Sans', sans-serif; text-align: justify;\">Uso externo. Mantener fuera del alcance de los ni\u00f1os en un lugar fresco y seco. En caso de contacto con los ojos, aclarar con abundante agua. Si se produce irritaci\u00f3n, suspenda su uso y busque atenci\u00f3n m\u00e9dica. No aplicar si el cuero cabelludo presenta irritaciones o abrasiones. No lo use si es al\u00e9rgico a alg\u00fan componente de la formulaci\u00f3n o si el producto cambia su apariencia<\/span><\/p>\n<p><span style=\"color: #686868; font-family: 'Noto Sans', sans-serif; text-align: justify;\"><strong>Ingredientes: <\/strong>Aqua, Cetearyl Alcohol, Cetrimonium Chloride, Glycerin, Paraffinum Liquidum, Stearamidopropyl Dimethylamine, Propylene Glycol, Hydroxypropyl Starch Phosphate, Ceteareth-20, Polyquaternium-7, Butyrospermum Parkii Butter, Dimethicone, Lactic Acid, Hydrolyzed Silk, Fucus Vesiculosus Extract, Hydrolyzed Wheat Protein, Arginine, Serine, Proline, Glycine, Alanine, Glutamic Acid,Aspartic Acid, Threonine, Isoleucine, Valine, Histidine HCL, Phenylalanine, Phenoxyethanol, Sodium PCA, Argania Spinosa Kernel Oil, Macadamia Ternifolia Nut Oil, Chamomilla Recutita Flower Extract, Camellia Sinensis Leaf Extract, Persea Gratissima (Avocado) Oil, Chenopodium Quinoa Extract, Disodium EDTA, Parfum, Benzyl Benzoate, Coumarin, Hydroxycitronellal, Chlorhexidine Digluconate, CI 16035.<br \/>\n<\/span><\/p>","protected":false},"excerpt":{"rendered":"<p>Monzina Smart Solution es una combinaci\u00f3n de ingredientes activos biotecnol\u00f3gicos que trabajan juntos para suavizar el cabello duro. La f\u00f3rmula tiene activos esenciales para una recuperaci\u00f3n completa del alisado y nutrici\u00f3n del cabello con total seguridad. D\u00edgale adi\u00f3s a los conservantes y productos qu\u00edmicos agresivos. Con Smart Solution el cabello adquiere un aspecto m\u00e1s natural, con un brillo intenso y se mantiene saludable y libre de agresiones.<\/p>","protected":false},"featured_media":5540,"comment_status":"open","ping_status":"closed","template":"","meta":[],"product_brand":[],"product_cat":[623,491],"product_tag":[],"class_list":{"0":"post-5541","1":"product","2":"type-product","3":"status-publish","4":"has-post-thumbnail","6":"product_cat-hair","7":"product_cat-smoothing","9":"first","10":"instock","11":"taxable","12":"shipping-taxable","13":"purchasable","14":"product-type-simple"},"_links":{"self":[{"href":"https:\/\/e-cosmeticos.com\/es\/wp-json\/wp\/v2\/product\/5541","targetHints":{"allow":["GET"]}}],"collection":[{"href":"https:\/\/e-cosmeticos.com\/es\/wp-json\/wp\/v2\/product"}],"about":[{"href":"https:\/\/e-cosmeticos.com\/es\/wp-json\/wp\/v2\/types\/product"}],"replies":[{"embeddable":true,"href":"https:\/\/e-cosmeticos.com\/es\/wp-json\/wp\/v2\/comments?post=5541"}],"wp:featuredmedia":[{"embeddable":true,"href":"https:\/\/e-cosmeticos.com\/es\/wp-json\/wp\/v2\/media\/5540"}],"wp:attachment":[{"href":"https:\/\/e-cosmeticos.com\/es\/wp-json\/wp\/v2\/media?parent=5541"}],"wp:term":[{"taxonomy":"product_brand","embeddable":true,"href":"https:\/\/e-cosmeticos.com\/es\/wp-json\/wp\/v2\/product_brand?post=5541"},{"taxonomy":"product_cat","embeddable":true,"href":"https:\/\/e-cosmeticos.com\/es\/wp-json\/wp\/v2\/product_cat?post=5541"},{"taxonomy":"product_tag","embeddable":true,"href":"https:\/\/e-cosmeticos.com\/es\/wp-json\/wp\/v2\/product_tag?post=5541"}],"curies":[{"name":"wp","href":"https:\/\/api.w.org\/{rel}","templated":true}]}}