{"id":5543,"date":"2021-06-14T15:57:11","date_gmt":"2021-06-14T15:57:11","guid":{"rendered":"https:\/\/e-cosmeticos.com\/?post_type=product&#038;p=5543"},"modified":"2026-02-11T11:46:01","modified_gmt":"2026-02-11T14:46:01","slug":"gold-caviar-protein-1l","status":"publish","type":"product","link":"https:\/\/e-cosmeticos.com\/es\/producto\/gold-caviar-protein-1l\/","title":{"rendered":"Prote\u00edna de Caviar de Oro 1L"},"content":{"rendered":"<div class=\"elementor-element elementor-element-8720d4b elementor-widget elementor-widget-text-editor\" style=\"font-family: Gilroy-Light, sans-serif; width: 634.19px; margin-bottom: 20px; font-size: 15px;\" data-id=\"8720d4b\" data-element_type=\"widget\" data-widget_type=\"text-editor.default\">\n<div class=\"elementor-widget-container\">\n<p style=\"border: 0px; font-style: inherit; font-weight: inherit; margin: 0px 0px 1.6em; padding: 0px; vertical-align: baseline;\">Modo de empleo: Dividir el cabello en 4 partes y aplicar el producto masajeando los mechones. Alinear las hebras con un peine y dejar actuar durante 40 minutos o m\u00e1s. Enjuagar el cabello eliminando solo el exceso de producto, secar el cabello con un secador de pelo 100%, planchar en mech\u00f3n muy fino con una plancha de Nano-titanio hasta que el mech\u00f3n brille 15 veces en promedio. Si lo prefiere, aplique la Mascarilla Gold Caviar sobre el cabello y d\u00e9jela por 20 minutos, enjuague y finalice.<\/p>\n<p>&nbsp;<\/p>\n<p style=\"border: 0px; font-style: inherit; font-weight: inherit; margin: 0px 0px 1.6em; padding: 0px; vertical-align: baseline;\">Ingredients: Aqua, Behentrimonium Methosulfate, Cetearyl Alcohol, Caviar Extract , Behentrimonium Chloride, Stearamydopropyl Dimethilamine, Butyrospermum Parkii (Shea) Butter, Hydrolyzed Wheat Protein, , Dimethicone , Lactic Acid, Citric Acid, Cocos Nuciferas Oil, Hydrolized Silk Protein, Serine, Glicine, Alanine, Parfum,  Amyl Cinnamal, Benzyl Alcohol, Benzyl Benzoate, Benzyl Salicylate, Cinnamal, Cinnamyl Alcohol, Citral, Citronellol, Coumarin, Geraniol, Hexyl Cinnamal, Hydroxycitronellal, Isoeugenol, Limonene, Linalool, Ci 19140.<\/p>\n<\/div>\n<\/div>\n<div class=\"elementor-element elementor-element-f752318 elementor-widget elementor-widget-heading\" style=\"width: 634.19px; color: #3a3a3a; font-family: -apple-system, BlinkMacSystemFont, 'Segoe UI', Roboto, Oxygen-Sans, Ubuntu, Cantarell, 'Helvetica Neue', sans-serif; font-size: 15px;\" data-id=\"f752318\" data-element_type=\"widget\" data-widget_type=\"heading.default\">\n<div class=\"elementor-widget-container\">\n<p class=\"elementor-heading-title elementor-size-default\" style=\"border: 0px; font-style: inherit; font-weight: 600; margin: 0px; padding: 0px; vertical-align: baseline; line-height: 1; color: #929292; font-family: Gilroy-Light, sans-serif;\">\n<\/div>\n<\/div>","protected":false},"excerpt":{"rendered":"<p>El tratamiento capilar Sweeteez Gold Caviar a base de prote\u00edna de trigo, prote\u00edna de seda, extracto de caviar, amino\u00e1cidos favorece la realineaci\u00f3n del cabello, la nutrici\u00f3n de la ra\u00edz hasta las puntas y la reconstrucci\u00f3n de las hebras. Su f\u00f3rmula \u00fanica tiene el poder de reducir el volumen y prolongar el efecto liss.<\/p>","protected":false},"featured_media":6596,"comment_status":"open","ping_status":"closed","template":"","meta":[],"product_brand":[],"product_cat":[623,491],"product_tag":[],"class_list":{"0":"post-5543","1":"product","2":"type-product","3":"status-publish","4":"has-post-thumbnail","6":"product_cat-hair","7":"product_cat-smoothing","9":"first","10":"instock","11":"taxable","12":"shipping-taxable","13":"purchasable","14":"product-type-simple"},"_links":{"self":[{"href":"https:\/\/e-cosmeticos.com\/es\/wp-json\/wp\/v2\/product\/5543","targetHints":{"allow":["GET"]}}],"collection":[{"href":"https:\/\/e-cosmeticos.com\/es\/wp-json\/wp\/v2\/product"}],"about":[{"href":"https:\/\/e-cosmeticos.com\/es\/wp-json\/wp\/v2\/types\/product"}],"replies":[{"embeddable":true,"href":"https:\/\/e-cosmeticos.com\/es\/wp-json\/wp\/v2\/comments?post=5543"}],"wp:featuredmedia":[{"embeddable":true,"href":"https:\/\/e-cosmeticos.com\/es\/wp-json\/wp\/v2\/media\/6596"}],"wp:attachment":[{"href":"https:\/\/e-cosmeticos.com\/es\/wp-json\/wp\/v2\/media?parent=5543"}],"wp:term":[{"taxonomy":"product_brand","embeddable":true,"href":"https:\/\/e-cosmeticos.com\/es\/wp-json\/wp\/v2\/product_brand?post=5543"},{"taxonomy":"product_cat","embeddable":true,"href":"https:\/\/e-cosmeticos.com\/es\/wp-json\/wp\/v2\/product_cat?post=5543"},{"taxonomy":"product_tag","embeddable":true,"href":"https:\/\/e-cosmeticos.com\/es\/wp-json\/wp\/v2\/product_tag?post=5543"}],"curies":[{"name":"wp","href":"https:\/\/api.w.org\/{rel}","templated":true}]}}