{"id":5690,"date":"2021-06-22T12:43:46","date_gmt":"2021-06-22T12:43:46","guid":{"rendered":"https:\/\/e-cosmeticos.com\/?post_type=product&#038;p=5690"},"modified":"2025-11-01T02:54:24","modified_gmt":"2025-11-01T05:54:24","slug":"maria-isabel-shampoo","status":"publish","type":"product","link":"https:\/\/e-cosmeticos.com\/es\/producto\/maria-isabel-shampoo\/","title":{"rendered":"Champ\u00fa Maria Isabel 300ml"},"content":{"rendered":"<p style=\"margin: 0px 0px 20px;padding: 0px;text-align: justify;color: #393939;font-family: myriad-pro-light, Arial, Helvetica, sans-serif\"><strong>C\u00f3mo utilizar:<\/strong>\u00a0Aplicar sobre el cabello mojado y lavar ligeramente por primera vez para eliminar los residuos que dificultan la formaci\u00f3n de espuma. Enjuague y vuelva a aplicar el champ\u00fa, masajeando suavemente el cuero cabelludo hasta formar una espuma rica y cremosa. Deslice la espuma hacia las puntas. Enjuagar. Despu\u00e9s de eso, use el acondicionador para el cuidado en el hogar.<\/p>\n<p style=\"margin: 0px 0px 20px;padding: 0px;text-align: justify;color: #393939;font-family: myriad-pro-light, Arial, Helvetica, sans-serif\"><strong>Ingredientes:<\/strong>\u00a0Agua, lauril sulfato de sodio, cocamidopropil beta\u00edna, cocamida Dea, diestearato de glicol, cocamida MEA, laureth-10, acetamida MEA, extracto de fucus vesiculosus, amodimeticona, trideceth-12, cloruro de cetrimonio, policuaternio-10, pelene-glicol, guarn-90M Cloruro de hidroxipropiltrimonio, col\u00e1geno hidrolizado, extracto de hoja de Rosmarinus Ocinalis, extracto de semilla de cacao de Theobroma, amino\u00e1cidos de seda, diestearato de Peg-150, EDTA dis\u00f3dico, fenoxietanol, caprilil glicol, fragancia, butilfenilmetilpropional, diclorometano, salicilato de bencilo, hexademallato de bencilo Linalool.<\/p>","protected":false},"excerpt":{"rendered":"<p>El Champ\u00fa Bioterapia Maria Isabel promueve la limpieza del cabello y el cuero cabelludo, eliminando las impurezas y la suciedad que pesan sobre los mechones. Formulado con Col\u00e1geno, prote\u00edna de seda, algas, extracto de romero y cacao, aporta fuerza, reparaci\u00f3n, protecci\u00f3n e hidrataci\u00f3n al cabello.<\/p>","protected":false},"featured_media":5689,"comment_status":"open","ping_status":"closed","template":"","meta":[],"product_brand":[],"product_cat":[486],"product_tag":[],"class_list":{"0":"post-5690","1":"product","2":"type-product","3":"status-publish","4":"has-post-thumbnail","6":"product_cat-shampoo","7":"product_shipping_class-cosmetics","9":"first","10":"instock","11":"taxable","12":"shipping-taxable","13":"purchasable","14":"product-type-simple"},"_links":{"self":[{"href":"https:\/\/e-cosmeticos.com\/es\/wp-json\/wp\/v2\/product\/5690","targetHints":{"allow":["GET"]}}],"collection":[{"href":"https:\/\/e-cosmeticos.com\/es\/wp-json\/wp\/v2\/product"}],"about":[{"href":"https:\/\/e-cosmeticos.com\/es\/wp-json\/wp\/v2\/types\/product"}],"replies":[{"embeddable":true,"href":"https:\/\/e-cosmeticos.com\/es\/wp-json\/wp\/v2\/comments?post=5690"}],"wp:featuredmedia":[{"embeddable":true,"href":"https:\/\/e-cosmeticos.com\/es\/wp-json\/wp\/v2\/media\/5689"}],"wp:attachment":[{"href":"https:\/\/e-cosmeticos.com\/es\/wp-json\/wp\/v2\/media?parent=5690"}],"wp:term":[{"taxonomy":"product_brand","embeddable":true,"href":"https:\/\/e-cosmeticos.com\/es\/wp-json\/wp\/v2\/product_brand?post=5690"},{"taxonomy":"product_cat","embeddable":true,"href":"https:\/\/e-cosmeticos.com\/es\/wp-json\/wp\/v2\/product_cat?post=5690"},{"taxonomy":"product_tag","embeddable":true,"href":"https:\/\/e-cosmeticos.com\/es\/wp-json\/wp\/v2\/product_tag?post=5690"}],"curies":[{"name":"wp","href":"https:\/\/api.w.org\/{rel}","templated":true}]}}