{"id":5692,"date":"2021-06-22T12:46:20","date_gmt":"2021-06-22T12:46:20","guid":{"rendered":"https:\/\/e-cosmeticos.com\/?post_type=product&#038;p=5692"},"modified":"2026-02-10T10:30:11","modified_gmt":"2026-02-10T13:30:11","slug":"maria-isabel-conditioner","status":"publish","type":"product","link":"https:\/\/e-cosmeticos.com\/es\/producto\/maria-isabel-conditioner\/","title":{"rendered":"Acondicionador Maria Isabel 300ml"},"content":{"rendered":"<p style=\"margin: 0px 0px 20px;padding: 0px;text-align: justify;color: #393939;font-family: myriad-pro-light, Arial, Helvetica, sans-serif\"><strong>C\u00f3mo utilizar:<\/strong>\u00a0Aplicar sobre cabello h\u00famedo y limpio. Empiece por las puntas, masajeando suavemente el cabello y deslizando los mechones de alambre (mechones) entre los dedos hasta que se desenreden. Dejar actuar unos minutos y aclarar abundantemente.<\/p>\n<p style=\"margin: 0px 0px 20px;padding: 0px;text-align: justify;color: #393939;font-family: myriad-pro-light, Arial, Helvetica, sans-serif\"><strong>Ingredientes:<\/strong>\u00a0Agua, alcohol cetear\u00edlico, metosulfato de behentrimonio, propilenglicol, cloruro de cetrimonio, miristato de isopropilo, aceite de Prunus Amygdalus Dulcis (almendra dulce), extracto de semilla de Theobroma Cacao, aceite de semilla de Corylus Avellana, Polyquaternium-10, Polyquaternium-7, Guartrimonium-90m Cloruro, octildodecanol, ceteareth-20, extracto de hipnea musciforme, atelocol\u00e1geno, glucosaminoglicanos, prote\u00edna de trigo hidrolizada de hidroxipropiltrimonio, palmitato de retinilo, acetato de tocoferilo, \u00e1cido pantot\u00e9nico, col\u00e1geno hidrolizado, extracto de hoja de rosalina, extracto de seda de pantotenina, extracto de seda de la rosada de las hojas, extracto de seda de la rosada de las hojas, extracto de seda de las hojas de hidr\u00f3xido de hidroxipropiltrimonio. , Serina, Prolina, Glicina, Alanina, \u00c1cido Glut\u00e1mico, \u00c1cido Asp\u00e1rtico, Treonina, Creatina, DMDM Hidanto\u00edna, Fenoxietanol, EDTA Dis\u00f3dico, Metilcloroisotiazolinona, Metilisotiazolinona, Fragancia, Butilfenilmetilpropional, Dilanalicilato de bencilodeh\u00eddo, Cinamalinil-salicilato.<\/p>","protected":false},"excerpt":{"rendered":"<p>El Acondicionador Bioterapia Maria Isabel promueve el cuidado del cabello aportando hidrataci\u00f3n y mejorando las propiedades sensoriales del cabello. Formulado con Col\u00e1geno, prote\u00edna de seda, algas, extracto de romero y cacao, aporta fuerza, flexibilidad, brillo, nutrici\u00f3n e hidrataci\u00f3n, realzando la belleza del cabello.<\/p>","protected":false},"featured_media":5691,"comment_status":"open","ping_status":"closed","template":"","meta":[],"product_brand":[],"product_cat":[487,623],"product_tag":[],"class_list":{"0":"post-5692","1":"product","2":"type-product","3":"status-publish","4":"has-post-thumbnail","6":"product_cat-conditioner","7":"product_cat-hair","9":"first","10":"instock","11":"taxable","12":"shipping-taxable","13":"purchasable","14":"product-type-simple"},"_links":{"self":[{"href":"https:\/\/e-cosmeticos.com\/es\/wp-json\/wp\/v2\/product\/5692","targetHints":{"allow":["GET"]}}],"collection":[{"href":"https:\/\/e-cosmeticos.com\/es\/wp-json\/wp\/v2\/product"}],"about":[{"href":"https:\/\/e-cosmeticos.com\/es\/wp-json\/wp\/v2\/types\/product"}],"replies":[{"embeddable":true,"href":"https:\/\/e-cosmeticos.com\/es\/wp-json\/wp\/v2\/comments?post=5692"}],"wp:featuredmedia":[{"embeddable":true,"href":"https:\/\/e-cosmeticos.com\/es\/wp-json\/wp\/v2\/media\/5691"}],"wp:attachment":[{"href":"https:\/\/e-cosmeticos.com\/es\/wp-json\/wp\/v2\/media?parent=5692"}],"wp:term":[{"taxonomy":"product_brand","embeddable":true,"href":"https:\/\/e-cosmeticos.com\/es\/wp-json\/wp\/v2\/product_brand?post=5692"},{"taxonomy":"product_cat","embeddable":true,"href":"https:\/\/e-cosmeticos.com\/es\/wp-json\/wp\/v2\/product_cat?post=5692"},{"taxonomy":"product_tag","embeddable":true,"href":"https:\/\/e-cosmeticos.com\/es\/wp-json\/wp\/v2\/product_tag?post=5692"}],"curies":[{"name":"wp","href":"https:\/\/api.w.org\/{rel}","templated":true}]}}