{"id":5698,"date":"2021-06-22T12:52:57","date_gmt":"2021-06-22T12:52:57","guid":{"rendered":"https:\/\/e-cosmeticos.com\/?post_type=product&#038;p=5698"},"modified":"2022-09-06T08:16:28","modified_gmt":"2022-09-06T11:16:28","slug":"monzina-serum","status":"publish","type":"product","link":"https:\/\/e-cosmeticos.com\/es\/producto\/monzina-serum\/","title":{"rendered":"Suero Monzina 80ml"},"content":{"rendered":"<p><span style=\"color: #686868;font-family: 'Noto Sans', sans-serif;text-align: justify\">\u00a0Aplicar uniformemente sobre el cabello seco o secado con toalla y peinar. No se necesita enjuagar.<\/span><\/p>\n<p>&nbsp;<\/p>\n<p>&nbsp;<\/p>\n<p><span style=\"color: #686868;font-family: 'Noto Sans', sans-serif;text-align: justify\">Benzotriazolil dodecil p-cresol, benzoato de alquilo C-12-15, acetato de tocoferilo, perfume, benzoato de bencilo, cumarina, hidroxicitronelal, CI 15985.<br \/>\n<\/span><\/p>\n<p>&nbsp;<\/p>\n<p><span style=\"color: #686868;font-family: 'Noto Sans', sans-serif;text-align: justify\">\u2981 Desenreda el cabello.<\/span><br style=\"color: #686868;font-family: 'Noto Sans', sans-serif;text-align: justify\" \/><span style=\"color: #686868;font-family: 'Noto Sans', sans-serif;text-align: justify\">\u2981 Acondiciona la fibra capilar.<\/span><br style=\"color: #686868;font-family: 'Noto Sans', sans-serif;text-align: justify\" \/><span style=\"color: #686868;font-family: 'Noto Sans', sans-serif;text-align: justify\">\u2981 Protege contra el calor de las planchas y el secador de pelo.<\/span><br style=\"color: #686868;font-family: 'Noto Sans', sans-serif;text-align: justify\" \/><span style=\"color: #686868;font-family: 'Noto Sans', sans-serif;text-align: justify\">\u2981 Aumenta el brillo.<\/span><br style=\"color: #686868;font-family: 'Noto Sans', sans-serif;text-align: justify\" \/><span style=\"color: #686868;font-family: 'Noto Sans', sans-serif;text-align: justify\">\u2981 Elimina el encrespamiento<\/span><br style=\"color: #686868;font-family: 'Noto Sans', sans-serif;text-align: justify\" \/><span style=\"color: #686868;font-family: 'Noto Sans', sans-serif;text-align: justify\">\u2981 Reparar las puntas abiertas<\/span><br style=\"color: #686868;font-family: 'Noto Sans', sans-serif;text-align: justify\" \/><span style=\"color: #686868;font-family: 'Noto Sans', sans-serif;text-align: justify\">\u2981 Libre de crueldad.<\/span><br style=\"color: #686868;font-family: 'Noto Sans', sans-serif;text-align: justify\" \/><span style=\"color: #686868;font-family: 'Noto Sans', sans-serif;text-align: justify\">\u2981 Sin parabenos.<\/span><\/p>\n<p>&nbsp;<\/p>\n<p><span style=\"color: #686868;font-family: 'Noto Sans', sans-serif;text-align: justify\">Uso externo. Mantener fuera del alcance de los ni\u00f1os en un lugar fresco y seco. En caso de contacto con los ojos, aclarar con abundante agua. Si se produce irritaci\u00f3n, suspenda su uso y busque atenci\u00f3n m\u00e9dica. No aplicar si el cuero cabelludo presenta irritaciones o abrasiones. No lo use si es al\u00e9rgico a alg\u00fan componente de la formulaci\u00f3n o si el producto cambia su apariencia<\/span><\/p>","protected":false},"excerpt":{"rendered":"<p>Monzina Smart Serum es un concentrado de aceites y siliconas solubles con la capacidad de dar brillo y sellar el cabello de manera uniforme. Reparaci\u00f3n de puntas abiertas 100%.<\/p>","protected":false},"featured_media":5697,"comment_status":"open","ping_status":"closed","template":"","meta":[],"product_brand":[],"product_cat":[493,623],"product_tag":[],"class_list":{"0":"post-5698","1":"product","2":"type-product","3":"status-publish","4":"has-post-thumbnail","6":"product_cat-finishers","7":"product_cat-hair","9":"first","10":"outofstock","11":"taxable","12":"shipping-taxable","13":"purchasable","14":"product-type-simple"},"_links":{"self":[{"href":"https:\/\/e-cosmeticos.com\/es\/wp-json\/wp\/v2\/product\/5698","targetHints":{"allow":["GET"]}}],"collection":[{"href":"https:\/\/e-cosmeticos.com\/es\/wp-json\/wp\/v2\/product"}],"about":[{"href":"https:\/\/e-cosmeticos.com\/es\/wp-json\/wp\/v2\/types\/product"}],"replies":[{"embeddable":true,"href":"https:\/\/e-cosmeticos.com\/es\/wp-json\/wp\/v2\/comments?post=5698"}],"wp:featuredmedia":[{"embeddable":true,"href":"https:\/\/e-cosmeticos.com\/es\/wp-json\/wp\/v2\/media\/5697"}],"wp:attachment":[{"href":"https:\/\/e-cosmeticos.com\/es\/wp-json\/wp\/v2\/media?parent=5698"}],"wp:term":[{"taxonomy":"product_brand","embeddable":true,"href":"https:\/\/e-cosmeticos.com\/es\/wp-json\/wp\/v2\/product_brand?post=5698"},{"taxonomy":"product_cat","embeddable":true,"href":"https:\/\/e-cosmeticos.com\/es\/wp-json\/wp\/v2\/product_cat?post=5698"},{"taxonomy":"product_tag","embeddable":true,"href":"https:\/\/e-cosmeticos.com\/es\/wp-json\/wp\/v2\/product_tag?post=5698"}],"curies":[{"name":"wp","href":"https:\/\/api.w.org\/{rel}","templated":true}]}}