{"id":5700,"date":"2021-06-22T12:55:58","date_gmt":"2021-06-22T12:55:58","guid":{"rendered":"https:\/\/e-cosmeticos.com\/?post_type=product&#038;p=5700"},"modified":"2022-09-06T08:23:57","modified_gmt":"2022-09-06T11:23:57","slug":"monzina-shampoo","status":"publish","type":"product","link":"https:\/\/e-cosmeticos.com\/es\/producto\/monzina-shampoo\/","title":{"rendered":"Champ\u00fa Monzina 500ml"},"content":{"rendered":"<p style=\"border: 0px;margin: 0px 0px 1.6em;padding: 0px;vertical-align: baseline;color: #686868;font-family: 'Noto Sans', sans-serif\">\u2981\u00a0 Apply on wet hair and wash slightly first time to remove the waste that hinder the formation of foam.<\/p>\n<p style=\"border: 0px;margin: 0px 0px 1.6em;padding: 0px;vertical-align: baseline;color: #686868;font-family: 'Noto Sans', sans-serif\">\u2981\u00a0 Rinse and reapply the shampoo, massaging the scalp gently until it forms a rich, creamy foam, slide lather to the tips then rinse the hair.<\/p>\n<p style=\"border: 0px;margin: 0px 0px 1.6em;padding: 0px;vertical-align: baseline;color: #686868;font-family: 'Noto Sans', sans-serif\">\u2981\u00a0 Follow with Monzina Smart Conditioner for best results.<\/p>\n<p>&nbsp;<\/p>\n<p><span style=\"color: #686868;font-family: 'Noto Sans', sans-serif;text-align: justify\">Aqua, Cocamidopropyl Betaine, Disodium Laureth Sulfosuccinate, Lauryl Glucoside, Sodium Lauroyl Sarcosinate, Polyquaternium-7, Cocamide MEA, Sodium Cocoamphoacetate, PEG-75 Lanolin, Glycerin, PEG-150 Distearate, Tridecth-12, Hydroxypropyl Starch Phosphate,Guar Hydroxypropyltrimonium Chloride, Polysorbate 20, Glycol Distearate, Laureth-4, Peg-40 Castor Oil, EDTA Disodium, Citric Acid, PEG-40\/PPG-8 Methilaminopropryl Hydroxipropyl Dimethicone Copolymer, PEG\/PPG-120\/10 Trimethylolpropane Trioleate, Laureth-2, Silk Protein Hydrolyzed, Quillaja Saponaria Extract, Hypnea Musciformis Extract, Atelocollagen, Glycosaminoglycans, Hydroxypropyltrimonium Hydrolyzed Wheat Protein, Retinyl Palmitate Tocopheryl Acetate, Pantothenic Acid, Parfum, Benzyl Benzoate, Coumarin, Hydroxycitronellal, Chlorhexidine Digluconate, CI 16035.<br \/>\n<\/span><\/p>\n<p>&nbsp;<\/p>\n<p>&nbsp;<\/p>\n<p><span style=\"color: #686868;font-family: 'Noto Sans', sans-serif;text-align: justify\">\u2981\u00a0 Sulfate Free.<\/span><br style=\"color: #686868;font-family: 'Noto Sans', sans-serif;text-align: justify\" \/><span style=\"color: #686868;font-family: 'Noto Sans', sans-serif;text-align: justify\">\u2981\u00a0 Gently cleanse hair.<\/span><br style=\"color: #686868;font-family: 'Noto Sans', sans-serif;text-align: justify\" \/><span style=\"color: #686868;font-family: 'Noto Sans', sans-serif;text-align: justify\">\u2981\u00a0 Revitalize and bodify the fibers.<\/span><br style=\"color: #686868;font-family: 'Noto Sans', sans-serif;text-align: justify\" \/><span style=\"color: #686868;font-family: 'Noto Sans', sans-serif;text-align: justify\">\u2981\u00a0\u00a0Stronger Fibers.<\/span><br style=\"color: #686868;font-family: 'Noto Sans', sans-serif;text-align: justify\" \/><span style=\"color: #686868;font-family: 'Noto Sans', sans-serif;text-align: justify\">\u2981 Color seguro.<\/span><br style=\"color: #686868;font-family: 'Noto Sans', sans-serif;text-align: justify\" \/><span style=\"color: #686868;font-family: 'Noto Sans', sans-serif;text-align: justify\">\u2981 Sin parabenos.<\/span><br style=\"color: #686868;font-family: 'Noto Sans', sans-serif;text-align: justify\" \/><span style=\"color: #686868;font-family: 'Noto Sans', sans-serif;text-align: justify\">\u2981 Libre de crueldad.<\/span><\/p>\n<p>&nbsp;<\/p>\n<p>&nbsp;<\/p>\n<p><span style=\"color: #686868;font-family: 'Noto Sans', sans-serif;text-align: justify\">Uso externo. Mantener fuera del alcance de los ni\u00f1os en un lugar fresco y seco. En caso de contacto con los ojos, aclarar con abundante agua. Si se produce irritaci\u00f3n, suspenda su uso y busque atenci\u00f3n m\u00e9dica. No aplicar si el cuero cabelludo presenta irritaciones o abrasiones. No lo use si es al\u00e9rgico a alg\u00fan componente de la formulaci\u00f3n o si el producto cambia su apariencia<\/span><\/p>","protected":false},"excerpt":{"rendered":"<p>Monzina Smart Shampoo fue desarrollado con mezclas de vitaminas y prote\u00ednas con capacidad nutritiva y reestructurante para la cut\u00edcula del cabello. Contiene Silk Protein en su f\u00f3rmula que, adem\u00e1s de hidratar, mejora la elasticidad de las fibras capilares.<\/p>","protected":false},"featured_media":5699,"comment_status":"open","ping_status":"closed","template":"","meta":[],"product_brand":[],"product_cat":[623,486],"product_tag":[],"class_list":{"0":"post-5700","1":"product","2":"type-product","3":"status-publish","4":"has-post-thumbnail","6":"product_cat-hair","7":"product_cat-shampoo","9":"first","10":"outofstock","11":"taxable","12":"shipping-taxable","13":"purchasable","14":"product-type-simple"},"_links":{"self":[{"href":"https:\/\/e-cosmeticos.com\/es\/wp-json\/wp\/v2\/product\/5700","targetHints":{"allow":["GET"]}}],"collection":[{"href":"https:\/\/e-cosmeticos.com\/es\/wp-json\/wp\/v2\/product"}],"about":[{"href":"https:\/\/e-cosmeticos.com\/es\/wp-json\/wp\/v2\/types\/product"}],"replies":[{"embeddable":true,"href":"https:\/\/e-cosmeticos.com\/es\/wp-json\/wp\/v2\/comments?post=5700"}],"wp:featuredmedia":[{"embeddable":true,"href":"https:\/\/e-cosmeticos.com\/es\/wp-json\/wp\/v2\/media\/5699"}],"wp:attachment":[{"href":"https:\/\/e-cosmeticos.com\/es\/wp-json\/wp\/v2\/media?parent=5700"}],"wp:term":[{"taxonomy":"product_brand","embeddable":true,"href":"https:\/\/e-cosmeticos.com\/es\/wp-json\/wp\/v2\/product_brand?post=5700"},{"taxonomy":"product_cat","embeddable":true,"href":"https:\/\/e-cosmeticos.com\/es\/wp-json\/wp\/v2\/product_cat?post=5700"},{"taxonomy":"product_tag","embeddable":true,"href":"https:\/\/e-cosmeticos.com\/es\/wp-json\/wp\/v2\/product_tag?post=5700"}],"curies":[{"name":"wp","href":"https:\/\/api.w.org\/{rel}","templated":true}]}}