{"id":5702,"date":"2021-06-22T13:02:06","date_gmt":"2021-06-22T13:02:06","guid":{"rendered":"https:\/\/e-cosmeticos.com\/?post_type=product&#038;p=5702"},"modified":"2022-09-06T08:25:25","modified_gmt":"2022-09-06T11:25:25","slug":"monzina-conditioner","status":"publish","type":"product","link":"https:\/\/e-cosmeticos.com\/es\/producto\/monzina-conditioner\/","title":{"rendered":"Acondicionador Monzina 500ml"},"content":{"rendered":"<p style=\"border: 0px;margin: 0px 0px 1.6em;padding: 0px;vertical-align: baseline;color: #686868;font-family: 'Noto Sans', sans-serif;text-align: justify\">\u2981 Aplicar sobre el cabello reci\u00e9n lavado.<\/p>\n<p style=\"border: 0px;margin: 0px 0px 1.6em;padding: 0px;vertical-align: baseline;color: #686868;font-family: 'Noto Sans', sans-serif;text-align: justify\">\u2981 Empiece por las puntas, masajeando suavemente el cabello y deslizando los mechones entre los dedos hasta que se desenreden.<\/p>\n<p style=\"border: 0px;margin: 0px 0px 1.6em;padding: 0px;vertical-align: baseline;color: #686868;font-family: 'Noto Sans', sans-serif;text-align: justify\">\u2981 Dejar actuar unos minutos y aclarar abundantemente.<\/p>\n<p>&nbsp;<\/p>\n<p>&nbsp;<\/p>\n<p><span style=\"color: #686868;font-family: 'Noto Sans', sans-serif;text-align: justify\">Agua, alcohol cetear\u00edlico, metosulfato de behentrimonio, cloruro de centrimonio, octildodecano, propilenglicol, estearamidopropil dimetilamina, prote\u00edna de seda hidrolizada, PEG-40, PPG-8 metilaminopropilo, hidroxipropil dimeticona, copol\u00edmero de hidroxipropilo-7, hidroxipropilimeticona, hidroxipropilo-7-hidroxicloruro de magnesio, hidroxi Prote\u00edna de trigo, palmitato de retinilo, acetato de tocoferilo, \u00e1cido pantot\u00e9nico, cloruro de behentrimonio, Ricinus communis, extracto de quillaja saponaria, butilenglicol, extracto de semilla de glicina soja (soja), extracto de fruta de Elaeis guineensis (palma), oriza sativa, extracto de butilparabietanol, fenoxi-fenoxilo. Etilparabeno, metilparabeno, propilparabeno, \u00e1cido c\u00edtrico, perfume, benzoato de bencilo, cumarina, hidroxicitronelal, digluconato de clorhexidina, CI 16035.<br \/>\n<\/span><\/p>\n<p>&nbsp;<\/p>\n<p>&nbsp;<\/p>\n<p><span style=\"color: #686868;font-family: 'Noto Sans', sans-serif;text-align: justify\">\u2981 Reducci\u00f3n de roturas.<\/span><br style=\"color: #686868;font-family: 'Noto Sans', sans-serif;text-align: justify\" \/><span style=\"color: #686868;font-family: 'Noto Sans', sans-serif;text-align: justify\">\u2981 Reducci\u00f3n de puntas abiertas.<\/span><br style=\"color: #686868;font-family: 'Noto Sans', sans-serif;text-align: justify\" \/><span style=\"color: #686868;font-family: 'Noto Sans', sans-serif;text-align: justify\">\u2981 Nutre e hidrata las fibras capilares.<\/span><br style=\"color: #686868;font-family: 'Noto Sans', sans-serif;text-align: justify\" \/><span style=\"color: #686868;font-family: 'Noto Sans', sans-serif;text-align: justify\">\u2981 Lucha contra el frizz.<\/span><br style=\"color: #686868;font-family: 'Noto Sans', sans-serif;text-align: justify\" \/><span style=\"color: #686868;font-family: 'Noto Sans', sans-serif;text-align: justify\">\u2981 Potenciador de brillo<\/span><br style=\"color: #686868;font-family: 'Noto Sans', sans-serif;text-align: justify\" \/><span style=\"color: #686868;font-family: 'Noto Sans', sans-serif;text-align: justify\">\u2981 Color seguro.<\/span><br style=\"color: #686868;font-family: 'Noto Sans', sans-serif;text-align: justify\" \/><span style=\"color: #686868;font-family: 'Noto Sans', sans-serif;text-align: justify\">\u2981 Sin sulfatos.<\/span><br style=\"color: #686868;font-family: 'Noto Sans', sans-serif;text-align: justify\" \/><span style=\"color: #686868;font-family: 'Noto Sans', sans-serif;text-align: justify\">\u2981 Sin parabenos.<\/span><br style=\"color: #686868;font-family: 'Noto Sans', sans-serif;text-align: justify\" \/><span style=\"color: #686868;font-family: 'Noto Sans', sans-serif;text-align: justify\">\u2981 Libre de crueldad.<\/span><\/p>\n<p>&nbsp;<\/p>\n<p>&nbsp;<\/p>\n<p><span style=\"color: #686868;font-family: 'Noto Sans', sans-serif;text-align: justify\">Uso externo. Mantener fuera del alcance de los ni\u00f1os en un lugar fresco y seco. En caso de contacto con los ojos, aclarar con abundante agua. Si se produce irritaci\u00f3n, suspenda su uso y busque atenci\u00f3n m\u00e9dica. No aplicar si el cuero cabelludo presenta irritaciones o abrasiones. No lo use si es al\u00e9rgico a alg\u00fan componente de la formulaci\u00f3n o si el producto cambia su apariencia<\/span><\/p>","protected":false},"excerpt":{"rendered":"<p>Monzina Smart Conditioner contiene en su f\u00f3rmula una mezcla de prote\u00ednas y vitaminas con acci\u00f3n reestructurante de la hebra, adem\u00e1s de contener un potente antioxidante de origen vegetal que protege el color y la fibra del cabello de la fotodegradaci\u00f3n y da\u00f1o de la radiaci\u00f3n UV.<\/p>","protected":false},"featured_media":5701,"comment_status":"open","ping_status":"closed","template":"","meta":[],"product_brand":[],"product_cat":[487,623],"product_tag":[],"class_list":{"0":"post-5702","1":"product","2":"type-product","3":"status-publish","4":"has-post-thumbnail","6":"product_cat-conditioner","7":"product_cat-hair","9":"first","10":"outofstock","11":"taxable","12":"shipping-taxable","13":"purchasable","14":"product-type-simple"},"_links":{"self":[{"href":"https:\/\/e-cosmeticos.com\/es\/wp-json\/wp\/v2\/product\/5702","targetHints":{"allow":["GET"]}}],"collection":[{"href":"https:\/\/e-cosmeticos.com\/es\/wp-json\/wp\/v2\/product"}],"about":[{"href":"https:\/\/e-cosmeticos.com\/es\/wp-json\/wp\/v2\/types\/product"}],"replies":[{"embeddable":true,"href":"https:\/\/e-cosmeticos.com\/es\/wp-json\/wp\/v2\/comments?post=5702"}],"wp:featuredmedia":[{"embeddable":true,"href":"https:\/\/e-cosmeticos.com\/es\/wp-json\/wp\/v2\/media\/5701"}],"wp:attachment":[{"href":"https:\/\/e-cosmeticos.com\/es\/wp-json\/wp\/v2\/media?parent=5702"}],"wp:term":[{"taxonomy":"product_brand","embeddable":true,"href":"https:\/\/e-cosmeticos.com\/es\/wp-json\/wp\/v2\/product_brand?post=5702"},{"taxonomy":"product_cat","embeddable":true,"href":"https:\/\/e-cosmeticos.com\/es\/wp-json\/wp\/v2\/product_cat?post=5702"},{"taxonomy":"product_tag","embeddable":true,"href":"https:\/\/e-cosmeticos.com\/es\/wp-json\/wp\/v2\/product_tag?post=5702"}],"curies":[{"name":"wp","href":"https:\/\/api.w.org\/{rel}","templated":true}]}}