{"id":6398,"date":"2021-08-03T14:41:12","date_gmt":"2021-08-03T14:41:12","guid":{"rendered":"https:\/\/e-cosmeticos.com\/?post_type=product&#038;p=6398"},"modified":"2021-09-27T17:51:01","modified_gmt":"2021-09-27T20:51:01","slug":"gold-caviar-hair-straightener","status":"publish","type":"product","link":"https:\/\/e-cosmeticos.com\/es\/producto\/gold-caviar-hair-straightener\/","title":{"rendered":"Plancha de pelo Gold Caviar"},"content":{"rendered":"<p class=\"aLF-aPX-K0-aPE\">El alisador de cabello Gold Caviar es una excelente plancha para alisar el cabello con IC de nivel profesional. Est\u00e1 hecho con nano titanio con placas de cer\u00e1mica y turmalina para conducir el calor y mantener la estabilidad en temperaturas ultra altas. No solo se calienta r\u00e1pidamente en segundos, los elementos calefactores de cer\u00e1mica MHC con calor infrarrojo proporcionan iones negativos que hacen que tu cabello sea brillante y suave.<\/p>\n<p class=\"aLF-aPX-K0-aPE\"><strong>CARACTERISTICAS:<\/strong><\/p>\n<p class=\"aLF-aPX-K0-aPE\">Esta es una excelente plancha alisadora de cabello con nivel profesional IC.<\/p>\n<p class=\"aLF-aPX-K0-aPE\">La pantalla LCD digital s\u00faper grande le muestra una vista clara.<\/p>\n<p class=\"aLF-aPX-K0-aPE\">Los elementos calefactores de cer\u00e1mica MCH con calor infrarrojo proporcionan iones negativos que hacen que su cabello sea brillante y suave.<\/p>\n<p class=\"aLF-aPX-K0-aPE\">Calor r\u00e1pido en segundos. El nano titanio con placas de cer\u00e1mica y turmalina conduce el calor y mantiene la estabilidad en temperaturas ultra altas.<\/p>\n<p class=\"aLF-aPX-K0-aPE\">El voltaje universal se ajusta autom\u00e1ticamente al voltaje local para un rendimiento \u00f3ptimo.<\/p>\n<p class=\"aLF-aPX-K0-aPE\">Recto, rizado y volteado en uno con cuerpo curvo y borde redondeado.<\/p>\n<p class=\"aLF-aPX-K0-aPE\">Cable giratorio largo profesional de 360 grados con gancho para colgar.<\/p>\n<p class=\"aLF-aPX-K0-aPE\">Funci\u00f3n de apagado autom\u00e1tico.<\/p>\n<p class=\"aLF-aPX-K0-aPE\">Bot\u00f3n de bloqueo de temperatura y botones de acceso directo.<\/p>","protected":false},"excerpt":{"rendered":"<div>La plancha de pelo Gold Caviar es una excelente plancha alisadora de cabello con nivel profesional IC. Est\u00e1 fabricado con nano titanio con placas de cer\u00e1mica y turmalina para conducir el calor y mantener la estabilidad en temperaturas ultra altas.<\/div>\n<div><\/div>\n<div>No solo se calienta r\u00e1pido en segundos, los elementos calefactores de cer\u00e1mica MHC con calor infrarrojo proporcionan iones negativos que hacen que tu cabello sea brillante y suave.<\/div>\n<p>CARACTERISTICAS:<\/p>\n<p>Esta es una excelente plancha alisadora de cabello con nivel profesional IC.<\/p>\n<p>La pantalla LCD digital s\u00faper grande le muestra una vista clara.<\/p>\n<p>Los elementos calefactores de cer\u00e1mica MCH con calor infrarrojo proporcionan iones negativos que hacen que su cabello sea brillante y suave.<\/p>\n<p>Calor r\u00e1pido en segundos. El nano titanio con placas de cer\u00e1mica y turmalina conduce el calor y mantiene la estabilidad en temperaturas ultra altas.<\/p>\n<p>El voltaje universal se ajusta autom\u00e1ticamente al voltaje local para un rendimiento \u00f3ptimo.<\/p>\n<p>Recto, rizado y volteado en uno con cuerpo curvo y borde redondeado.<\/p>\n<p>Cable giratorio largo profesional de 360 grados con gancho para colgar.<\/p>\n<p>Funci\u00f3n de apagado autom\u00e1tico.<\/p>\n<p>Bot\u00f3n de bloqueo de temperatura y botones de acceso directo.<\/p>","protected":false},"featured_media":6632,"comment_status":"open","ping_status":"closed","template":"","meta":[],"product_brand":[],"product_cat":[472],"product_tag":[],"class_list":{"0":"post-6398","1":"product","2":"type-product","3":"status-publish","4":"has-post-thumbnail","6":"product_cat-hair-straighteners-flat-irons","8":"first","9":"outofstock","10":"taxable","11":"shipping-taxable","12":"purchasable","13":"product-type-simple"},"_links":{"self":[{"href":"https:\/\/e-cosmeticos.com\/es\/wp-json\/wp\/v2\/product\/6398","targetHints":{"allow":["GET"]}}],"collection":[{"href":"https:\/\/e-cosmeticos.com\/es\/wp-json\/wp\/v2\/product"}],"about":[{"href":"https:\/\/e-cosmeticos.com\/es\/wp-json\/wp\/v2\/types\/product"}],"replies":[{"embeddable":true,"href":"https:\/\/e-cosmeticos.com\/es\/wp-json\/wp\/v2\/comments?post=6398"}],"wp:featuredmedia":[{"embeddable":true,"href":"https:\/\/e-cosmeticos.com\/es\/wp-json\/wp\/v2\/media\/6632"}],"wp:attachment":[{"href":"https:\/\/e-cosmeticos.com\/es\/wp-json\/wp\/v2\/media?parent=6398"}],"wp:term":[{"taxonomy":"product_brand","embeddable":true,"href":"https:\/\/e-cosmeticos.com\/es\/wp-json\/wp\/v2\/product_brand?post=6398"},{"taxonomy":"product_cat","embeddable":true,"href":"https:\/\/e-cosmeticos.com\/es\/wp-json\/wp\/v2\/product_cat?post=6398"},{"taxonomy":"product_tag","embeddable":true,"href":"https:\/\/e-cosmeticos.com\/es\/wp-json\/wp\/v2\/product_tag?post=6398"}],"curies":[{"name":"wp","href":"https:\/\/api.w.org\/{rel}","templated":true}]}}