{"id":6409,"date":"2021-08-03T15:39:57","date_gmt":"2021-08-03T15:39:57","guid":{"rendered":"https:\/\/e-cosmeticos.com\/?post_type=product&#038;p=6409"},"modified":"2025-11-02T22:27:17","modified_gmt":"2025-11-03T01:27:17","slug":"active-collagen-pro-heal-120ml","status":"publish","type":"product","link":"https:\/\/e-cosmeticos.com\/es\/producto\/active-collagen-pro-heal-120ml\/","title":{"rendered":"Col\u00e1geno activo Pro-Heal 120ml"},"content":{"rendered":"<p>Pro-Heal Active Collagen mantiene el efecto suave del cepillo durante mucho m\u00e1s tiempo y protege el cabello del calor del secador. Su f\u00f3rmula rica en Col\u00e1geno y Coenzima Q10 mantiene la protecci\u00f3n de las hebras y sella las cut\u00edculas protegiendo el cabello de la acci\u00f3n externa. Junto con el Col\u00e1geno la Co Enzima Q10 y el poder entre ellos, protege contra el estr\u00e9s oxidativo producido por la radiaci\u00f3n UVA, suprime la acci\u00f3n de la colagenasa tras la exposici\u00f3n a la radiaci\u00f3n UV. Resultado: cabello sin frizz, hidratado y con intenso brillo. Efecto Suave o modelado.<\/p>\n<p><strong>C\u00f3mo utilizar:<\/strong> With clean and moist hair, apply a small amount of Leave in Pro-Heal Active Collagen at length and ends, gently massaging strand by strand. Do not rinse.<\/p>\n<p><strong>Ingredientes:<\/strong> Sodium Polyacrylate; Dimethicone; Cyclopentasiloxane; Trideceth-6; PEG\/PPG-18\/18 Dimethicone ; Aqua; Aminopropyl Phenyl Trimethicone; Keratin Amino Acid; EDTA Disodium, Methylchloroisothiazolinone; Methylisothiazolinone; Benzyl Benzoate; Benzyl Alcohol; Cinnamal; Cinnamyl Alcohol; Citral; Citronellol; Coumarin; Eugenol; Geraniol; Isoeugenol; Limonene; Linalool; CI 47005; CI 60730; Hydrolyzed Collagen; Ubiquinona<\/p>","protected":false},"excerpt":{"rendered":"<p>Pro-Heal Active Collagen mantiene el efecto suave del cepillo durante mucho m\u00e1s tiempo y protege el cabello del calor del secador. Su f\u00f3rmula rica en Col\u00e1geno y Coenzima Q10 mantiene la protecci\u00f3n de las hebras y sella las cut\u00edculas protegiendo el cabello de la acci\u00f3n externa. Junto con el Col\u00e1geno la Co Enzima Q10 y el poder entre ellos, protege contra el estr\u00e9s oxidativo producido por la radiaci\u00f3n UVA, suprime la acci\u00f3n de la colagenasa tras la exposici\u00f3n a la radiaci\u00f3n UV. Resultado: cabello sin frizz, hidratado y con intenso brillo. Efecto Suave o modelado.<\/p>","protected":false},"featured_media":6408,"comment_status":"open","ping_status":"closed","template":"","meta":[],"product_brand":[],"product_cat":[623,488],"product_tag":[],"class_list":{"0":"post-6409","1":"product","2":"type-product","3":"status-publish","4":"has-post-thumbnail","6":"product_cat-hair","7":"product_cat-leave-in","9":"first","10":"outofstock","11":"taxable","12":"shipping-taxable","13":"purchasable","14":"product-type-simple"},"_links":{"self":[{"href":"https:\/\/e-cosmeticos.com\/es\/wp-json\/wp\/v2\/product\/6409","targetHints":{"allow":["GET"]}}],"collection":[{"href":"https:\/\/e-cosmeticos.com\/es\/wp-json\/wp\/v2\/product"}],"about":[{"href":"https:\/\/e-cosmeticos.com\/es\/wp-json\/wp\/v2\/types\/product"}],"replies":[{"embeddable":true,"href":"https:\/\/e-cosmeticos.com\/es\/wp-json\/wp\/v2\/comments?post=6409"}],"wp:featuredmedia":[{"embeddable":true,"href":"https:\/\/e-cosmeticos.com\/es\/wp-json\/wp\/v2\/media\/6408"}],"wp:attachment":[{"href":"https:\/\/e-cosmeticos.com\/es\/wp-json\/wp\/v2\/media?parent=6409"}],"wp:term":[{"taxonomy":"product_brand","embeddable":true,"href":"https:\/\/e-cosmeticos.com\/es\/wp-json\/wp\/v2\/product_brand?post=6409"},{"taxonomy":"product_cat","embeddable":true,"href":"https:\/\/e-cosmeticos.com\/es\/wp-json\/wp\/v2\/product_cat?post=6409"},{"taxonomy":"product_tag","embeddable":true,"href":"https:\/\/e-cosmeticos.com\/es\/wp-json\/wp\/v2\/product_tag?post=6409"}],"curies":[{"name":"wp","href":"https:\/\/api.w.org\/{rel}","templated":true}]}}