{"id":6422,"date":"2021-08-03T15:59:07","date_gmt":"2021-08-03T15:59:07","guid":{"rendered":"https:\/\/e-cosmeticos.com\/?post_type=product&#038;p=6422"},"modified":"2021-09-27T17:37:55","modified_gmt":"2021-09-27T20:37:55","slug":"total-remedy-strand-reconstrutor-500ml","status":"publish","type":"product","link":"https:\/\/e-cosmeticos.com\/es\/producto\/total-remedy-strand-reconstrutor-500ml\/","title":{"rendered":"Remedio Total Remedio Hebras 500ml"},"content":{"rendered":"<p><strong>Un completo sistema de tratamiento capilar que corrige los problemas provocados por procesos qu\u00edmicos. <\/strong>los <strong>Limpiador de cuero cabelludo Total Remedy<\/strong> es una f\u00f3rmula avanzada, rica en nutrientes, dise\u00f1ada para limpiar y neutralizar los efectos del cabello da\u00f1ado. Sus propiedades nutritivas relaja e hidrata el cabello da\u00f1ado. <strong>Un tratamiento capilar revolucionario con la \u00faltima t\u00e9cnica y aplicaci\u00f3n por estilistas profesionales. <\/strong>los <strong>Reconstructor de hebras de remedio total<\/strong> es un tratamiento capilar innovador que revitaliza el cabello tratado qu\u00edmicamente muy da\u00f1ado. Utilizando nanotecnolog\u00eda que trabaja para regenerar las fibras capilares da\u00f1adas y rectificar los defectos causados por los productos qu\u00edmicos, refuerza el cabello y lo deja hidratado y saludable.\u00a0 <strong>Un tratamiento capilar de vanguardia para el cabello seco y quebradizo tratado qu\u00edmicamente. <\/strong>los <strong>Sellador total Total Remedy<\/strong> hidrata y sella los beneficios del tratamiento en cada mech\u00f3n para preservar las cut\u00edculas del cabello. Tambi\u00e9n protege el cabello del calor de las herramientas de peinado reteniendo la hidrataci\u00f3n total.<\/p>","protected":false},"excerpt":{"rendered":"<p>Un tratamiento revolucionario que da un tratamiento de choque al cabello ultra da\u00f1ado tratado qu\u00edmicamente, con nanotecnolog\u00eda que puede regenerar las fibras capilares da\u00f1adas y corrige las fallas qu\u00edmicas dejando el cabello sano, hidratado y fortalecido.<\/p>","protected":false},"featured_media":6626,"comment_status":"open","ping_status":"closed","template":"","meta":[],"product_brand":[],"product_cat":[487],"product_tag":[],"class_list":{"0":"post-6422","1":"product","2":"type-product","3":"status-publish","4":"has-post-thumbnail","6":"product_cat-conditioner","8":"first","9":"instock","10":"taxable","11":"shipping-taxable","12":"purchasable","13":"product-type-simple"},"_links":{"self":[{"href":"https:\/\/e-cosmeticos.com\/es\/wp-json\/wp\/v2\/product\/6422","targetHints":{"allow":["GET"]}}],"collection":[{"href":"https:\/\/e-cosmeticos.com\/es\/wp-json\/wp\/v2\/product"}],"about":[{"href":"https:\/\/e-cosmeticos.com\/es\/wp-json\/wp\/v2\/types\/product"}],"replies":[{"embeddable":true,"href":"https:\/\/e-cosmeticos.com\/es\/wp-json\/wp\/v2\/comments?post=6422"}],"wp:featuredmedia":[{"embeddable":true,"href":"https:\/\/e-cosmeticos.com\/es\/wp-json\/wp\/v2\/media\/6626"}],"wp:attachment":[{"href":"https:\/\/e-cosmeticos.com\/es\/wp-json\/wp\/v2\/media?parent=6422"}],"wp:term":[{"taxonomy":"product_brand","embeddable":true,"href":"https:\/\/e-cosmeticos.com\/es\/wp-json\/wp\/v2\/product_brand?post=6422"},{"taxonomy":"product_cat","embeddable":true,"href":"https:\/\/e-cosmeticos.com\/es\/wp-json\/wp\/v2\/product_cat?post=6422"},{"taxonomy":"product_tag","embeddable":true,"href":"https:\/\/e-cosmeticos.com\/es\/wp-json\/wp\/v2\/product_tag?post=6422"}],"curies":[{"name":"wp","href":"https:\/\/api.w.org\/{rel}","templated":true}]}}