{"id":6582,"date":"2021-08-17T13:05:28","date_gmt":"2021-08-17T13:05:28","guid":{"rendered":"https:\/\/e-cosmeticos.com\/?post_type=product&#038;p=6582"},"modified":"2026-03-05T20:59:12","modified_gmt":"2026-03-05T23:59:12","slug":"diamond-cells-mask-300g","status":"publish","type":"product","link":"https:\/\/e-cosmeticos.com\/es\/producto\/diamond-cells-mask-300g\/","title":{"rendered":"Mascarilla Diamond Cells 300g"},"content":{"rendered":"<p>La Mascarilla Reparadora Diamond Cells aporta revitalizaci\u00f3n, suavidad y sedosidad al cabello, realzando la belleza de los hilos. Formulado con aceite de aguacate, extracto de semilla de uva y T\u00e9 Verde brinda protecci\u00f3n, brillo y suavidad, haciendo peinado y promoviendo el equilibrio del cabello da\u00f1ado.<\/p>\n<p>&nbsp;<\/p>\n<p><strong>C\u00f3mo utilizar<\/strong><\/p>\n<p>Aplicar una cantidad generosa de la mascarilla sobre el cabello limpio y h\u00famedo, mech\u00f3n a mech\u00f3n, comenzando por las puntas, masajeando suavemente el cabello hasta llegar a la ra\u00edz. D\u00e9jalo entre 10 y 20 minutos, con o sin fuente de calor y enjuaga abundantemente con agua.<\/p>\n<p>&nbsp;<\/p>\n<p><strong>Ingredientes<\/strong><\/p>\n<p>AQUA, CETEARYL ALCOHOL, STEARAMIDOPROPYL DIMETHYLAMINE, PARAFFINUM LIQUIDUM, DIMETHICONE, GLYCERIN, LACTIC ACID, BEHENTRIMONIUM METHOSULFATE, PERSEA GRATISSIMA OIL, VITIS VINIFERA SEED OIL, CETRIMONIUM CHLORIDE, AMODIMETHICONE, ALCOHOL, PARFUM, PROPYLENE GLYCOL, PEG-75 LANOLIN, C11-15 PARETH-7, CAMELLIA SINENSIS LEAF EXTRACT, LAURETH-9, TRIDECETH-12, CHLORHEXIDINE DIGLUCONATE, BHT, DISODIUM EDTA, HEXYL CINNAMAL, LINALOOL, LIMONENE, CI 60730, OCTADECYL DI-T-BUTYL-4-HYDROXYHYDROCINNAMATE, COUMARIN, PEG-90M, PHENOXYETHANOL, IMIDAZOLIDINYL UREA, DMDM HYDANTOIN, BUTYLENE GLYCOL, IODOPROPYNYL BUTYLCARBAMATE.<\/p>\n<p>&nbsp;<\/p>\n<p>&nbsp;<\/p>","protected":false},"excerpt":{"rendered":"<p>La Mascarilla Reparadora Diamond Cells aporta revitalizaci\u00f3n, suavidad y sedosidad al cabello, realzando la belleza de los hilos. Formulado con aceite de aguacate, extracto de semilla de uva y T\u00e9 Verde brinda protecci\u00f3n, brillo y suavidad, haciendo peinado y promoviendo el equilibrio del cabello da\u00f1ado.<\/p>","protected":false},"featured_media":6581,"comment_status":"open","ping_status":"closed","template":"","meta":[],"product_brand":[],"product_cat":[623,489],"product_tag":[],"class_list":{"0":"post-6582","1":"product","2":"type-product","3":"status-publish","4":"has-post-thumbnail","6":"product_cat-hair","7":"product_cat-treatment","9":"first","10":"instock","11":"taxable","12":"shipping-taxable","13":"purchasable","14":"product-type-simple"},"_links":{"self":[{"href":"https:\/\/e-cosmeticos.com\/es\/wp-json\/wp\/v2\/product\/6582","targetHints":{"allow":["GET"]}}],"collection":[{"href":"https:\/\/e-cosmeticos.com\/es\/wp-json\/wp\/v2\/product"}],"about":[{"href":"https:\/\/e-cosmeticos.com\/es\/wp-json\/wp\/v2\/types\/product"}],"replies":[{"embeddable":true,"href":"https:\/\/e-cosmeticos.com\/es\/wp-json\/wp\/v2\/comments?post=6582"}],"wp:featuredmedia":[{"embeddable":true,"href":"https:\/\/e-cosmeticos.com\/es\/wp-json\/wp\/v2\/media\/6581"}],"wp:attachment":[{"href":"https:\/\/e-cosmeticos.com\/es\/wp-json\/wp\/v2\/media?parent=6582"}],"wp:term":[{"taxonomy":"product_brand","embeddable":true,"href":"https:\/\/e-cosmeticos.com\/es\/wp-json\/wp\/v2\/product_brand?post=6582"},{"taxonomy":"product_cat","embeddable":true,"href":"https:\/\/e-cosmeticos.com\/es\/wp-json\/wp\/v2\/product_cat?post=6582"},{"taxonomy":"product_tag","embeddable":true,"href":"https:\/\/e-cosmeticos.com\/es\/wp-json\/wp\/v2\/product_tag?post=6582"}],"curies":[{"name":"wp","href":"https:\/\/api.w.org\/{rel}","templated":true}]}}