{"id":6584,"date":"2021-08-17T13:43:18","date_gmt":"2021-08-17T13:43:18","guid":{"rendered":"https:\/\/e-cosmeticos.com\/?post_type=product&#038;p=6584"},"modified":"2025-11-01T02:42:46","modified_gmt":"2025-11-01T05:42:46","slug":"diamond-cells","status":"publish","type":"product","link":"https:\/\/e-cosmeticos.com\/es\/producto\/diamond-cells\/","title":{"rendered":"Champ\u00fa Diamond Cells 300ml"},"content":{"rendered":"<p>El champ\u00fa Daily Care Diamond Cells promueve la limpieza del cabello y el cuero cabelludo, eliminando las impurezas y la suciedad que pesan sobre las hebras. Formulado con aceite de aguacate, extracto de semilla de uva y t\u00e9 verde. Aporta fuerza, reparaci\u00f3n, protecci\u00f3n e hidrataci\u00f3n al cabello.<\/p>\n<p>&nbsp;<\/p>\n<p><strong>C\u00f3mo utilizar<\/strong><\/p>\n<p>Aplicar sobre el cabello h\u00famedo y lavar ligeramente la primera vez para eliminar los residuos que dificultan la formaci\u00f3n de espuma. Enjuague y vuelva a aplicar el champ\u00fa, masajeando suavemente el cuero cabelludo hasta formar una espuma rica y cremosa. Deslice la espuma hacia las puntas. Enjuagar. Despu\u00e9s de eso, use el acondicionador Daily Care Diamond Cells.<\/p>\n<p>&nbsp;<\/p>\n<p><strong>Ingredientes<\/strong><\/p>\n<p>AQUA,COCAMIDOPROPYL BETAINE, DISODIUM LAURETH SULFOSUCCINATE, LAURYL GLUCOSIDE, SODIUM LAUROYL SARCOSINATE, POLYQUATERNIUM-7, XYLITOL, CAPRYLIC ACID, COCAMIDE MEA, PROPYLENE GLYCOL, SODIUM CHLORIDE, GLYCERIN, PARFUM, PEG-40\/PPG-8 METHYLAMINOPROPYL\/HYDROXYPROPYL DIMETHICONE COPOLYMER, VITIS VINIFERA SEED OIL, CHENOPODIUM QUINOA EXTRACT, SODIUM COCOAMPHOACETATE, DIPROPYLENE GLYCOL, HYDROXYPROPYL STARCH PHOSPHATE, GLYCOL DISTEARATE, CAMELLIA SINENSIS LEAF EXTRACT, GUAR HYDROXYPROPYLTRIMONIUM CHLORIDE, PEG-150 DISTEARATE, LAURETH-4, CITRIC ACID, CHLORHEXIDINE DIGLUCONATE, HEXYL CINNAMAL, DISODIUM EDTA, LINALOOL, BUTYLENE GLYCOL, LIMONENE, CI 60730, COUMARIN, POLYQUATERNIUM-10, BENZYL SALICYLATE, STEARIC ACID, GERANIOL, SODIUM BENZOATE, CITRONELLOL, DMDM HYDANTOIN, IODOPROPYNYL BUTYLCARBAMATE, PHENOXYETHANOL, IMIDAZOLIDINYL UREA, 2-BROMO-2 NITROPROPANE-1,3-DIOL, SODIUM ACETATE. <\/p>\n<p>&nbsp;<\/p>\n<p>&nbsp;<\/p>\n<p>&nbsp;<\/p>","protected":false},"excerpt":{"rendered":"<p>El champ\u00fa Daily Care Diamond Cells promueve la limpieza del cabello y el cuero cabelludo, eliminando las impurezas y la suciedad que pesan sobre las hebras. Formulado con aceite de aguacate, extracto de semilla de uva y t\u00e9 verde. Aporta fuerza, reparaci\u00f3n, protecci\u00f3n e hidrataci\u00f3n al cabello.<\/p>","protected":false},"featured_media":6583,"comment_status":"open","ping_status":"closed","template":"","meta":[],"product_brand":[],"product_cat":[623,486],"product_tag":[],"class_list":{"0":"post-6584","1":"product","2":"type-product","3":"status-publish","4":"has-post-thumbnail","6":"product_cat-hair","7":"product_cat-shampoo","9":"first","10":"instock","11":"taxable","12":"shipping-taxable","13":"purchasable","14":"product-type-simple"},"_links":{"self":[{"href":"https:\/\/e-cosmeticos.com\/es\/wp-json\/wp\/v2\/product\/6584","targetHints":{"allow":["GET"]}}],"collection":[{"href":"https:\/\/e-cosmeticos.com\/es\/wp-json\/wp\/v2\/product"}],"about":[{"href":"https:\/\/e-cosmeticos.com\/es\/wp-json\/wp\/v2\/types\/product"}],"replies":[{"embeddable":true,"href":"https:\/\/e-cosmeticos.com\/es\/wp-json\/wp\/v2\/comments?post=6584"}],"wp:featuredmedia":[{"embeddable":true,"href":"https:\/\/e-cosmeticos.com\/es\/wp-json\/wp\/v2\/media\/6583"}],"wp:attachment":[{"href":"https:\/\/e-cosmeticos.com\/es\/wp-json\/wp\/v2\/media?parent=6584"}],"wp:term":[{"taxonomy":"product_brand","embeddable":true,"href":"https:\/\/e-cosmeticos.com\/es\/wp-json\/wp\/v2\/product_brand?post=6584"},{"taxonomy":"product_cat","embeddable":true,"href":"https:\/\/e-cosmeticos.com\/es\/wp-json\/wp\/v2\/product_cat?post=6584"},{"taxonomy":"product_tag","embeddable":true,"href":"https:\/\/e-cosmeticos.com\/es\/wp-json\/wp\/v2\/product_tag?post=6584"}],"curies":[{"name":"wp","href":"https:\/\/api.w.org\/{rel}","templated":true}]}}