{"id":6586,"date":"2021-08-17T13:49:06","date_gmt":"2021-08-17T13:49:06","guid":{"rendered":"https:\/\/e-cosmeticos.com\/?post_type=product&#038;p=6586"},"modified":"2025-11-01T19:10:51","modified_gmt":"2025-11-01T22:10:51","slug":"diamond-cells-conditioner-300g","status":"publish","type":"product","link":"https:\/\/e-cosmeticos.com\/es\/producto\/diamond-cells-conditioner-300g\/","title":{"rendered":"Acondicionador Diamond Cells 300ml"},"content":{"rendered":"<p>El Acondicionador Daily Care Diamond Cells promueve el cuidado del cabello aportando hidrataci\u00f3n y mejorando las propiedades sensoriales del cabello. Formulado con aceite de aguacate, extracto de semilla de uva y t\u00e9 verde, aporta fuerza, flexibilidad, brillo, nutrici\u00f3n e hidrataci\u00f3n, realzando la belleza del cabello.<\/p>\n<p>&nbsp;<\/p>\n<p><strong>C\u00f3mo utilizar<\/strong><\/p>\n<p>Aplicar sobre cabello h\u00famedo y limpio. Empiece por las puntas, masajeando suavemente el cabello y deslizando los mechones entre los dedos hasta que se desenreden. Dejar actuar unos minutos y aclarar abundantemente.<\/p>\n<p>&nbsp;<\/p>\n<p><strong>Ingredientes<\/strong><\/p>\n<p>AQUA, CETYL ALCOHOL, CETEARYL ALCOHOL, STEARAMIDOPROPYL DIMETHYLAMINE, GLYCERIN, DIMETHICONE, BEHENTRIMONIUM METHOSULFATE, LACTIC ACID, PARAFFINUM LIQUIDUM, PERSEA GRATISSIMA OIL, CETRIMONIUM CHLORIDE, HYDROLYZED WHEAT PROTEIN, AVENA SATIVA KERNEL PROTEIN, ALCOHOL, PARFUM, VITIS VINIFERA SEED OIL, PRUNUS AMYGDALUS DULCIS<br \/>\nPROTEIN, PROPYLENE GLYCOL, PEG-40\/PPG-8 M E T H Y L A M I N O P R O P Y L \/ H Y D R O X Y P R O P Y L DIMETHICONE COPOLYMER, CAMELLIA SINENSIS LEAF EXTRACT, DIPROPYLENE GLYCOL, CHLORHEXIDINE DIGLUCONATE, DISODIUM EDTA, HEXYL CINNAMAL, LINALOOL, PEG-90M, LIMONENE, CI 60730, OCTADECYL DI-T-BUTYL-4-HYDROXYHYDROCINNAMATE, SODIUM STEARATE, PHENOXYETHANOL, SODIUM CHLORIDE, COUMARIN, POTASSIUM SORBATE, IMIDAZOLIDINYL UREA, DMDM HYDANTOIN, BUTYLENE GLYCOL, IODOPROPYNYL BUTYLCARBAMATE.<\/p>\n<p>&nbsp;<\/p>","protected":false},"excerpt":{"rendered":"<p>El Acondicionador Daily Care Diamond Cells promueve el cuidado del cabello aportando hidrataci\u00f3n y mejorando las propiedades sensoriales del cabello. Formulado con aceite de aguacate, extracto de semilla de uva y t\u00e9 verde, aporta fuerza, flexibilidad, brillo, nutrici\u00f3n e hidrataci\u00f3n, realzando la belleza del cabello.<\/p>","protected":false},"featured_media":6585,"comment_status":"open","ping_status":"closed","template":"","meta":[],"product_brand":[],"product_cat":[487,623],"product_tag":[],"class_list":{"0":"post-6586","1":"product","2":"type-product","3":"status-publish","4":"has-post-thumbnail","6":"product_cat-conditioner","7":"product_cat-hair","9":"first","10":"instock","11":"taxable","12":"shipping-taxable","13":"purchasable","14":"product-type-simple"},"_links":{"self":[{"href":"https:\/\/e-cosmeticos.com\/es\/wp-json\/wp\/v2\/product\/6586","targetHints":{"allow":["GET"]}}],"collection":[{"href":"https:\/\/e-cosmeticos.com\/es\/wp-json\/wp\/v2\/product"}],"about":[{"href":"https:\/\/e-cosmeticos.com\/es\/wp-json\/wp\/v2\/types\/product"}],"replies":[{"embeddable":true,"href":"https:\/\/e-cosmeticos.com\/es\/wp-json\/wp\/v2\/comments?post=6586"}],"wp:featuredmedia":[{"embeddable":true,"href":"https:\/\/e-cosmeticos.com\/es\/wp-json\/wp\/v2\/media\/6585"}],"wp:attachment":[{"href":"https:\/\/e-cosmeticos.com\/es\/wp-json\/wp\/v2\/media?parent=6586"}],"wp:term":[{"taxonomy":"product_brand","embeddable":true,"href":"https:\/\/e-cosmeticos.com\/es\/wp-json\/wp\/v2\/product_brand?post=6586"},{"taxonomy":"product_cat","embeddable":true,"href":"https:\/\/e-cosmeticos.com\/es\/wp-json\/wp\/v2\/product_cat?post=6586"},{"taxonomy":"product_tag","embeddable":true,"href":"https:\/\/e-cosmeticos.com\/es\/wp-json\/wp\/v2\/product_tag?post=6586"}],"curies":[{"name":"wp","href":"https:\/\/api.w.org\/{rel}","templated":true}]}}