{"id":6622,"date":"2021-09-27T16:33:10","date_gmt":"2021-09-27T19:33:10","guid":{"rendered":"https:\/\/e-cosmeticos.com\/en\/?post_type=product&#038;p=6622"},"modified":"2026-02-11T11:42:14","modified_gmt":"2026-02-11T14:42:14","slug":"diamond-cells-protein-200ml","status":"publish","type":"product","link":"https:\/\/e-cosmeticos.com\/es\/producto\/diamond-cells-protein-200ml\/","title":{"rendered":"Prote\u00edna de C\u00e9lulas de Diamante 200ml"},"content":{"rendered":"<p>El Tratamiento Microplastia Diamond Cells contiene T\u00e9 Verde perteneciente a la familia de los polifenoles, cuyas principales caracter\u00edsticas son sus potentes efectos antioxidantes que protegen el cabello de los radicales libres externos. El aceite de aguacate es un hidratante eficaz para el cabello seco, quebradizo y da\u00f1ado, perfecto para mantener el cabello en condiciones saludables por ser rico en vitaminas A, B, D y E. Tambi\u00e9n tiene prote\u00ednas, amino\u00e1cidos, hierro, cobre, magnesio y \u00e1cido oleico. El tratamiento Microplstia Diamond Cells tiene todos los nutrientes esenciales que lo hacen ideal para suavizar los mechones y reparar el cabello da\u00f1ado. consequatur.<\/p>\n<p>&nbsp;<\/p>\n<p><strong>C\u00f3mo utilizar<\/strong><\/p>\n<p>Lavar el cabello con champ\u00fa de 3 a 5 veces. Seque su cabello alrededor de 80%, separe el cabello en 4 partes y aplique el producto mech\u00f3n a mech\u00f3n con un cepillo. Alinear el alambre con el peine y dejar actuar durante 60 minutos. Enjuagar 50% del producto con agua, cepillar y planchar en mechones muy finos cada 15 veces. Espere 15 minutos y luego l\u00e1vese con champ\u00fa y acondicionador para el hogar.<\/p>\n<p>&nbsp;<\/p>\n<p><strong>Ingredientes<\/strong><\/p>\n<p>AQUA, GLYOXYLOYL CARBOCYSTEINE, GLYOXYLOYL KERATIN AMINO ACIDS, CETEARYL ALCOHOL, PARAFFINUM LIQUIDUM, BUTYROSPERMUM PARKII BUTTER, CETRIMONIUM CHLORIDE, ALCOHOL, BEHENTRIMONIUM METHOSULFATE, PARFUM, PERSEA GRATISSIMA OIL, PROPYLENE GLYCOL, VITIS VINIFERA SEED OIL, CAMELLIA SINENSIS LEAF EXTRACT, CYCLOPENTASILOXANE, DISODIUM EDTA, HEXYL CINNAMAL, LINALOOL, PEG-90M, LIMONENE, COUMARIN, CI 60730, CITRIC ACID, DIMETHICONOL, LACTIC ACID, PHENOXYETHANOL, CETEARYL DIMETHICONE\/VINYL DIMETHICONE CROSSPOLYMER, IMIDAZOLIDINYL UREA, DMDM HYDANTOIN, BUTYLENE GLYCOL, IODOPROPYNYL BUTYLCARBAMATE.<\/p>\n<p>&nbsp;<\/p>","protected":false},"excerpt":{"rendered":"<p>El Tratamiento Microplastia Diamond Cells contiene T\u00e9 Verde perteneciente a la familia de los polifenoles, cuyas principales caracter\u00edsticas son sus potentes efectos antioxidantes que protegen el cabello de los radicales libres externos. El aceite de aguacate es un hidratante eficaz para el cabello seco, quebradizo y da\u00f1ado, perfecto para mantener el cabello en condiciones saludables por ser rico en vitaminas A, B, D y E. Tambi\u00e9n tiene prote\u00ednas, amino\u00e1cidos, hierro, cobre, magnesio y \u00e1cido oleico. El tratamiento Microplstia Diamond Cells tiene todos los nutrientes esenciales que lo hacen ideal para suavizar los mechones y reparar el cabello da\u00f1ado. consequatur.<\/p>\n<p>&nbsp;<\/p>","protected":false},"featured_media":6621,"comment_status":"open","ping_status":"closed","template":"","meta":[],"product_brand":[],"product_cat":[623,491],"product_tag":[],"class_list":{"0":"post-6622","1":"product","2":"type-product","3":"status-publish","4":"has-post-thumbnail","6":"product_cat-hair","7":"product_cat-smoothing","9":"first","10":"instock","11":"taxable","12":"shipping-taxable","13":"purchasable","14":"product-type-simple"},"_links":{"self":[{"href":"https:\/\/e-cosmeticos.com\/es\/wp-json\/wp\/v2\/product\/6622","targetHints":{"allow":["GET"]}}],"collection":[{"href":"https:\/\/e-cosmeticos.com\/es\/wp-json\/wp\/v2\/product"}],"about":[{"href":"https:\/\/e-cosmeticos.com\/es\/wp-json\/wp\/v2\/types\/product"}],"replies":[{"embeddable":true,"href":"https:\/\/e-cosmeticos.com\/es\/wp-json\/wp\/v2\/comments?post=6622"}],"wp:featuredmedia":[{"embeddable":true,"href":"https:\/\/e-cosmeticos.com\/es\/wp-json\/wp\/v2\/media\/6621"}],"wp:attachment":[{"href":"https:\/\/e-cosmeticos.com\/es\/wp-json\/wp\/v2\/media?parent=6622"}],"wp:term":[{"taxonomy":"product_brand","embeddable":true,"href":"https:\/\/e-cosmeticos.com\/es\/wp-json\/wp\/v2\/product_brand?post=6622"},{"taxonomy":"product_cat","embeddable":true,"href":"https:\/\/e-cosmeticos.com\/es\/wp-json\/wp\/v2\/product_cat?post=6622"},{"taxonomy":"product_tag","embeddable":true,"href":"https:\/\/e-cosmeticos.com\/es\/wp-json\/wp\/v2\/product_tag?post=6622"}],"curies":[{"name":"wp","href":"https:\/\/api.w.org\/{rel}","templated":true}]}}