{"id":6641,"date":"2021-09-28T12:27:43","date_gmt":"2021-09-28T15:27:43","guid":{"rendered":"https:\/\/e-cosmeticos.com\/en\/?post_type=product&#038;p=6641"},"modified":"2025-11-02T22:32:43","modified_gmt":"2025-11-03T01:32:43","slug":"flamingo-lifting-capilar-1l","status":"publish","type":"product","link":"https:\/\/e-cosmeticos.com\/es\/producto\/flamingo-lifting-capilar-1l\/","title":{"rendered":"Flamingo Lifting Capilar 1L"},"content":{"rendered":"<p>Es una bioplastia capilar que promueve la uni\u00f3n perfecta entre innovaci\u00f3n y practicidad con una sola aplicaci\u00f3n.<\/p>\n<p>&nbsp;<\/p>\n<p><strong>Beneficios<\/strong><\/p>\n<ul>\n<li>Proteja los cables del agua de mar, el cloro de la piscina.<\/li>\n<li>Protege de los rayos UVB y UVA.<\/li>\n<li>Protecci\u00f3n para plancha y secadora.<\/li>\n<li>Protege la fricci\u00f3n de los peines.<\/li>\n<li>Nutre los hilos con resultado inmediato.<\/li>\n<\/ul>\n<p>&nbsp;<\/p>\n<p><strong>C\u00f3mo utilizar<\/strong><\/p>\n<ol>\n<li>Aplicar Lifting Capilar Bio-Restore sobre el cabello limpio y seco.<\/li>\n<li>Con ayuda de una brocha para tinte, aplicar el producto a medio cent\u00edmetro de la ra\u00edz mecha a hebra, utilizando un peine de dientes finos para una mejor distribuci\u00f3n del producto. D\u00e9jelo durante 40-60 minutos, seg\u00fan la necesidad de la hebra.<\/li>\n<li>\u00a0Despu\u00e9s de la pausa, lleve a la clienta al lavabo para enjuagar el cabello eliminando solo el exceso de producto para facilitar la terminaci\u00f3n.<\/li>\n<li>Limpiar y secar el cabello por completo con la ayuda de un cepillo y un secador de pelo. 5. Planche con plancha de pelo de nano-titanio en mechones finos aproximadamente 10 veces en promedio cada mech\u00f3n hasta sellar los mechones.<\/li>\n<\/ol>\n<p>&nbsp;<\/p>\n<p><strong>Prueba de bloqueo<\/strong><\/p>\n<p>Siempre haga una prueba de bloqueo, incluso si lo ha usado antes. Esto es importante porque normalmente el cabello pasa por los m\u00e1s variados procesos que pueden da\u00f1arlo y hacerlo quebradizo y el\u00e1stico. Es una se\u00f1al de que el cabello no est\u00e1 en condiciones de utilizar el producto y que debe recibir otro tipo de tratamiento.<\/p>\n<p>&nbsp;<\/p>\n<p><strong>Ingredientes<\/strong><\/p>\n<p>Aqua, metosulfato de behentrimonio, alcohol cetear\u00edlico, parafina l\u00edquida, propilenglicol, aceite de semilla de Vitis vinifera, mantequilla de butyrospermum parkii (karit\u00e9), Peg-90m, prote\u00edna de trigo hidrolizada, prote\u00edna de semilla de avena sativa (avena), prote\u00edna de semilla de Prunus Amygdalus Dulcisina ( , Estearato de sodio, Cloruro de sodio, Aceite de Cocos Nucifera, Extracto de fruta de Pyrus Malus (manzana), Extracto de fruta de Pyrus Communis, Polyquaternium 7, Cloruro de guar hidroxipropiltrimonio, Ciclopentasiloxano, Dimeticonol, Dimeticona, Dimeticona, polimeticona cruzada, polimetilisol, distilisilisolidona, metilisilisolinio \u00c1cido l\u00e1ctico, fragancia, butilfenil metilpropional, isometil ionona, benzoato de bencilo, citronelol, cumarina, D-limoneno, geraniol, hexil cinamal, isoeugenol, linalol, CI 19140, CI 73015.<\/p>\n<p>&nbsp;<\/p>","protected":false},"excerpt":{"rendered":"<p>Es una bioplastia capilar que promueve la uni\u00f3n perfecta entre innovaci\u00f3n y practicidad con una sola aplicaci\u00f3n.<\/p>","protected":false},"featured_media":6640,"comment_status":"open","ping_status":"closed","template":"","meta":[],"product_brand":[],"product_cat":[623,491],"product_tag":[],"class_list":{"0":"post-6641","1":"product","2":"type-product","3":"status-publish","4":"has-post-thumbnail","6":"product_cat-hair","7":"product_cat-smoothing","9":"first","10":"instock","11":"taxable","12":"shipping-taxable","13":"purchasable","14":"product-type-simple"},"_links":{"self":[{"href":"https:\/\/e-cosmeticos.com\/es\/wp-json\/wp\/v2\/product\/6641","targetHints":{"allow":["GET"]}}],"collection":[{"href":"https:\/\/e-cosmeticos.com\/es\/wp-json\/wp\/v2\/product"}],"about":[{"href":"https:\/\/e-cosmeticos.com\/es\/wp-json\/wp\/v2\/types\/product"}],"replies":[{"embeddable":true,"href":"https:\/\/e-cosmeticos.com\/es\/wp-json\/wp\/v2\/comments?post=6641"}],"wp:featuredmedia":[{"embeddable":true,"href":"https:\/\/e-cosmeticos.com\/es\/wp-json\/wp\/v2\/media\/6640"}],"wp:attachment":[{"href":"https:\/\/e-cosmeticos.com\/es\/wp-json\/wp\/v2\/media?parent=6641"}],"wp:term":[{"taxonomy":"product_brand","embeddable":true,"href":"https:\/\/e-cosmeticos.com\/es\/wp-json\/wp\/v2\/product_brand?post=6641"},{"taxonomy":"product_cat","embeddable":true,"href":"https:\/\/e-cosmeticos.com\/es\/wp-json\/wp\/v2\/product_cat?post=6641"},{"taxonomy":"product_tag","embeddable":true,"href":"https:\/\/e-cosmeticos.com\/es\/wp-json\/wp\/v2\/product_tag?post=6641"}],"curies":[{"name":"wp","href":"https:\/\/api.w.org\/{rel}","templated":true}]}}