{"id":6648,"date":"2021-09-28T12:55:26","date_gmt":"2021-09-28T15:55:26","guid":{"rendered":"https:\/\/e-cosmeticos.com\/en\/?post_type=product&#038;p=6648"},"modified":"2025-11-01T02:48:13","modified_gmt":"2025-11-01T05:48:13","slug":"flamingo-conditioner-bio-restore-500ml","status":"publish","type":"product","link":"https:\/\/e-cosmeticos.com\/es\/producto\/flamingo-conditioner-bio-restore-500ml\/","title":{"rendered":"Acondicionador Flamingo Bio Restore 500ml"},"content":{"rendered":"<p>El acondicionador Bio-Restore Plus Flamingo est\u00e1 dise\u00f1ado para reactivar el brillo y la vitalidad perdidos como resultado del tratamiento qu\u00edmico diario o la agresi\u00f3n. Al cauterizar las hebras, recuperar la fibra capilar, el producto act\u00faa para revivir la nutrici\u00f3n perdida y devolver ese brillo asombroso.<\/p>\n<p>&nbsp;<\/p>\n<p><strong>Beneficios<\/strong><\/p>\n<ul>\n<li>Proteja los cables del agua de mar, el cloro de la piscina.<\/li>\n<li>Protege de los rayos UVB y UVA.<\/li>\n<li>Protecci\u00f3n para plancha y secadora.<\/li>\n<li>Protege la fricci\u00f3n de los peines.<\/li>\n<li>Nutre los hilos con resultado inmediato.<\/li>\n<\/ul>\n<p>&nbsp;<\/p>\n<p><strong>C\u00f3mo utilizar<\/strong><\/p>\n<p>Aplicar sobre cabello h\u00famedo y limpio. Empiece por las puntas, masajeando suavemente el cabello y deslizando los hilos entre los dedos hasta que se desenreden. Dejar actuar unos minutos y aclarar abundantemente.<\/p>\n<p>&nbsp;<\/p>\n<p><strong>Ingredientes<\/strong><\/p>\n<p>Agua, alcohol cetear\u00edlico, cloruro de cetrimonio, propilenglicol, metosulfato de behentrimonio, parafina l\u00edquida, estearamidopropil dimetilamina, dipropilenglicol, polisilicona-29, extracto de flor de manzanilla recutita, amodimeticona, C-11-15-pareth-9, gcethicona 12, ciclopentasiloxano, resina de Copaifera officinalis, aceite de n\u00facleo de Argania Spinosa, Peg-90m, policuaternio 7, \u00e1cido c\u00edtrico, cloruro de guar hidroxipropiltrimonio, edta dis\u00f3dico, hidroxitolueno butilado, metilisotiazolinona, metilcloroisotil-metil-isopropilona, benzo-metil-metil-metil-isopropilona, isgra-metil-metil-metil-olinona. Cumarina, D-Limoneno, Geraniol, Hexyl Cinnamal, Isoeugenol, Linalool, Ci 19140, Ci 73015.<\/p>","protected":false},"excerpt":{"rendered":"<p>El acondicionador Bio-Restore Plus Flamingo est\u00e1 dise\u00f1ado para reactivar el brillo y la vitalidad perdidos como resultado del tratamiento qu\u00edmico diario o la agresi\u00f3n. Al cauterizar las hebras, recuperar la fibra capilar, el producto act\u00faa para revivir la nutrici\u00f3n perdida y devolver ese brillo asombroso.<\/p>","protected":false},"featured_media":6647,"comment_status":"open","ping_status":"closed","template":"","meta":[],"product_brand":[],"product_cat":[487],"product_tag":[],"class_list":{"0":"post-6648","1":"product","2":"type-product","3":"status-publish","4":"has-post-thumbnail","6":"product_cat-conditioner","8":"first","9":"instock","10":"taxable","11":"shipping-taxable","12":"purchasable","13":"product-type-simple"},"_links":{"self":[{"href":"https:\/\/e-cosmeticos.com\/es\/wp-json\/wp\/v2\/product\/6648","targetHints":{"allow":["GET"]}}],"collection":[{"href":"https:\/\/e-cosmeticos.com\/es\/wp-json\/wp\/v2\/product"}],"about":[{"href":"https:\/\/e-cosmeticos.com\/es\/wp-json\/wp\/v2\/types\/product"}],"replies":[{"embeddable":true,"href":"https:\/\/e-cosmeticos.com\/es\/wp-json\/wp\/v2\/comments?post=6648"}],"wp:featuredmedia":[{"embeddable":true,"href":"https:\/\/e-cosmeticos.com\/es\/wp-json\/wp\/v2\/media\/6647"}],"wp:attachment":[{"href":"https:\/\/e-cosmeticos.com\/es\/wp-json\/wp\/v2\/media?parent=6648"}],"wp:term":[{"taxonomy":"product_brand","embeddable":true,"href":"https:\/\/e-cosmeticos.com\/es\/wp-json\/wp\/v2\/product_brand?post=6648"},{"taxonomy":"product_cat","embeddable":true,"href":"https:\/\/e-cosmeticos.com\/es\/wp-json\/wp\/v2\/product_cat?post=6648"},{"taxonomy":"product_tag","embeddable":true,"href":"https:\/\/e-cosmeticos.com\/es\/wp-json\/wp\/v2\/product_tag?post=6648"}],"curies":[{"name":"wp","href":"https:\/\/api.w.org\/{rel}","templated":true}]}}