{"id":6657,"date":"2021-10-01T09:46:00","date_gmt":"2021-10-01T12:46:00","guid":{"rendered":"https:\/\/e-cosmeticos.com\/en\/?post_type=product&#038;p=6657"},"modified":"2026-02-11T11:41:19","modified_gmt":"2026-02-11T14:41:19","slug":"celosia-intense-collagen-1l","status":"publish","type":"product","link":"https:\/\/e-cosmeticos.com\/es\/producto\/celosia-intense-collagen-1l\/","title":{"rendered":"Celosia Col\u00e1geno Intenso 1L"},"content":{"rendered":"<p>Intense Collagen es un sistema de asociaci\u00f3n para fortalecer la fibra capilar, permitiendo una mayor resistencia a las hebras, contienen prote\u00ednas y amino\u00e1cidos extra\u00eddos del suero de la leche que forman una pel\u00edcula hidratante y protectora sobre la fibra capilar. Previene y repara da\u00f1os f\u00edsicos y ambientales. Intenta de adentro hacia afuera, alineando uniformemente.<\/p>\n<p>&nbsp;<\/p>\n<p><strong>C\u00f3mo utilizar<\/strong><\/p>\n<ol>\n<li>Aplicar COL\u00c1GENO INTENSO sobre el cabello limpio y seco.<\/li>\n<li>Con ayuda de una brocha para tinte, aplicar el producto a medio cent\u00edmetro de la ra\u00edz mecha a hebra, utilizando un peine de dientes finos para una mejor distribuci\u00f3n del producto. D\u00e9jelo durante 40-60 minutos, seg\u00fan la necesidad de la hebra.<\/li>\n<li>Tras la pausa, lleve a la clienta al lavabo para enjuagar el cabello eliminando el exceso de producto para facilitar la terminaci\u00f3n.<\/li>\n<li>Limpiar y secar el cabello por completo con la ayuda de un cepillo y un secador de pelo.<\/li>\n<li>Planche con plancha de pelo de nano-titanio en mechones finos aproximadamente 10 veces en promedio cada mech\u00f3n hasta sellar los mechones.<\/li>\n<\/ol>\n<p>&nbsp;<\/p>","protected":false},"excerpt":{"rendered":"<p>Intense Collagen es un sistema de asociaci\u00f3n para fortalecer la fibra capilar, permitiendo una mayor resistencia a las hebras, contienen prote\u00ednas y amino\u00e1cidos extra\u00eddos del suero de la leche que forman una pel\u00edcula hidratante y protectora sobre la fibra capilar. Previene y repara da\u00f1os f\u00edsicos y ambientales. Intenta de adentro hacia afuera, alineando uniformemente.<\/p>","protected":false},"featured_media":6656,"comment_status":"open","ping_status":"closed","template":"","meta":[],"product_brand":[],"product_cat":[491],"product_tag":[],"class_list":{"0":"post-6657","1":"product","2":"type-product","3":"status-publish","4":"has-post-thumbnail","6":"product_cat-smoothing","8":"first","9":"instock","10":"taxable","11":"shipping-taxable","12":"purchasable","13":"product-type-simple"},"_links":{"self":[{"href":"https:\/\/e-cosmeticos.com\/es\/wp-json\/wp\/v2\/product\/6657","targetHints":{"allow":["GET"]}}],"collection":[{"href":"https:\/\/e-cosmeticos.com\/es\/wp-json\/wp\/v2\/product"}],"about":[{"href":"https:\/\/e-cosmeticos.com\/es\/wp-json\/wp\/v2\/types\/product"}],"replies":[{"embeddable":true,"href":"https:\/\/e-cosmeticos.com\/es\/wp-json\/wp\/v2\/comments?post=6657"}],"wp:featuredmedia":[{"embeddable":true,"href":"https:\/\/e-cosmeticos.com\/es\/wp-json\/wp\/v2\/media\/6656"}],"wp:attachment":[{"href":"https:\/\/e-cosmeticos.com\/es\/wp-json\/wp\/v2\/media?parent=6657"}],"wp:term":[{"taxonomy":"product_brand","embeddable":true,"href":"https:\/\/e-cosmeticos.com\/es\/wp-json\/wp\/v2\/product_brand?post=6657"},{"taxonomy":"product_cat","embeddable":true,"href":"https:\/\/e-cosmeticos.com\/es\/wp-json\/wp\/v2\/product_cat?post=6657"},{"taxonomy":"product_tag","embeddable":true,"href":"https:\/\/e-cosmeticos.com\/es\/wp-json\/wp\/v2\/product_tag?post=6657"}],"curies":[{"name":"wp","href":"https:\/\/api.w.org\/{rel}","templated":true}]}}