{"id":6659,"date":"2021-10-01T09:49:43","date_gmt":"2021-10-01T12:49:43","guid":{"rendered":"https:\/\/e-cosmeticos.com\/en\/?post_type=product&#038;p=6659"},"modified":"2025-11-01T19:09:43","modified_gmt":"2025-11-01T22:09:43","slug":"celosia-intense-bioplex-1l","status":"publish","type":"product","link":"https:\/\/e-cosmeticos.com\/es\/producto\/celosia-intense-bioplex-1l\/","title":{"rendered":"Celosia Intense Bioplex 1L"},"content":{"rendered":"<p>Bioplex es un sistema de asociaci\u00f3n con nanopart\u00edculas. Intense Bioplex tiene afinidad con la queratina natural del cabello manteniendo las hebras alineadas, suaves y brillantes. Favorece el proceso de transformaci\u00f3n de las hebras, mejorando la peinabilidad y reduciendo el encrespamiento.<\/p>\n<p>&nbsp;<\/p>\n<p><strong>C\u00f3mo utilizar<\/strong><\/p>\n<ol>\n<li>\u00a0Aplicar el BIOPLEX INTENSO sobre el cabello limpio y seco.<\/li>\n<li>Con ayuda de una brocha para tinte, aplicar el producto a medio cent\u00edmetro de la ra\u00edz mecha a hebra, utilizando un peine de dientes finos para una mejor distribuci\u00f3n del producto. D\u00e9jelo durante 40-60 minutos, seg\u00fan la necesidad de la hebra.<\/li>\n<li>Tras la pausa, lleve a la clienta al lavabo para enjuagar el cabello eliminando el exceso de producto para facilitar la terminaci\u00f3n.<\/li>\n<li>Limpiar y secar el cabello por completo con la ayuda de un cepillo y un secador de pelo.<\/li>\n<li>Planche con una plancha de pelo que no sea de titanio en mechones finos aproximadamente 10 veces en promedio en cada mech\u00f3n hasta sellar los mechones.<\/li>\n<\/ol>\n<p>&nbsp;<\/p>\n<p>&nbsp;<\/p>\n<p>&nbsp;<\/p>","protected":false},"excerpt":{"rendered":"<p>Bioplex es un sistema de asociaci\u00f3n con nanopart\u00edculas. Intense Bioplex tiene afinidad con la queratina natural del cabello manteniendo las hebras alineadas, suaves y brillantes. Favorece el proceso de transformaci\u00f3n de las hebras, mejorando la peinabilidad y reduciendo el encrespamiento.<\/p>","protected":false},"featured_media":6658,"comment_status":"open","ping_status":"closed","template":"","meta":[],"product_brand":[],"product_cat":[623,491],"product_tag":[],"class_list":{"0":"post-6659","1":"product","2":"type-product","3":"status-publish","4":"has-post-thumbnail","6":"product_cat-hair","7":"product_cat-smoothing","9":"first","10":"instock","11":"taxable","12":"shipping-taxable","13":"purchasable","14":"product-type-simple"},"_links":{"self":[{"href":"https:\/\/e-cosmeticos.com\/es\/wp-json\/wp\/v2\/product\/6659","targetHints":{"allow":["GET"]}}],"collection":[{"href":"https:\/\/e-cosmeticos.com\/es\/wp-json\/wp\/v2\/product"}],"about":[{"href":"https:\/\/e-cosmeticos.com\/es\/wp-json\/wp\/v2\/types\/product"}],"replies":[{"embeddable":true,"href":"https:\/\/e-cosmeticos.com\/es\/wp-json\/wp\/v2\/comments?post=6659"}],"wp:featuredmedia":[{"embeddable":true,"href":"https:\/\/e-cosmeticos.com\/es\/wp-json\/wp\/v2\/media\/6658"}],"wp:attachment":[{"href":"https:\/\/e-cosmeticos.com\/es\/wp-json\/wp\/v2\/media?parent=6659"}],"wp:term":[{"taxonomy":"product_brand","embeddable":true,"href":"https:\/\/e-cosmeticos.com\/es\/wp-json\/wp\/v2\/product_brand?post=6659"},{"taxonomy":"product_cat","embeddable":true,"href":"https:\/\/e-cosmeticos.com\/es\/wp-json\/wp\/v2\/product_cat?post=6659"},{"taxonomy":"product_tag","embeddable":true,"href":"https:\/\/e-cosmeticos.com\/es\/wp-json\/wp\/v2\/product_tag?post=6659"}],"curies":[{"name":"wp","href":"https:\/\/api.w.org\/{rel}","templated":true}]}}