{"id":6699,"date":"2022-05-30T16:12:56","date_gmt":"2022-05-30T19:12:56","guid":{"rendered":"https:\/\/e-cosmeticos.com\/en\/?post_type=product&#038;p=6699"},"modified":"2026-01-20T12:54:17","modified_gmt":"2026-01-20T15:54:17","slug":"beauty-cocktails-cocomoca-1l","status":"publish","type":"product","link":"https:\/\/e-cosmeticos.com\/es\/producto\/beauty-cocktails-cocomoca-1l\/","title":{"rendered":"C\u00f3cteles de belleza CocoMoca 1L"},"content":{"rendered":"<p>Beauty Cocktails CocoMoca promotes potent anti-frizz action, volume reduction and \u201cnourishing-sealing\u201d effect. Exclusive formula prepared with green coffee and coconut oil, with high antioxidant capacity and an instant repairing action.<\/p>\n<p>&nbsp;<\/p>\n<p><strong>C\u00f3mo utilizar<\/strong><\/p>\n<ol>\n<li>Apply the Beauty Cocktails CocoMoca to clean;<\/li>\n<li>Con ayuda de una brocha para tinte, aplicar el producto a medio cent\u00edmetro de la ra\u00edz mecha a hebra, utilizando un peine de dientes finos para una mejor distribuci\u00f3n del producto. D\u00e9jelo durante 40-60 minutos, seg\u00fan la necesidad de la hebra.<\/li>\n<li>Despu\u00e9s de la pausa, lleve a la clienta al lavabo para enjuagar el cabello eliminando solo el exceso de producto para facilitar la terminaci\u00f3n.<\/li>\n<li>Limpie y seque el cabello por completo con la ayuda de un cepillo y un secador de pelo.<\/li>\n<li>Iron with Nono-titanium hair straightener on fine Strandsabout 10 times in the average each Strand till sealing the strands.<\/li>\n<\/ol>\n<p>&nbsp;<\/p>\n<p><strong>Precautions<\/strong><\/p>\n<p>External Use. Professional use. Keep out of the reach of children in a place cool and dry. In case of contact with eyes, rinse with plenty of water. If irritation occurs, discontinue use and seek medical advice. Do not apply if the scalp shows irritation or abrasions. Do not use if you are allergic to any component of the formulation or if the product changes its appearance.<\/p>\n<p>&nbsp;<\/p>\n<p><strong>Prueba de bloqueo<\/strong><\/p>\n<p>Siempre haga una prueba de bloqueo, incluso si lo ha usado antes. Esto es importante porque normalmente el cabello pasa por los m\u00e1s variados procesos que pueden da\u00f1arlo y hacerlo quebradizo y el\u00e1stico. Es una se\u00f1al de que el cabello no est\u00e1 en condiciones de utilizar el producto y que debe recibir otro tipo de tratamiento.<\/p>\n<p>&nbsp;<\/p>","protected":false},"excerpt":{"rendered":"<p>Beauty Cocktails CocoMoca promotes potent anti-frizz action, volume reduction and \u201cnourishing-sealing\u201d effect. Exclusive formula prepared with green coffee and coconut oil, with high antioxidant capacity and an instant repairing action.<\/p>","protected":false},"featured_media":6698,"comment_status":"open","ping_status":"closed","template":"","meta":[],"product_brand":[],"product_cat":[623,491],"product_tag":[],"class_list":{"0":"post-6699","1":"product","2":"type-product","3":"status-publish","4":"has-post-thumbnail","6":"product_cat-hair","7":"product_cat-smoothing","9":"first","10":"instock","11":"taxable","12":"shipping-taxable","13":"purchasable","14":"product-type-simple"},"_links":{"self":[{"href":"https:\/\/e-cosmeticos.com\/es\/wp-json\/wp\/v2\/product\/6699","targetHints":{"allow":["GET"]}}],"collection":[{"href":"https:\/\/e-cosmeticos.com\/es\/wp-json\/wp\/v2\/product"}],"about":[{"href":"https:\/\/e-cosmeticos.com\/es\/wp-json\/wp\/v2\/types\/product"}],"replies":[{"embeddable":true,"href":"https:\/\/e-cosmeticos.com\/es\/wp-json\/wp\/v2\/comments?post=6699"}],"wp:featuredmedia":[{"embeddable":true,"href":"https:\/\/e-cosmeticos.com\/es\/wp-json\/wp\/v2\/media\/6698"}],"wp:attachment":[{"href":"https:\/\/e-cosmeticos.com\/es\/wp-json\/wp\/v2\/media?parent=6699"}],"wp:term":[{"taxonomy":"product_brand","embeddable":true,"href":"https:\/\/e-cosmeticos.com\/es\/wp-json\/wp\/v2\/product_brand?post=6699"},{"taxonomy":"product_cat","embeddable":true,"href":"https:\/\/e-cosmeticos.com\/es\/wp-json\/wp\/v2\/product_cat?post=6699"},{"taxonomy":"product_tag","embeddable":true,"href":"https:\/\/e-cosmeticos.com\/es\/wp-json\/wp\/v2\/product_tag?post=6699"}],"curies":[{"name":"wp","href":"https:\/\/api.w.org\/{rel}","templated":true}]}}