{"id":2183,"date":"2016-02-28T08:28:22","date_gmt":"2016-02-28T08:28:22","guid":{"rendered":"https:\/\/demo2.chethemes.com\/electro\/?page_id=2183"},"modified":"2021-06-04T14:21:35","modified_gmt":"2021-06-04T14:21:35","slug":"terms-and-conditions","status":"publish","type":"page","link":"https:\/\/e-cosmeticos.com\/fr\/terms-and-conditions\/","title":{"rendered":"Termes et conditions"},"content":{"rendered":"<section class=\"section inner-bottom-xs\">\n<h2>Propri\u00e9t\u00e9 intellectuelle<\/h2>\n<ol>\n<li>Lorem ipsum dolor sit amet, consectetur adipiscing elit. Etiam quis diam erat. Duis velit lectus, posuere a blandit sit amet, tempor at lorem. Donec ultricies, lorem sed ultrices interdum.<\/li>\n<li>Leo metus luctus sem, vel vulputate diam ipsum sed lorem. Donec tempor arcu nisl, et molestie massa scelerisque ut. Nunc \u00e0 rutrum leo. Mauris metus mauris, tristique quis sapien eu, rutrum vulputate enim.<\/li>\n<li>Mauris tempus erat laoreet turpis lobortis, eu tincidunt erat fermentum.<\/li>\n<li>Urne Aliquam non tincidunt. Entier tincidunt nec nisl vitae ullamcorper. Proin sed ultrices erat. Pr\u00e9sente varius ultrices massa \u00e0 faucibus.<\/li>\n<li>Aenean dignissim, orci sed faucibus pharetra, dui mi dignissim tortor, sit amet condimentum mi ligula sit amet augue.<\/li>\n<li>Pellentesque vitae eros eget enim mollis placerat.<\/li>\n<\/ol>\n<\/section>\n<section class=\"section inner-bottom-xs\">\n<h2>R\u00e9siliation<\/h2>\n<ol>\n<li>Lorem ipsum dolor sit amet, consectetur adipiscing elit. Etiam quis diam erat. Duis velit lectus, posuere a blandit sit amet, tempor at lorem. Donec ultricies, lorem sed ultrices interdum.<\/li>\n<li>Leo metus luctus sem, vel vulputate diam ipsum sed lorem. Donec tempor arcu nisl, et molestie massa scelerisque ut. Nunc \u00e0 rutrum leo. Mauris metus mauris, tristique quis sapien eu, rutrum vulputate enim.<\/li>\n<li>Mauris tempus erat laoreet turpis lobortis, eu tincidunt erat fermentum.<\/li>\n<li>Urne Aliquam non tincidunt. Entier tincidunt nec nisl vitae ullamcorper. Proin sed ultrices erat. Pr\u00e9sente varius ultrices massa \u00e0 faucibus.<\/li>\n<li>Aenean dignissim, orci sed faucibus pharetra, dui mi dignissim tortor, sit amet condimentum mi ligula sit amet augue.<\/li>\n<li>Pellentesque vitae eros eget enim mollis placerat.<\/li>\n<\/ol>\n<\/section>\n<section class=\"section inner-bottom-xs\">\n<h2>Modifications apport\u00e9es \u00e0 cet accord<\/h2>\n<p>Nous nous r\u00e9servons le droit, \u00e0 notre seule discr\u00e9tion, de modifier ou de remplacer les pr\u00e9sentes conditions g\u00e9n\u00e9rales en publiant les conditions mises \u00e0 jour sur le site. Votre utilisation continue du site apr\u00e8s de tels changements constitue votre acceptation des nouvelles conditions g\u00e9n\u00e9rales.<\/p>\n<\/section>\n<section class=\"section intellectual-property\">\n<h2>Nous contacter<\/h2>\n<p>Si vous avez des questions sur cet accord, veuillez nous contacter en remplissant ce <a href=\"#\"><strong>formulaire de contact<\/strong><\/a><\/p>\n<\/section>","protected":false},"excerpt":{"rendered":"<p>Intellectual Propertly Lorem ipsum dolor sit amet, consectetur adipiscing elit. Etiam quis diam erat. Duis velit lectus, posuere a blandit sit amet, tempor at lorem. Donec ultricies, lorem sed ultrices<\/p>","protected":false},"author":1,"featured_media":0,"parent":0,"menu_order":0,"comment_status":"closed","ping_status":"closed","template":"","meta":{"footnotes":""},"class_list":["post-2183","page","type-page","status-publish","hentry"],"_links":{"self":[{"href":"https:\/\/e-cosmeticos.com\/fr\/wp-json\/wp\/v2\/pages\/2183","targetHints":{"allow":["GET"]}}],"collection":[{"href":"https:\/\/e-cosmeticos.com\/fr\/wp-json\/wp\/v2\/pages"}],"about":[{"href":"https:\/\/e-cosmeticos.com\/fr\/wp-json\/wp\/v2\/types\/page"}],"author":[{"embeddable":true,"href":"https:\/\/e-cosmeticos.com\/fr\/wp-json\/wp\/v2\/users\/1"}],"replies":[{"embeddable":true,"href":"https:\/\/e-cosmeticos.com\/fr\/wp-json\/wp\/v2\/comments?post=2183"}],"version-history":[{"count":0,"href":"https:\/\/e-cosmeticos.com\/fr\/wp-json\/wp\/v2\/pages\/2183\/revisions"}],"wp:attachment":[{"href":"https:\/\/e-cosmeticos.com\/fr\/wp-json\/wp\/v2\/media?parent=2183"}],"curies":[{"name":"wp","href":"https:\/\/api.w.org\/{rel}","templated":true}]}}