{"id":5426,"date":"2021-06-04T16:07:35","date_gmt":"2021-06-04T16:07:35","guid":{"rendered":"https:\/\/e-cosmeticos.com\/?post_type=product&#038;p=5426"},"modified":"2025-11-02T22:36:02","modified_gmt":"2025-11-03T01:36:02","slug":"mabelle-reparage-protein","status":"publish","type":"product","link":"https:\/\/e-cosmeticos.com\/fr\/produit\/mabelle-reparage-protein\/","title":{"rendered":"Mabelle R\u00e9paration 1L"},"content":{"rendered":"<p><span style=\"color: #584d4d; font-family: Arial, sans-serif; text-align: justify; background-color: #f6fdff;\">D\u00e9velopp\u00e9 avec des actifs neutralisants complexes de couleur dor\u00e9e, Mabelle Reparage est indiqu\u00e9 pour le lissage avec teinture. Il contient dans sa formule de l&#039;huile de mono\u00ef de Tahiti en association avec une excellente huile de lin pour maintenir la cuticule des cheveux ferm\u00e9e pour les doubles pointes, \u00e9vitant les dommages chimiques et physiques. Mabelle Reparage a prouv\u00e9 son efficacit\u00e9 dans le lissage des cheveux et \u00e9galement dans le traitement des cheveux ab\u00eem\u00e9s et sans vie.<\/span><\/p>\n<p>&nbsp;<\/p>\n<p style=\"margin: 0px 0px 20px; padding: 0px; color: #584d4d; font-family: Arial, sans-serif; text-align: justify;\">Faites le test de verrouillage* avant d&#039;utiliser le produit.<\/p>\n<p style=\"margin: 0px 0px 20px; padding: 0px; color: #584d4d; font-family: Arial, sans-serif; text-align: justify;\">Portez des gants appropri\u00e9s. Laver les cheveux avec du shampoing 2 \u00e0 3 fois.<\/p>\n<p style=\"margin: 0px 0px 20px; padding: 0px; color: #584d4d; font-family: Arial, sans-serif; text-align: justify;\">S\u00e9chez les cheveux en 80% environ.<\/p>\n<p style=\"margin: 0px 0px 20px; padding: 0px; color: #584d4d; font-family: Arial, sans-serif; text-align: justify;\">\u2981 S\u00e9parez les cheveux en 4 parties et appliquez le produit m\u00e8che par m\u00e8che \u00e0 l&#039;aide d&#039;un crayon, alignez les cheveux avec un peigne fin et laissez agir 60 minutes.<\/p>\n<p style=\"margin: 0px 0px 20px; padding: 0px; color: #584d4d; font-family: Arial, sans-serif; text-align: justify;\">\u2981 Rincez le produit 80% avec de l&#039;eau, s\u00e9chez avec un s\u00e8che-cheveux et un fer plat en m\u00e8che de cheveux fine 10 \u00e0 15 fois chacun.&#039;\u2981 Attendez 15 minutes, puis lavez soigneusement les cheveux \u00e0 l&#039;aide du shampooing et du condicionador Mabelle et profitez des merveilleux r\u00e9sultats !<\/p>\n<p style=\"margin: 0px 0px 20px; padding: 0px; color: #584d4d; font-family: Arial, sans-serif; text-align: justify;\">(*) Test de la m\u00e8che : Choisissez une m\u00e8che de cheveux sur le dessus de la t\u00eate et effectuez toutes les \u00e9tapes indiqu\u00e9es dans le \u00ab Mode d&#039;emploi \u00bb. Observez l&#039;\u00e9volution du lissage, donnant la r\u00e9sistance des cheveux au r\u00e9sultat souhait\u00e9. V\u00e9rifiez s&#039;il y a des changements ind\u00e9sirables dans le brin. En cas de doute sur l&#039;\u00e9tat du cheveu, en cas de modifications ind\u00e9sirables de la m\u00e8che ou en cas d&#039;irritation, ne pas appliquer le produit.<\/p>\n<p>&nbsp;<\/p>\n<p>&nbsp;<\/p>\n<p><span style=\"color: #584d4d; font-family: Arial, sans-serif; text-align: justify; background-color: #f6fdff;\">Aqua, alcool c\u00e9t\u00e9arylique, propyl\u00e8ne glycol, chlorure de c\u00e9trimonium, alcool c\u00e9tylique, st\u00e9aramidopropyle, dim\u00e9thylamine, ceteareth-20, parafine liquide, polyquaternium 7, polyquaternium 10, huile de jojoba, acide glutamique, s\u00e9rine, carbocyst\u00e9ine, prot\u00e9ine de riz hydrolys\u00e9e, PEG-90M, cyclopentasiloxane , acide citrique, extrait d&#039;hypnea musciformis, at\u00e9locollag\u00e8ne, glycosaminoglycanes, prot\u00e9ine de bl\u00e9 hydrolys\u00e9e d&#039;hydroxypropyltrimonium, palmitate de r\u00e9tinyle, ac\u00e9tate de tocoph\u00e9ryle, acide pantoth\u00e9nique, beurre de butyrospermim parkii (karit\u00e9), huile de ricin hydrog\u00e9n\u00e9e Peg-200, huile de chloroxypropyle, huile de coco, EDTA, tiar\u00e9 Hydroxytolu\u00e8ne butyl\u00e9, m\u00e9thylchloroisothiazolinone, m\u00e9thylisothiazolinone, parfum, butylph\u00e9nyl m\u00e9thylpropional, citral, citronellol, coumarine, hydroxycitronellal, D-limon\u00e8ne, linalol, CI 60730, CI 16035.<\/span><\/p>\n<p>&nbsp;<\/p>\n<p><span style=\"color: #584d4d; font-family: Arial, sans-serif; text-align: justify; background-color: #f6fdff;\">Usage externe. Utilisation professionnelle. Conserver hors de la port\u00e9e des enfants dans un endroit frais et sec. En cas de contact avec les yeux, rincer abondamment \u00e0 l&#039;eau. En cas d&#039;irritation, cesser l&#039;utilisation et consulter un m\u00e9decin. Ne pas appliquer si le cuir chevelu pr\u00e9sente une irritation ou des \u00e9corchures. Ne pas utiliser si vous \u00eates allergique \u00e0 l&#039;un des composants de la formulation ou si le produit change d&#039;apparence.<\/span><\/p>","protected":false},"excerpt":{"rendered":"<p>D\u00e9velopp\u00e9 avec des actifs neutralisants complexes de couleur dor\u00e9e, Mabelle Reparage est indiqu\u00e9 pour le lissage avec teinture. Il contient dans sa formule de l&#039;huile de mono\u00ef de Tahiti en association avec une excellente huile de lin pour maintenir la cuticule des cheveux ferm\u00e9e pour les doubles pointes, \u00e9vitant les dommages chimiques et physiques. Mabelle Reparage a prouv\u00e9 son efficacit\u00e9 dans le lissage des cheveux et \u00e9galement dans le traitement des cheveux ab\u00eem\u00e9s et sans vie.<\/p>","protected":false},"featured_media":5425,"comment_status":"open","ping_status":"closed","template":"","meta":[],"product_brand":[],"product_cat":[623,491],"product_tag":[],"class_list":{"0":"post-5426","1":"product","2":"type-product","3":"status-publish","4":"has-post-thumbnail","6":"product_cat-hair","7":"product_cat-smoothing","9":"first","10":"instock","11":"taxable","12":"shipping-taxable","13":"purchasable","14":"product-type-simple"},"_links":{"self":[{"href":"https:\/\/e-cosmeticos.com\/fr\/wp-json\/wp\/v2\/product\/5426","targetHints":{"allow":["GET"]}}],"collection":[{"href":"https:\/\/e-cosmeticos.com\/fr\/wp-json\/wp\/v2\/product"}],"about":[{"href":"https:\/\/e-cosmeticos.com\/fr\/wp-json\/wp\/v2\/types\/product"}],"replies":[{"embeddable":true,"href":"https:\/\/e-cosmeticos.com\/fr\/wp-json\/wp\/v2\/comments?post=5426"}],"wp:featuredmedia":[{"embeddable":true,"href":"https:\/\/e-cosmeticos.com\/fr\/wp-json\/wp\/v2\/media\/5425"}],"wp:attachment":[{"href":"https:\/\/e-cosmeticos.com\/fr\/wp-json\/wp\/v2\/media?parent=5426"}],"wp:term":[{"taxonomy":"product_brand","embeddable":true,"href":"https:\/\/e-cosmeticos.com\/fr\/wp-json\/wp\/v2\/product_brand?post=5426"},{"taxonomy":"product_cat","embeddable":true,"href":"https:\/\/e-cosmeticos.com\/fr\/wp-json\/wp\/v2\/product_cat?post=5426"},{"taxonomy":"product_tag","embeddable":true,"href":"https:\/\/e-cosmeticos.com\/fr\/wp-json\/wp\/v2\/product_tag?post=5426"}],"curies":[{"name":"wp","href":"https:\/\/api.w.org\/{rel}","templated":true}]}}