{"id":5535,"date":"2021-06-10T13:01:06","date_gmt":"2021-06-10T13:01:06","guid":{"rendered":"https:\/\/e-cosmeticos.com\/?post_type=product&#038;p=5535"},"modified":"2025-09-29T15:55:07","modified_gmt":"2025-09-29T18:55:07","slug":"mabelle-betox","status":"publish","type":"product","link":"https:\/\/e-cosmeticos.com\/fr\/produit\/mabelle-betox\/","title":{"rendered":"Mabelle Betox 500ml"},"content":{"rendered":"<p style=\"margin: 0px 0px 20px; padding: 0px; color: #584d4d; font-family: Arial, sans-serif; text-align: justify;\">Faites le test de verrouillage* avant d&#039;utiliser le produit.<\/p>\n<p style=\"margin: 0px 0px 20px; padding: 0px; color: #584d4d; font-family: Arial, sans-serif; text-align: justify;\">Portez des gants appropri\u00e9s.<\/p>\n<p style=\"margin: 0px 0px 20px; padding: 0px; color: #584d4d; font-family: Arial, sans-serif; text-align: justify;\">Appliquer le Betox sur cheveux propres et secs.<\/p>\n<p style=\"margin: 0px 0px 20px; padding: 0px; color: #584d4d; font-family: Arial, sans-serif; text-align: justify;\">A l&#039;aide d&#039;un pinceau \u00e0 teinture pour cheveux, appliquez le produit \u00e0 un demi-centim\u00e8tre des racines Strand by Strand, \u00e0 l&#039;aide d&#039;un peigne \u00e0 dents fines pour une meilleure r\u00e9partition du produit. Laissez-le pendant 40-60 minutes, selon le besoin du brin.<\/p>\n<p style=\"margin: 0px 0px 20px; padding: 0px; color: #584d4d; font-family: Arial, sans-serif; text-align: justify;\">\u2981 Apr\u00e8s la pause, amener la cliente au lavabo pour rincer les cheveux en enlevant l&#039;exc\u00e9dent de produit pour faciliter la finition.<\/p>\n<p style=\"margin: 0px 0px 20px; padding: 0px; color: #584d4d; font-family: Arial, sans-serif; text-align: justify;\">Essuyez et s\u00e9chez compl\u00e8tement les cheveux \u00e0 l&#039;aide d&#039;une brosse et d&#039;un s\u00e8che-cheveux.<\/p>\n<p style=\"margin: 0px 0px 20px; padding: 0px; color: #584d4d; font-family: Arial, sans-serif; text-align: justify;\">\u2981 Repassez avec un fer \u00e0 lisser sans titane sur des m\u00e8ches fines, environ 10 fois en moyenne, chaque m\u00e8che jusqu&#039;\u00e0 ce qu&#039;elle soit scell\u00e9e.<\/p>\n<p style=\"margin: 0px 0px 20px; padding: 0px; color: #584d4d; font-family: Arial, sans-serif; text-align: justify;\">(*) Test de la m\u00e8che : Choisissez une m\u00e8che de cheveux sur le dessus de la t\u00eate et effectuez toutes les \u00e9tapes indiqu\u00e9es dans le \u00ab Mode d&#039;emploi \u00bb. Observez l&#039;\u00e9volution du lissage, donnant la r\u00e9sistance des cheveux au r\u00e9sultat souhait\u00e9. V\u00e9rifiez s&#039;il y a des changements ind\u00e9sirables dans le brin. En cas de doute sur l&#039;\u00e9tat du cheveu, en cas de modifications ind\u00e9sirables de la m\u00e8che ou en cas d&#039;irritation, ne pas appliquer le produit.<\/p>\n<p>&nbsp;<\/p>\n<p>&nbsp;<\/p>\n<p><span style=\"color: #584d4d; font-family: Arial, sans-serif; text-align: justify; background-color: #f6fdff;\">Aqua, alcool c\u00e9t\u00e9arylique, st\u00e9aramidopropyl dim\u00e9thylamine, propyl\u00e8ne glycol, alcool c\u00e9tylique, chlorure de c\u00e9trimonium, liquide de paraffine, huile de jojoba, Polyquaterium 7, Polyquaterium 10, Ceteareth-20, beurre de butyrospermim Parkii (karit\u00e9), acide glutamique s\u00e9rine, carbocyst\u00e9ine, prot\u00e9ine de riz hydrolys\u00e9e, PEG-90M, acide citrique, chlorure de guar hidroxypropyltrimonium, huile de noix de coco, fleur de tiar\u00e9, Peg-200, huile de ricin hydrog\u00e9n\u00e9e, cyclopentasiloxane, dim\u00e9thicone, EDTA disodique, hydroxytolu\u00e8ne butyl\u00e9, m\u00e9thylchloroisothiazolinone, m\u00e9thylisothiazolinone, parfum, cithypropomarin, butytronellotral, couthypropmarinional, cithytronellotral Hydroxycitronellal, d-Limon\u00e8ne, Linalol, CI 60730, CI 16035.<\/span><\/p>\n<p>&nbsp;<\/p>\n<p>&nbsp;<\/p>\n<p><span style=\"color: #584d4d; font-family: Arial, sans-serif; text-align: justify; background-color: #f6fdff;\">Usage externe. Utilisation professionnelle. Conserver hors de la port\u00e9e des enfants dans un endroit frais et sec. En cas de contact avec les yeux, rincer abondamment \u00e0 l&#039;eau. En cas d&#039;irritation, cesser l&#039;utilisation et consulter un m\u00e9decin. Ne pas appliquer si le cuir chevelu pr\u00e9sente une irritation ou des \u00e9corchures. Ne pas utiliser si vous \u00eates allergique \u00e0 l&#039;un des composants de la formulation ou si le produit change d&#039;apparence.<\/span><\/p>","protected":false},"excerpt":{"rendered":"<p>Betox Mabelle agit comme un d\u00e9p\u00f4t de masse capillaire \u00e0 fort impact. C&#039;est un traitement qui corrige les d\u00e9fauts de la fibre endommag\u00e9e, discipline les m\u00e8ches, en plus de fournir une hydratation en profondeur et un remplacement des prot\u00e9ines.<\/p>","protected":false},"featured_media":5534,"comment_status":"open","ping_status":"closed","template":"","meta":[],"product_brand":[],"product_cat":[623,489],"product_tag":[],"class_list":{"0":"post-5535","1":"product","2":"type-product","3":"status-publish","4":"has-post-thumbnail","6":"product_cat-hair","7":"product_cat-treatment","9":"first","10":"instock","11":"taxable","12":"shipping-taxable","13":"purchasable","14":"product-type-simple"},"_links":{"self":[{"href":"https:\/\/e-cosmeticos.com\/fr\/wp-json\/wp\/v2\/product\/5535","targetHints":{"allow":["GET"]}}],"collection":[{"href":"https:\/\/e-cosmeticos.com\/fr\/wp-json\/wp\/v2\/product"}],"about":[{"href":"https:\/\/e-cosmeticos.com\/fr\/wp-json\/wp\/v2\/types\/product"}],"replies":[{"embeddable":true,"href":"https:\/\/e-cosmeticos.com\/fr\/wp-json\/wp\/v2\/comments?post=5535"}],"wp:featuredmedia":[{"embeddable":true,"href":"https:\/\/e-cosmeticos.com\/fr\/wp-json\/wp\/v2\/media\/5534"}],"wp:attachment":[{"href":"https:\/\/e-cosmeticos.com\/fr\/wp-json\/wp\/v2\/media?parent=5535"}],"wp:term":[{"taxonomy":"product_brand","embeddable":true,"href":"https:\/\/e-cosmeticos.com\/fr\/wp-json\/wp\/v2\/product_brand?post=5535"},{"taxonomy":"product_cat","embeddable":true,"href":"https:\/\/e-cosmeticos.com\/fr\/wp-json\/wp\/v2\/product_cat?post=5535"},{"taxonomy":"product_tag","embeddable":true,"href":"https:\/\/e-cosmeticos.com\/fr\/wp-json\/wp\/v2\/product_tag?post=5535"}],"curies":[{"name":"wp","href":"https:\/\/api.w.org\/{rel}","templated":true}]}}