{"id":5537,"date":"2021-06-10T13:04:41","date_gmt":"2021-06-10T13:04:41","guid":{"rendered":"https:\/\/e-cosmeticos.com\/?post_type=product&#038;p=5537"},"modified":"2025-11-01T02:52:07","modified_gmt":"2025-11-01T05:52:07","slug":"mabelle-shampoo","status":"publish","type":"product","link":"https:\/\/e-cosmeticos.com\/fr\/produit\/mabelle-shampoo\/","title":{"rendered":"Mabelle Shampooing 500ml"},"content":{"rendered":"<p><span style=\"color: #584d4d; font-family: Arial, sans-serif; text-align: justify; background-color: #f6fdff;\">Appliquer sur cheveux mouill\u00e9s et laver l\u00e9g\u00e8rement une premi\u00e8re fois pour \u00e9liminer les d\u00e9chets qui entravent la formation de mousse. Rincez et r\u00e9appliquez le shampooing en massant doucement le cuir chevelu jusqu&#039;\u00e0 ce qu&#039;il forme une mousse riche et cr\u00e9meuse. faites mousser jusqu&#039;aux pointes puis rincez les cheveux. Suivez avec Mabelle Condicionador pour de meilleurs r\u00e9sultats.<\/span><\/p>\n<p>&nbsp;<\/p>\n<p><span style=\"color: #584d4d; font-family: Arial, sans-serif; text-align: justify; background-color: #f6fdff;\">Aqua, laureth sulfate de sodium, cocamide DEA, cocamidopropyl b\u00e9ta\u00efne, polysorbate 20, glyc\u00e9rine, PEG-200, palmate de glyc\u00e9ryle hydrog\u00e9n\u00e9, cocoate de glyc\u00e9ryle PEG-7, dist\u00e9arate de glycol, Laureth-4, lanoline, biotine, acide glutamique, s\u00e9rine, carbocyst\u00e9ine, hydrolys\u00e9e Prot\u00e9ine de riz, PEG-90M, Cocoamphoac\u00e9tate de sodium, Amodim\u00e9thicone, C-11-15, Pareth-7, Laureth-9, Trideceth-12, Chlorure d&#039;hydroxypropyltrimonium de guar, K\u00e9ratine hydrolys\u00e9e, PEG-150 Dist\u00e9arate, Acide citrique, EDTA disodique, Methychloroisothiazolinone, Methylisothiazolinone, Fragrance, Butyphenyl Methypropional, Citral, Citronellol, Coumarine, Hydroxycitronellal, D-Limonene, Lonalool, CI 60730, CI 16035.<\/span><\/p>\n<p>&nbsp;<\/p>\n<p><span style=\"color: #584d4d; font-family: Arial, sans-serif; text-align: justify; background-color: #f6fdff;\">Usage externe. Tenir hors de port\u00e9e des enfants. En cas d&#039;allergie \u00e0 l&#039;un des composants de la formule, cesser l&#039;utilisation.<\/span><\/p>","protected":false},"excerpt":{"rendered":"<p>Le shampooing traitant Mabelle sp\u00e9cialement d\u00e9velopp\u00e9 pour les cheveux ab\u00eem\u00e9s et trait\u00e9s chimiquement, nourrit les cheveux extra-secs en les nettoyant en douceur. Sa formulation contient les ingr\u00e9dients actifs : Prot\u00e9ine de riz, Biotine, qui r\u00e9pare la structure endommag\u00e9e, nourrit en profondeur, donne douceur et souplesse aux m\u00e8ches.<\/p>","protected":false},"featured_media":5536,"comment_status":"open","ping_status":"closed","template":"","meta":[],"product_brand":[],"product_cat":[623,486],"product_tag":[],"class_list":{"0":"post-5537","1":"product","2":"type-product","3":"status-publish","4":"has-post-thumbnail","6":"product_cat-hair","7":"product_cat-shampoo","9":"first","10":"instock","11":"taxable","12":"shipping-taxable","13":"purchasable","14":"product-type-simple"},"_links":{"self":[{"href":"https:\/\/e-cosmeticos.com\/fr\/wp-json\/wp\/v2\/product\/5537","targetHints":{"allow":["GET"]}}],"collection":[{"href":"https:\/\/e-cosmeticos.com\/fr\/wp-json\/wp\/v2\/product"}],"about":[{"href":"https:\/\/e-cosmeticos.com\/fr\/wp-json\/wp\/v2\/types\/product"}],"replies":[{"embeddable":true,"href":"https:\/\/e-cosmeticos.com\/fr\/wp-json\/wp\/v2\/comments?post=5537"}],"wp:featuredmedia":[{"embeddable":true,"href":"https:\/\/e-cosmeticos.com\/fr\/wp-json\/wp\/v2\/media\/5536"}],"wp:attachment":[{"href":"https:\/\/e-cosmeticos.com\/fr\/wp-json\/wp\/v2\/media?parent=5537"}],"wp:term":[{"taxonomy":"product_brand","embeddable":true,"href":"https:\/\/e-cosmeticos.com\/fr\/wp-json\/wp\/v2\/product_brand?post=5537"},{"taxonomy":"product_cat","embeddable":true,"href":"https:\/\/e-cosmeticos.com\/fr\/wp-json\/wp\/v2\/product_cat?post=5537"},{"taxonomy":"product_tag","embeddable":true,"href":"https:\/\/e-cosmeticos.com\/fr\/wp-json\/wp\/v2\/product_tag?post=5537"}],"curies":[{"name":"wp","href":"https:\/\/api.w.org\/{rel}","templated":true}]}}