{"id":5539,"date":"2021-06-10T13:06:44","date_gmt":"2021-06-10T13:06:44","guid":{"rendered":"https:\/\/e-cosmeticos.com\/?post_type=product&#038;p=5539"},"modified":"2026-02-10T10:29:19","modified_gmt":"2026-02-10T13:29:19","slug":"mabelle-conditioner","status":"publish","type":"product","link":"https:\/\/e-cosmeticos.com\/fr\/produit\/mabelle-conditioner\/","title":{"rendered":"Apr\u00e8s-shampooing Mabelle 500ml"},"content":{"rendered":"<p><span style=\"color: #584d4d; font-family: Arial, sans-serif; text-align: justify; background-color: #f6fdff;\">Appliquer sur cheveux fra\u00eechement nettoy\u00e9s. commencez par des pointes, massez doucement les cheveux et faites glisser les m\u00e8ches de cheveux entre les doigts jusqu&#039;\u00e0 ce qu&#039;elles soient d\u00e9m\u00eal\u00e9es. Laissez agir quelques minutes et rincez abondamment.<\/span><\/p>\n<p>&nbsp;<\/p>\n<p><span style=\"color: #584d4d; font-family: Arial, sans-serif; text-align: justify; background-color: #f6fdff;\">Aqua, alcool c\u00e9t\u00e9arylique, alcool c\u00e9tylique, propyl\u00e8ne glycol, chlorure de c\u00e9trimonium, parafiine liquide, amodim\u00e9thicone, C-11-15, Pareth-7, Laureth-9, glyc\u00e9ryle, Trideceth-12, Ceteareth-20, st\u00e9aramidopropyl dim\u00e9thylamine, polyquaternium 7, polyquaternium 10, acide glutamique, s\u00e9rine, carbocyst\u00e9ine, prot\u00e9ine de riz hydrolys\u00e9e, PEG-90M, k\u00e9ratine hydrolys\u00e9e, extrait de graines de Linum Usitatissimum (graines de lin), extrait de graines de Salvia Hispanica, cyclopentasiloxane, dim\u00e9thicone, chlorure de guar hydroxypropyltrimontium, biotine, arginine, proline, glycine , Acide glutamique, Acide aspartique, Thr\u00e9onine, Isoleucine, Valine, Histidine HCL, Ph\u00e9nylalanine, DMDM Hydanto\u00efne, Ph\u00e9noxy\u00e9thanol, Sodium PCA, Acide citrique, EDTA disodique, Hydroxytolu\u00e8ne butyl\u00e9, M\u00e9thylchloroisothiazolinone, Methylisothrance, Citricolinone, F. Hydroxycitronellal, d-Limon\u00e8ne, Linalol, CI 60730, CI 16035.<\/span><\/p>\n<p>&nbsp;<\/p>\n<p><span style=\"color: #584d4d; font-family: Arial, sans-serif; text-align: justify; background-color: #f6fdff;\">Usage externe. Tenir hors de port\u00e9e des enfants. En cas d&#039;allergie \u00e0 l&#039;un des composants de la formule, cesser l&#039;utilisation.<\/span><\/p>","protected":false},"excerpt":{"rendered":"<p>Mabelle Conditioner a un pouvoir \u00e9lev\u00e9 d&#039;hydratation et de nutrition des m\u00e8ches, qui, alli\u00e9 aux actifs technologiques \u00e9labor\u00e9s pour cette formulation, traite la fibre capillaire en interne, r\u00e9cup\u00e9rant les m\u00e8ches endommag\u00e9es, r\u00e9sultant en des cheveux sains, brillants et doux.<\/p>","protected":false},"featured_media":5538,"comment_status":"open","ping_status":"closed","template":"","meta":[],"product_brand":[],"product_cat":[487,623],"product_tag":[],"class_list":{"0":"post-5539","1":"product","2":"type-product","3":"status-publish","4":"has-post-thumbnail","6":"product_cat-conditioner","7":"product_cat-hair","9":"first","10":"instock","11":"taxable","12":"shipping-taxable","13":"purchasable","14":"product-type-simple"},"_links":{"self":[{"href":"https:\/\/e-cosmeticos.com\/fr\/wp-json\/wp\/v2\/product\/5539","targetHints":{"allow":["GET"]}}],"collection":[{"href":"https:\/\/e-cosmeticos.com\/fr\/wp-json\/wp\/v2\/product"}],"about":[{"href":"https:\/\/e-cosmeticos.com\/fr\/wp-json\/wp\/v2\/types\/product"}],"replies":[{"embeddable":true,"href":"https:\/\/e-cosmeticos.com\/fr\/wp-json\/wp\/v2\/comments?post=5539"}],"wp:featuredmedia":[{"embeddable":true,"href":"https:\/\/e-cosmeticos.com\/fr\/wp-json\/wp\/v2\/media\/5538"}],"wp:attachment":[{"href":"https:\/\/e-cosmeticos.com\/fr\/wp-json\/wp\/v2\/media?parent=5539"}],"wp:term":[{"taxonomy":"product_brand","embeddable":true,"href":"https:\/\/e-cosmeticos.com\/fr\/wp-json\/wp\/v2\/product_brand?post=5539"},{"taxonomy":"product_cat","embeddable":true,"href":"https:\/\/e-cosmeticos.com\/fr\/wp-json\/wp\/v2\/product_cat?post=5539"},{"taxonomy":"product_tag","embeddable":true,"href":"https:\/\/e-cosmeticos.com\/fr\/wp-json\/wp\/v2\/product_tag?post=5539"}],"curies":[{"name":"wp","href":"https:\/\/api.w.org\/{rel}","templated":true}]}}