{"id":5541,"date":"2021-06-10T13:19:34","date_gmt":"2021-06-10T13:19:34","guid":{"rendered":"https:\/\/e-cosmeticos.com\/?post_type=product&#038;p=5541"},"modified":"2025-11-01T19:16:07","modified_gmt":"2025-11-01T22:16:07","slug":"monzina-smart-solution","status":"publish","type":"product","link":"https:\/\/e-cosmeticos.com\/fr\/produit\/monzina-smart-solution\/","title":{"rendered":"Monzina Smart Solution 1L"},"content":{"rendered":"<p style=\"border: 0px; margin: 0px 0px 1.6em; padding: 0px; vertical-align: baseline; color: #686868; font-family: 'Noto Sans', sans-serif; text-align: justify;\">\u2981 Do the lock test before using the product.<\/p>\n<p style=\"border: 0px; margin: 0px 0px 1.6em; padding: 0px; vertical-align: baseline; color: #686868; font-family: 'Noto Sans', sans-serif; text-align: justify;\">\u2981\u00a0Wear suitable gloves. Wash hair with shampoo 2 to 3 times.<\/p>\n<p style=\"border: 0px; margin: 0px 0px 1.6em; padding: 0px; vertical-align: baseline; color: #686868; font-family: 'Noto Sans', sans-serif; text-align: justify;\">\u2981 Dry the hair in about 80%, separate the hair into 4 parts and apply the product strand by strand using a pencil, align the hair with a fine comb and let it act for 60 minutes.<\/p>\n<p style=\"border: 0px; margin: 0px 0px 1.6em; padding: 0px; vertical-align: baseline; color: #686868; font-family: 'Noto Sans', sans-serif; text-align: justify;\">\u2981\u00a0Rinse 80% of product with water, blow dry with hair dryer and flat iron in fine hair strand 10-15 times each.<\/p>\n<p style=\"border: 0px; margin: 0px 0px 1.6em; padding: 0px; vertical-align: baseline; color: #686868; font-family: 'Noto Sans', sans-serif; text-align: justify;\">\u2981\u00a0Wait 15 minutes and then thoroughly wash the hair using shampoo and conditioner Monzina Smart.<\/p>\n<p style=\"border: 0px; margin: 0px 0px 1.6em; padding: 0px; vertical-align: baseline; color: #686868; font-family: 'Noto Sans', sans-serif; text-align: justify;\">(*) Test de la m\u00e8che : Choisissez une m\u00e8che de cheveux sur le dessus de la t\u00eate et effectuez toutes les \u00e9tapes indiqu\u00e9es dans le \u00ab Mode d&#039;emploi \u00bb. Observez l&#039;\u00e9volution du lissage, donnant la r\u00e9sistance des cheveux au r\u00e9sultat souhait\u00e9. V\u00e9rifiez s&#039;il y a des changements ind\u00e9sirables dans le brin. En cas de doute sur l&#039;\u00e9tat du cheveu, en cas de modifications ind\u00e9sirables de la m\u00e8che ou en cas d&#039;irritation, ne pas appliquer le produit.<\/p>\n<p>&nbsp;<\/p>\n<p>&nbsp;<\/p>\n<p>&nbsp;<\/p>\n<p>&nbsp;<\/p>\n<p>&nbsp;<\/p>\n<p><span style=\"color: #686868; font-family: 'Noto Sans', sans-serif; text-align: justify;\">\u2981\u00a0 Maximum smoothing and strengthening.<\/span><br style=\"color: #686868; font-family: 'Noto Sans', sans-serif; text-align: justify;\" \/><span style=\"color: #686868; font-family: 'Noto Sans', sans-serif; text-align: justify;\">\u2981\u00a0 Long lasting results with natural movement and glowing.<\/span><br style=\"color: #686868; font-family: 'Noto Sans', sans-serif; text-align: justify;\" \/><span style=\"color: #686868; font-family: 'Noto Sans', sans-serif; text-align: justify;\">\u2981\u00a0 Formaldehyde and derivatives free.<\/span><br style=\"color: #686868; font-family: 'Noto Sans', sans-serif; text-align: justify;\" \/><span style=\"color: #686868; font-family: 'Noto Sans', sans-serif; text-align: justify;\">\u2981\u00a0 Proudly made in Brazil.<\/span><br style=\"color: #686868; font-family: 'Noto Sans', sans-serif; text-align: justify;\" \/><span style=\"color: #686868; font-family: 'Noto Sans', sans-serif; text-align: justify;\">Sans paraben.<\/span><br style=\"color: #686868; font-family: 'Noto Sans', sans-serif; text-align: justify;\" \/><span style=\"color: #686868; font-family: 'Noto Sans', sans-serif; text-align: justify;\">Sans cruaut\u00e9.<\/span><\/p>\n<p>&nbsp;<\/p>\n<p>&nbsp;<\/p>\n<p><span style=\"color: #686868; font-family: 'Noto Sans', sans-serif; text-align: justify;\">Usage externe. Conserver hors de la port\u00e9e des enfants dans un endroit frais et sec. En cas de contact avec les yeux, rincer abondamment \u00e0 l&#039;eau. En cas d&#039;irritation, cesser l&#039;utilisation et consulter un m\u00e9decin. Ne pas appliquer si le cuir chevelu pr\u00e9sente une irritation ou des \u00e9corchures. Ne pas utiliser si vous \u00eates allergique \u00e0 l&#039;un des composants de la formulation ou si le produit change d&#039;apparence<\/span><\/p>\n<p><span style=\"color: #686868; font-family: 'Noto Sans', sans-serif; text-align: justify;\"><strong>Ingr\u00e9dients: <\/strong>Aqua, Cetearyl Alcohol, Cetrimonium Chloride, Glycerin, Paraffinum Liquidum, Stearamidopropyl Dimethylamine, Propylene Glycol, Hydroxypropyl Starch Phosphate, Ceteareth-20, Polyquaternium-7, Butyrospermum Parkii Butter, Dimethicone, Lactic Acid, Hydrolyzed Silk, Fucus Vesiculosus Extract, Hydrolyzed Wheat Protein, Arginine, Serine, Proline, Glycine, Alanine, Glutamic Acid,Aspartic Acid, Threonine, Isoleucine, Valine, Histidine HCL, Phenylalanine, Phenoxyethanol, Sodium PCA, Argania Spinosa Kernel Oil, Macadamia Ternifolia Nut Oil, Chamomilla Recutita Flower Extract, Camellia Sinensis Leaf Extract, Persea Gratissima (Avocado) Oil, Chenopodium Quinoa Extract, Disodium EDTA, Parfum, Benzyl Benzoate, Coumarin, Hydroxycitronellal, Chlorhexidine Digluconate, CI 16035.<br \/>\n<\/span><\/p>","protected":false},"excerpt":{"rendered":"<p>Monzina Smart Solution est une combinaison d&#039;ingr\u00e9dients actifs biotechnologiques qui agissent ensemble pour lisser les cheveux durs. La formule poss\u00e8de des actifs essentiels pour une r\u00e9cup\u00e9ration compl\u00e8te du lissage des m\u00e8ches et une nutrition en toute s\u00e9curit\u00e9. Dites adieu aux produits chimiques agressifs et aux conservateurs. Avec Smart Solution, les cheveux acqui\u00e8rent un aspect plus naturel, avec une luminosit\u00e9 intense et restent sains et sans agression.<\/p>","protected":false},"featured_media":5540,"comment_status":"open","ping_status":"closed","template":"","meta":[],"product_brand":[],"product_cat":[623,491],"product_tag":[],"class_list":{"0":"post-5541","1":"product","2":"type-product","3":"status-publish","4":"has-post-thumbnail","6":"product_cat-hair","7":"product_cat-smoothing","9":"first","10":"instock","11":"taxable","12":"shipping-taxable","13":"purchasable","14":"product-type-simple"},"_links":{"self":[{"href":"https:\/\/e-cosmeticos.com\/fr\/wp-json\/wp\/v2\/product\/5541","targetHints":{"allow":["GET"]}}],"collection":[{"href":"https:\/\/e-cosmeticos.com\/fr\/wp-json\/wp\/v2\/product"}],"about":[{"href":"https:\/\/e-cosmeticos.com\/fr\/wp-json\/wp\/v2\/types\/product"}],"replies":[{"embeddable":true,"href":"https:\/\/e-cosmeticos.com\/fr\/wp-json\/wp\/v2\/comments?post=5541"}],"wp:featuredmedia":[{"embeddable":true,"href":"https:\/\/e-cosmeticos.com\/fr\/wp-json\/wp\/v2\/media\/5540"}],"wp:attachment":[{"href":"https:\/\/e-cosmeticos.com\/fr\/wp-json\/wp\/v2\/media?parent=5541"}],"wp:term":[{"taxonomy":"product_brand","embeddable":true,"href":"https:\/\/e-cosmeticos.com\/fr\/wp-json\/wp\/v2\/product_brand?post=5541"},{"taxonomy":"product_cat","embeddable":true,"href":"https:\/\/e-cosmeticos.com\/fr\/wp-json\/wp\/v2\/product_cat?post=5541"},{"taxonomy":"product_tag","embeddable":true,"href":"https:\/\/e-cosmeticos.com\/fr\/wp-json\/wp\/v2\/product_tag?post=5541"}],"curies":[{"name":"wp","href":"https:\/\/api.w.org\/{rel}","templated":true}]}}