{"id":5543,"date":"2021-06-14T15:57:11","date_gmt":"2021-06-14T15:57:11","guid":{"rendered":"https:\/\/e-cosmeticos.com\/?post_type=product&#038;p=5543"},"modified":"2026-02-11T11:46:01","modified_gmt":"2026-02-11T14:46:01","slug":"gold-caviar-protein-1l","status":"publish","type":"product","link":"https:\/\/e-cosmeticos.com\/fr\/produit\/gold-caviar-protein-1l\/","title":{"rendered":"Or Caviar Prot\u00e9ine 1L"},"content":{"rendered":"<div class=\"elementor-element elementor-element-8720d4b elementor-widget elementor-widget-text-editor\" style=\"font-family: Gilroy-Light, sans-serif; width: 634.19px; margin-bottom: 20px; font-size: 15px;\" data-id=\"8720d4b\" data-element_type=\"widget\" data-widget_type=\"text-editor.default\">\n<div class=\"elementor-widget-container\">\n<p style=\"border: 0px; font-style: inherit; font-weight: inherit; margin: 0px 0px 1.6em; padding: 0px; vertical-align: baseline;\">Mode d&#039;emploi : Divisez les cheveux en 4 parties et appliquez le produit en massant les m\u00e8ches. Alignez les m\u00e8ches avec un peigne et laissez reposer 40 minutes ou plus. Rincer les cheveux en n&#039;enlevant que l&#039;exc\u00e9dent de produit, s\u00e9cher les cheveux \u00e0 l&#039;aide d&#039;un s\u00e8che-cheveux 100%, repasser en m\u00e8che tr\u00e8s fine \u00e0 l&#039;aide d&#039;un lisseur Nano-titane jusqu&#039;\u00e0 ce que la m\u00e8che devienne 15 fois brillante en moyenne. Si vous pr\u00e9f\u00e9rez, appliquez le Masque Gold Caviar sur les cheveux et laissez-le pendant 20 minutes, rincez et finalisez.<\/p>\n<p>&nbsp;<\/p>\n<p style=\"border: 0px; font-style: inherit; font-weight: inherit; margin: 0px 0px 1.6em; padding: 0px; vertical-align: baseline;\">Ingredients: Aqua, Behentrimonium Methosulfate, Cetearyl Alcohol, Caviar Extract , Behentrimonium Chloride, Stearamydopropyl Dimethilamine, Butyrospermum Parkii (Shea) Butter, Hydrolyzed Wheat Protein, , Dimethicone , Lactic Acid, Citric Acid, Cocos Nuciferas Oil, Hydrolized Silk Protein, Serine, Glicine, Alanine, Parfum,  Amyl Cinnamal, Benzyl Alcohol, Benzyl Benzoate, Benzyl Salicylate, Cinnamal, Cinnamyl Alcohol, Citral, Citronellol, Coumarin, Geraniol, Hexyl Cinnamal, Hydroxycitronellal, Isoeugenol, Limonene, Linalool, Ci 19140.<\/p>\n<\/div>\n<\/div>\n<div class=\"elementor-element elementor-element-f752318 elementor-widget elementor-widget-heading\" style=\"width: 634.19px; color: #3a3a3a; font-family: -apple-system, BlinkMacSystemFont, 'Segoe UI', Roboto, Oxygen-Sans, Ubuntu, Cantarell, 'Helvetica Neue', sans-serif; font-size: 15px;\" data-id=\"f752318\" data-element_type=\"widget\" data-widget_type=\"heading.default\">\n<div class=\"elementor-widget-container\">\n<p class=\"elementor-heading-title elementor-size-default\" style=\"border: 0px; font-style: inherit; font-weight: 600; margin: 0px; padding: 0px; vertical-align: baseline; line-height: 1; color: #929292; font-family: Gilroy-Light, sans-serif;\">\n<\/div>\n<\/div>","protected":false},"excerpt":{"rendered":"<p>Le traitement capillaire Sweeteez Gold Caviar \u00e0 base de prot\u00e9ine de bl\u00e9, de prot\u00e9ine de soie, d&#039;extrait de caviar, d&#039;acides amin\u00e9s favorise le r\u00e9alignement du cheveu, la nutrition de la racine jusqu&#039;aux pointes et la reconstruction des m\u00e8ches. Sa formule unique a le pouvoir de r\u00e9duire le volume et de prolonger l&#039;effet liss.<\/p>","protected":false},"featured_media":6596,"comment_status":"open","ping_status":"closed","template":"","meta":[],"product_brand":[],"product_cat":[623,491],"product_tag":[],"class_list":{"0":"post-5543","1":"product","2":"type-product","3":"status-publish","4":"has-post-thumbnail","6":"product_cat-hair","7":"product_cat-smoothing","9":"first","10":"instock","11":"taxable","12":"shipping-taxable","13":"purchasable","14":"product-type-simple"},"_links":{"self":[{"href":"https:\/\/e-cosmeticos.com\/fr\/wp-json\/wp\/v2\/product\/5543","targetHints":{"allow":["GET"]}}],"collection":[{"href":"https:\/\/e-cosmeticos.com\/fr\/wp-json\/wp\/v2\/product"}],"about":[{"href":"https:\/\/e-cosmeticos.com\/fr\/wp-json\/wp\/v2\/types\/product"}],"replies":[{"embeddable":true,"href":"https:\/\/e-cosmeticos.com\/fr\/wp-json\/wp\/v2\/comments?post=5543"}],"wp:featuredmedia":[{"embeddable":true,"href":"https:\/\/e-cosmeticos.com\/fr\/wp-json\/wp\/v2\/media\/6596"}],"wp:attachment":[{"href":"https:\/\/e-cosmeticos.com\/fr\/wp-json\/wp\/v2\/media?parent=5543"}],"wp:term":[{"taxonomy":"product_brand","embeddable":true,"href":"https:\/\/e-cosmeticos.com\/fr\/wp-json\/wp\/v2\/product_brand?post=5543"},{"taxonomy":"product_cat","embeddable":true,"href":"https:\/\/e-cosmeticos.com\/fr\/wp-json\/wp\/v2\/product_cat?post=5543"},{"taxonomy":"product_tag","embeddable":true,"href":"https:\/\/e-cosmeticos.com\/fr\/wp-json\/wp\/v2\/product_tag?post=5543"}],"curies":[{"name":"wp","href":"https:\/\/api.w.org\/{rel}","templated":true}]}}