{"id":5547,"date":"2021-06-14T16:03:12","date_gmt":"2021-06-14T16:03:12","guid":{"rendered":"https:\/\/e-cosmeticos.com\/?post_type=product&#038;p=5547"},"modified":"2025-11-02T22:35:19","modified_gmt":"2025-11-03T01:35:19","slug":"gold-caviar-shampoo","status":"publish","type":"product","link":"https:\/\/e-cosmeticos.com\/fr\/produit\/gold-caviar-shampoo\/","title":{"rendered":"Shampooing Caviar Or 300ml"},"content":{"rendered":"<div class=\"elementor-element elementor-element-4037a361 elementor-widget elementor-widget-text-editor\" style=\"font-family: Gilroy-Light, sans-serif;width: 634.19px;margin-bottom: 20px;font-size: 15px\" data-id=\"4037a361\" data-element_type=\"widget\" data-widget_type=\"text-editor.default\">\n<div class=\"elementor-widget-container\">\n<p style=\"border: 0px;font-style: inherit;font-weight: inherit;margin: 0px 0px 1.6em;padding: 0px;vertical-align: baseline\">Mode d&#039;emploi : Appliquer sur cheveux mouill\u00e9s et laver l\u00e9g\u00e8rement une premi\u00e8re fois pour \u00e9liminer les d\u00e9chets qui entravent la formation de mousse. Rincez et r\u00e9appliquez le shampooing en massant doucement le cuir chevelu jusqu&#039;\u00e0 ce qu&#039;il forme une mousse riche et cr\u00e9meuse. Faites glisser la mousse jusqu&#039;aux pointes. Rincer et conditionner ensuite.<\/p>\n<p>&nbsp;<\/p>\n<\/div>\n<p>Ingredients: AQUA, SODIUM LAURETH SULFATE, COCAMIDE MEA, COCAMIDOPROPYL BETAINE, PARFUM, STEARAMIDOPROPYL DIMETHYLAMINE, STYRENE\/VP COPOLYMER, DISODIUM ETDA, CITRIC ACID, PEG-150 DISTEARATE, POLYQUATERNIUM-10, POLYQUATERNIUM-55, HIPOPPHAE RHAMNOIDES OIL, COCOS NUCIFERA OIL, POLYQUATERNIUM-7, BENZOTRIAZOLYL DODECYL, P-CRESOL, HYDROLYZED KERATIN, HYDROLIZED SILK, PANTHENOL, STEARIC ACID, METHYLCHLOROISOTHIAZOLINONE\/METHYLISOTHIAZOLINONE, BENZYLALCOHOL.<\/p>\n<\/div>","protected":false},"excerpt":{"rendered":"<p>Shampooing Nutritive favorise le nettoyage des cheveux et du cuir chevelu, en \u00e9liminant les impuret\u00e9s et irt qui p\u00e8sent sur les fils. Formul\u00e9 avec des huiles de k\u00e9ratine, de prot\u00e9ine de soie, de panth\u00e9nol, de coco et d&#039;obliphica, il apporte force, r\u00e9paration, protection et hydratation aux cheveux.<\/p>","protected":false},"featured_media":6594,"comment_status":"open","ping_status":"closed","template":"","meta":[],"product_brand":[],"product_cat":[623,486],"product_tag":[],"class_list":{"0":"post-5547","1":"product","2":"type-product","3":"status-publish","4":"has-post-thumbnail","6":"product_cat-hair","7":"product_cat-shampoo","9":"first","10":"instock","11":"taxable","12":"shipping-taxable","13":"purchasable","14":"product-type-simple"},"_links":{"self":[{"href":"https:\/\/e-cosmeticos.com\/fr\/wp-json\/wp\/v2\/product\/5547","targetHints":{"allow":["GET"]}}],"collection":[{"href":"https:\/\/e-cosmeticos.com\/fr\/wp-json\/wp\/v2\/product"}],"about":[{"href":"https:\/\/e-cosmeticos.com\/fr\/wp-json\/wp\/v2\/types\/product"}],"replies":[{"embeddable":true,"href":"https:\/\/e-cosmeticos.com\/fr\/wp-json\/wp\/v2\/comments?post=5547"}],"wp:featuredmedia":[{"embeddable":true,"href":"https:\/\/e-cosmeticos.com\/fr\/wp-json\/wp\/v2\/media\/6594"}],"wp:attachment":[{"href":"https:\/\/e-cosmeticos.com\/fr\/wp-json\/wp\/v2\/media?parent=5547"}],"wp:term":[{"taxonomy":"product_brand","embeddable":true,"href":"https:\/\/e-cosmeticos.com\/fr\/wp-json\/wp\/v2\/product_brand?post=5547"},{"taxonomy":"product_cat","embeddable":true,"href":"https:\/\/e-cosmeticos.com\/fr\/wp-json\/wp\/v2\/product_cat?post=5547"},{"taxonomy":"product_tag","embeddable":true,"href":"https:\/\/e-cosmeticos.com\/fr\/wp-json\/wp\/v2\/product_tag?post=5547"}],"curies":[{"name":"wp","href":"https:\/\/api.w.org\/{rel}","templated":true}]}}