{"id":5549,"date":"2021-06-14T16:05:47","date_gmt":"2021-06-14T16:05:47","guid":{"rendered":"https:\/\/e-cosmeticos.com\/?post_type=product&#038;p=5549"},"modified":"2026-02-11T11:44:59","modified_gmt":"2026-02-11T14:44:59","slug":"gold-caviar-conditioner","status":"publish","type":"product","link":"https:\/\/e-cosmeticos.com\/fr\/produit\/gold-caviar-conditioner\/","title":{"rendered":"Apr\u00e8s-shampooing Gold Caviar 300ml"},"content":{"rendered":"<div class=\"elementor-element elementor-element-31659453 elementor-widget elementor-widget-text-editor\" style=\"font-family: Gilroy-Light, sans-serif;width: 634.19px;margin-bottom: 20px;font-size: 15px\" data-id=\"31659453\" data-element_type=\"widget\" data-widget_type=\"text-editor.default\">\n<div class=\"elementor-widget-container\">\n<p style=\"border: 0px;font-style: inherit;font-weight: inherit;margin: 0px 0px 1.6em;padding: 0px;vertical-align: baseline\">Mode d&#039;emploi : Appliquer sur cheveux humides et propres. Commencez par des pointes, massez doucement les cheveux et faites glisser les fils entre les doigts jusqu&#039;\u00e0 ce qu&#039;ils soient d\u00e9m\u00eal\u00e9s. Laissez agir quelques minutes et rincez abondamment.<\/p>\n<p>&nbsp;<\/p>\n<\/div>\n<p>Ingredients: Aqua, Stearyl Alcohol, Paraffinum Liquidum, Glycerin, Stearamidopropyl Dimethylamine, Cetyl Alcohol, Cocos Nucifera Oil, Quaternium-70, Cetrimonium Chloride, Hydroxypropyl Starch Phosphate, Alcohol, Cyclopentasiloxane, Behentrimonium Chloride, Parfum, LacticAcid, Myristyl Alcohol, Octadecyl Di\u2010T\u2010Butyl\u20104\u2010Hydroxyhydrocinnamate, Dimethiconol, Disodium EDTA, Hippophae Rhamnoides Oil, PEG\u201090M, Benzotriazolyl Dodecyl P\u2010Cresol, Hydrolyzed Keratin, Hydrolyzed Silk, Panthenol, Stearic Acid, Methyl chloroisothiazolinone\/ Methylisothiazolinone, Benzyl Alcohol.<\/p>\n<\/div>","protected":false},"excerpt":{"rendered":"<p>Le revitalisant nutritif favorise le soin des cheveux en hydratant et en am\u00e9liorant les propri\u00e9t\u00e9s sensorielles du fil. Formul\u00e9 \u00e0 base d&#039;huiles de K\u00e9ratine, Prot\u00e9ine de Soie, Panth\u00e9nol, Noix de Coco et Obliphica, il apporte force, souplesse, brillance, nutrition et hydratation, rehaussant la beaut\u00e9 des cheveux.<\/p>","protected":false},"featured_media":6595,"comment_status":"open","ping_status":"closed","template":"","meta":[],"product_brand":[],"product_cat":[487,623],"product_tag":[],"class_list":{"0":"post-5549","1":"product","2":"type-product","3":"status-publish","4":"has-post-thumbnail","6":"product_cat-conditioner","7":"product_cat-hair","9":"first","10":"instock","11":"taxable","12":"shipping-taxable","13":"purchasable","14":"product-type-simple"},"_links":{"self":[{"href":"https:\/\/e-cosmeticos.com\/fr\/wp-json\/wp\/v2\/product\/5549","targetHints":{"allow":["GET"]}}],"collection":[{"href":"https:\/\/e-cosmeticos.com\/fr\/wp-json\/wp\/v2\/product"}],"about":[{"href":"https:\/\/e-cosmeticos.com\/fr\/wp-json\/wp\/v2\/types\/product"}],"replies":[{"embeddable":true,"href":"https:\/\/e-cosmeticos.com\/fr\/wp-json\/wp\/v2\/comments?post=5549"}],"wp:featuredmedia":[{"embeddable":true,"href":"https:\/\/e-cosmeticos.com\/fr\/wp-json\/wp\/v2\/media\/6595"}],"wp:attachment":[{"href":"https:\/\/e-cosmeticos.com\/fr\/wp-json\/wp\/v2\/media?parent=5549"}],"wp:term":[{"taxonomy":"product_brand","embeddable":true,"href":"https:\/\/e-cosmeticos.com\/fr\/wp-json\/wp\/v2\/product_brand?post=5549"},{"taxonomy":"product_cat","embeddable":true,"href":"https:\/\/e-cosmeticos.com\/fr\/wp-json\/wp\/v2\/product_cat?post=5549"},{"taxonomy":"product_tag","embeddable":true,"href":"https:\/\/e-cosmeticos.com\/fr\/wp-json\/wp\/v2\/product_tag?post=5549"}],"curies":[{"name":"wp","href":"https:\/\/api.w.org\/{rel}","templated":true}]}}