{"id":5551,"date":"2021-06-14T16:11:33","date_gmt":"2021-06-14T16:11:33","guid":{"rendered":"https:\/\/e-cosmeticos.com\/?post_type=product&#038;p=5551"},"modified":"2025-11-02T22:34:08","modified_gmt":"2025-11-03T01:34:08","slug":"gold-caviar-mask","status":"publish","type":"product","link":"https:\/\/e-cosmeticos.com\/fr\/produit\/gold-caviar-mask\/","title":{"rendered":"Masque Caviar Dor\u00e9 250g"},"content":{"rendered":"<div class=\"elementor-element elementor-element-38f7a75c elementor-widget elementor-widget-text-editor\" style=\"font-family: Gilroy-Light, sans-serif;width: 634.19px;margin-bottom: 20px;font-size: 15px\" data-id=\"38f7a75c\" data-element_type=\"widget\" data-widget_type=\"text-editor.default\">\n<div class=\"elementor-widget-container\">\n<p style=\"border: 0px;font-style: inherit;font-weight: inherit;margin: 0px 0px 1.6em;padding: 0px;vertical-align: baseline\">Mode d&#039;emploi : Appliquer une quantit\u00e9 g\u00e9n\u00e9reuse du masque sur cheveux propres et humides, m\u00e8che par m\u00e8che, en commen\u00e7ant par les pointes, en massant d\u00e9licatement les fils pour arriver \u00e0 la racine. Laisser agir entre 10 et 20 minutes, sans source de chaleur et rincer abondamment \u00e0 l&#039;eau.<\/p>\n<p>&nbsp;<\/p>\n<\/div>\n<p>Ingr\u00e9dients : Aqua, Glyc\u00e9rine, Alcool c\u00e9t\u00e9arylique, Paraffinum Liquidum, Alcool c\u00e9tylique, Petrolatum, Huile de Cocos Nucifera, Quaternium-70, Dim\u00e9thicone, Chlorure de c\u00e9trimonium, Phosphate d&#039;amidon hydroxypropylique, St\u00e9aramidopropyl dim\u00e9thylamine, Alcool, Chlorure de b\u00e9hentrimonium, Parfum, Alcool myristylique, Acide lactique, Octad\u00e9cyl di-t-butyl-4 hydroxyhydrocinnamate, Dim\u00e9thiconol, EDTA disodique, Huile d&#039;Hippoppae Rhamnoides, PEG-90M, Benzotriazolyl dod\u00e9cyl p-cr\u00e9sol, K\u00e9ratine hydrolys\u00e9e, Soie hydrolys\u00e9e, Panth\u00e9nol, Acide st\u00e9arique, M\u00e9thylchloroisothiazolinone, M\u00e9thylisothiazolinone, Alcool benzylique.<\/p>\n<\/div>","protected":false},"excerpt":{"rendered":"<p>Le Masque Hydratant apporte revitalisation, douceur et soyeux aux cheveux, rehaussant la beaut\u00e9 des fils. Fabriqu\u00e9 avec des huiles de k\u00e9ratine, de prot\u00e9ine de soie, de panth\u00e9nol, de noix de coco et d&#039;obliphica, il offre protection, brillance et douceur, facilitant la coiffure et favorisant l&#039;\u00e9quilibre pour endommager les cheveux.<\/p>","protected":false},"featured_media":6597,"comment_status":"open","ping_status":"closed","template":"","meta":[],"product_brand":[],"product_cat":[623,489],"product_tag":[],"class_list":{"0":"post-5551","1":"product","2":"type-product","3":"status-publish","4":"has-post-thumbnail","6":"product_cat-hair","7":"product_cat-treatment","9":"first","10":"instock","11":"taxable","12":"shipping-taxable","13":"purchasable","14":"product-type-simple"},"_links":{"self":[{"href":"https:\/\/e-cosmeticos.com\/fr\/wp-json\/wp\/v2\/product\/5551","targetHints":{"allow":["GET"]}}],"collection":[{"href":"https:\/\/e-cosmeticos.com\/fr\/wp-json\/wp\/v2\/product"}],"about":[{"href":"https:\/\/e-cosmeticos.com\/fr\/wp-json\/wp\/v2\/types\/product"}],"replies":[{"embeddable":true,"href":"https:\/\/e-cosmeticos.com\/fr\/wp-json\/wp\/v2\/comments?post=5551"}],"wp:featuredmedia":[{"embeddable":true,"href":"https:\/\/e-cosmeticos.com\/fr\/wp-json\/wp\/v2\/media\/6597"}],"wp:attachment":[{"href":"https:\/\/e-cosmeticos.com\/fr\/wp-json\/wp\/v2\/media?parent=5551"}],"wp:term":[{"taxonomy":"product_brand","embeddable":true,"href":"https:\/\/e-cosmeticos.com\/fr\/wp-json\/wp\/v2\/product_brand?post=5551"},{"taxonomy":"product_cat","embeddable":true,"href":"https:\/\/e-cosmeticos.com\/fr\/wp-json\/wp\/v2\/product_cat?post=5551"},{"taxonomy":"product_tag","embeddable":true,"href":"https:\/\/e-cosmeticos.com\/fr\/wp-json\/wp\/v2\/product_tag?post=5551"}],"curies":[{"name":"wp","href":"https:\/\/api.w.org\/{rel}","templated":true}]}}