{"id":5684,"date":"2021-06-22T12:35:26","date_gmt":"2021-06-22T12:35:26","guid":{"rendered":"https:\/\/e-cosmeticos.com\/?post_type=product&#038;p=5684"},"modified":"2025-11-02T22:37:21","modified_gmt":"2025-11-03T01:37:21","slug":"maria-isabel-protein-1l","status":"publish","type":"product","link":"https:\/\/e-cosmeticos.com\/fr\/produit\/maria-isabel-protein-1l\/","title":{"rendered":"Maria Isabel Prot\u00e9ine 1L"},"content":{"rendered":"<p style=\"margin: 0px 0px 20px;padding: 0px;text-align: justify;color: #393939;font-family: myriad-pro-light, Arial, Helvetica, sans-serif\"><strong>Comment utiliser:<\/strong>\u00a0Laver les cheveux avec un shampooing 3 \u00e0 5 fois. S\u00e9chez vos cheveux sur 80%, s\u00e9parez les cheveux en 4 parties et appliquez le produit m\u00e8che par m\u00e8che \u00e0 l&#039;aide d&#039;un pinceau. Alignez le fil avec le peigne et laissez-le pendant 60 minutes. Rincer le 50% du produit \u00e0 l&#039;eau, brosser et repasser en brin tr\u00e8s fin toutes les 15 fois. Attendez 15 minutes puis lavez \u00e0 l&#039;aide d&#039;un shampooing et d&#039;un apr\u00e8s-shampoing home care.<\/p>\n<p style=\"margin: 0px 0px 20px;padding: 0px;text-align: justify;color: #393939;font-family: myriad-pro-light, Arial, Helvetica, sans-serif\"><strong>Ingr\u00e9dients:<\/strong>\u00a0AQUA, b\u00e9hentrimonium m\u00e9thosulfate, alcool c\u00e9tylst\u00e9arylique, c\u00e9trimonium CHLORIDE, paraffine liquide, propyl\u00e8ne glycol, glyc\u00e9rine, GUAR hydroxypropyltrimonium CHLORIDE, BUTYROSPERMUM PARKII (KARITE) BEURRE, Ricinus communis HUILE DE GRAINE, cyclopentasiloxane, le dim\u00e9thicone, le st\u00e9aramidopropyle dim\u00e9thylamine, la prot\u00e9ine de bl\u00e9 hydrolys\u00e9e, PAULLINIA cupana EXTRAIT DE GRAINE , POLYQUATERNIUM-10, ACIDES AMIN\u00c9S DE K\u00c9RATINE, POLYQUATERNIUM-10, ACIDE GLUTAMIQUE, CARBOCYSTEINE, PROT\u00c9INE DE RIZ HYDROLYS\u00c9E, PEG-90M, ARGININE, SERINE, PROLINE, GLYCINE, ALANINE, ACIDE ASPARTIQUE, THR\u00c9ONINE, HISOLEUCINE, HINEVALINE, PHINYVALINE DMDM HYDANTONE, PH\u00c9NOXY\u00c9THANOL, SODIUM PCA, DIPROPYL\u00c8NE GLYCOL, POLYSILICONE-29, EDTA DISODIQUE, METHYLCHLOROISOTHIAZOLINONE, METHYLISOTHIAZOLINONE, PARFUM, BUTYLPHENYL METHYLANNYL.<\/p>","protected":false},"excerpt":{"rendered":"<p>Le traitement capillaire Maria Isabel Bio-terapia Cellular avec multi-prot\u00e9ines, acides amin\u00e9s, huiles nutritionnelles, favorise le r\u00e9alignement, la nutrition des cheveux de la racine aux pointes. Sa formule unique a le pouvoir d&#039;aligner les m\u00e8ches et de reconstruire la fibre capillaire pour obtenir des cheveux sains et liss\u00e9s.<\/p>","protected":false},"featured_media":5683,"comment_status":"open","ping_status":"closed","template":"","meta":[],"product_brand":[],"product_cat":[623,491],"product_tag":[],"class_list":{"0":"post-5684","1":"product","2":"type-product","3":"status-publish","4":"has-post-thumbnail","6":"product_cat-hair","7":"product_cat-smoothing","9":"first","10":"instock","11":"taxable","12":"shipping-taxable","13":"purchasable","14":"product-type-simple"},"_links":{"self":[{"href":"https:\/\/e-cosmeticos.com\/fr\/wp-json\/wp\/v2\/product\/5684","targetHints":{"allow":["GET"]}}],"collection":[{"href":"https:\/\/e-cosmeticos.com\/fr\/wp-json\/wp\/v2\/product"}],"about":[{"href":"https:\/\/e-cosmeticos.com\/fr\/wp-json\/wp\/v2\/types\/product"}],"replies":[{"embeddable":true,"href":"https:\/\/e-cosmeticos.com\/fr\/wp-json\/wp\/v2\/comments?post=5684"}],"wp:featuredmedia":[{"embeddable":true,"href":"https:\/\/e-cosmeticos.com\/fr\/wp-json\/wp\/v2\/media\/5683"}],"wp:attachment":[{"href":"https:\/\/e-cosmeticos.com\/fr\/wp-json\/wp\/v2\/media?parent=5684"}],"wp:term":[{"taxonomy":"product_brand","embeddable":true,"href":"https:\/\/e-cosmeticos.com\/fr\/wp-json\/wp\/v2\/product_brand?post=5684"},{"taxonomy":"product_cat","embeddable":true,"href":"https:\/\/e-cosmeticos.com\/fr\/wp-json\/wp\/v2\/product_cat?post=5684"},{"taxonomy":"product_tag","embeddable":true,"href":"https:\/\/e-cosmeticos.com\/fr\/wp-json\/wp\/v2\/product_tag?post=5684"}],"curies":[{"name":"wp","href":"https:\/\/api.w.org\/{rel}","templated":true}]}}