{"id":5688,"date":"2021-06-22T12:40:59","date_gmt":"2021-06-22T12:40:59","guid":{"rendered":"https:\/\/e-cosmeticos.com\/?post_type=product&#038;p=5688"},"modified":"2026-02-11T11:47:53","modified_gmt":"2026-02-11T14:47:53","slug":"maria-isabel-mask","status":"publish","type":"product","link":"https:\/\/e-cosmeticos.com\/fr\/produit\/maria-isabel-mask\/","title":{"rendered":"Masque Maria Isabel 300g"},"content":{"rendered":"<p style=\"margin: 0px 0px 20px;padding: 0px;text-align: justify;color: #393939;font-family: myriad-pro-light, Arial, Helvetica, sans-serif\"><strong>Comment utiliser:<\/strong>\u00a0Appliquer une quantit\u00e9 g\u00e9n\u00e9reuse du masque sur cheveux propres et humides, m\u00e8che par m\u00e8che, en commen\u00e7ant par les pointes, en massant d\u00e9licatement les cheveux jusqu&#039;\u00e0 la racine. Laisser agir entre 10 et 20 minutes, avec ou sans source de chaleur et rincer abondamment \u00e0 l&#039;eau.<\/p>\n<p style=\"margin: 0px 0px 20px;padding: 0px;text-align: justify;color: #393939;font-family: myriad-pro-light, Arial, Helvetica, sans-serif\"><strong>Ingr\u00e9dients<\/strong>: Aqua, alcool c\u00e9t\u00e9arylique, m\u00e9thosulfate de behentrimonium, chlorure de c\u00e9trimonium, st\u00e9aramide propyl dim\u00e9thylamine, propyl\u00e8ne glycol, phosphate d&#039;amidon hydroxypropylique, huile de noix de macadamia ternifolia, polyquaternium-7, extrait d&#039;hypn\u00e9e musciformis, at\u00e9locollag\u00e8ne, glycosaminoglycanes r\u00e9g\u00e9n\u00e9r\u00e9s, hydroxypropyl\u00e8ne de palmiste, hydroxypropyl\u00e8ne de palme , acide pantoth\u00e9nique, octyldod\u00e9canol, chlorure de behentrimonium, chlorure d&#039;hydroxypropyltrimonium de guar, PEG-90M, acide lactique, butilhidroxitolueno, collag\u00e8ne hydrolys\u00e9, soie hydrolys\u00e9e, huile de graine de Vitis Vinifera, huile de graine de Corylus Avellana, extrait de feuille de Rosmarinus Ocinalis, extrait de feuille de Ciillao Extrait, glyc\u00e9rine, panth\u00e9nol, arginine, s\u00e9rine, proline, glycine, alanine, acide glutamique, acide aspartique, thr\u00e9onine, cr\u00e9atine, DMDM hydanto\u00efne, ph\u00e9noxy\u00e9thanol, extrait de fucus v\u00e9siculosus, acide citrique, EDTA disodique, m\u00e9thylchloroisothiazolinone, m\u00e9thylisothiazolinone, m\u00e9thylisothiragrance Salicylate de benzyle, Coum arine, D-Limon\u00e8ne, Hexyl Cinnamald\u00e9hyde, Linalol.<\/p>","protected":false},"excerpt":{"rendered":"<p>Le Masque Bioterapia Maria Isabel apporte revitalisation, douceur et soyeux aux cheveux, am\u00e9liorant la beaut\u00e9 des cheveux. Formul\u00e9 avec du collag\u00e8ne, des prot\u00e9ines de soie, des algues, des extraits de romarin et de cacao, ils offrent protection, brillance et douceur, facilitant la coiffure et favorisant l&#039;\u00e9quilibre des cheveux ab\u00eem\u00e9s.<\/p>","protected":false},"featured_media":5687,"comment_status":"open","ping_status":"closed","template":"","meta":[],"product_brand":[],"product_cat":[623,489],"product_tag":[],"class_list":{"0":"post-5688","1":"product","2":"type-product","3":"status-publish","4":"has-post-thumbnail","6":"product_cat-hair","7":"product_cat-treatment","9":"first","10":"instock","11":"taxable","12":"shipping-taxable","13":"purchasable","14":"product-type-simple"},"_links":{"self":[{"href":"https:\/\/e-cosmeticos.com\/fr\/wp-json\/wp\/v2\/product\/5688","targetHints":{"allow":["GET"]}}],"collection":[{"href":"https:\/\/e-cosmeticos.com\/fr\/wp-json\/wp\/v2\/product"}],"about":[{"href":"https:\/\/e-cosmeticos.com\/fr\/wp-json\/wp\/v2\/types\/product"}],"replies":[{"embeddable":true,"href":"https:\/\/e-cosmeticos.com\/fr\/wp-json\/wp\/v2\/comments?post=5688"}],"wp:featuredmedia":[{"embeddable":true,"href":"https:\/\/e-cosmeticos.com\/fr\/wp-json\/wp\/v2\/media\/5687"}],"wp:attachment":[{"href":"https:\/\/e-cosmeticos.com\/fr\/wp-json\/wp\/v2\/media?parent=5688"}],"wp:term":[{"taxonomy":"product_brand","embeddable":true,"href":"https:\/\/e-cosmeticos.com\/fr\/wp-json\/wp\/v2\/product_brand?post=5688"},{"taxonomy":"product_cat","embeddable":true,"href":"https:\/\/e-cosmeticos.com\/fr\/wp-json\/wp\/v2\/product_cat?post=5688"},{"taxonomy":"product_tag","embeddable":true,"href":"https:\/\/e-cosmeticos.com\/fr\/wp-json\/wp\/v2\/product_tag?post=5688"}],"curies":[{"name":"wp","href":"https:\/\/api.w.org\/{rel}","templated":true}]}}