{"id":5692,"date":"2021-06-22T12:46:20","date_gmt":"2021-06-22T12:46:20","guid":{"rendered":"https:\/\/e-cosmeticos.com\/?post_type=product&#038;p=5692"},"modified":"2026-02-10T10:30:11","modified_gmt":"2026-02-10T13:30:11","slug":"maria-isabel-conditioner","status":"publish","type":"product","link":"https:\/\/e-cosmeticos.com\/fr\/produit\/maria-isabel-conditioner\/","title":{"rendered":"Apr\u00e8s-shampooing Maria Isabel 300ml"},"content":{"rendered":"<p style=\"margin: 0px 0px 20px;padding: 0px;text-align: justify;color: #393939;font-family: myriad-pro-light, Arial, Helvetica, sans-serif\"><strong>Comment utiliser:<\/strong>\u00a0Appliquer sur cheveux humides et propres. commencez par des pointes, massez doucement les cheveux et faites glisser les m\u00e8ches (m\u00e8ches) entre les doigts jusqu&#039;\u00e0 ce qu&#039;elles soient d\u00e9m\u00eal\u00e9es. Laissez agir quelques minutes et rincez abondamment.<\/p>\n<p style=\"margin: 0px 0px 20px;padding: 0px;text-align: justify;color: #393939;font-family: myriad-pro-light, Arial, Helvetica, sans-serif\"><strong>Ingr\u00e9dients:<\/strong>\u00a0Aqua, alcool c\u00e9t\u00e9arylique, m\u00e9thosulfate de behentrimonium, propyl\u00e8ne glycol, chlorure de c\u00e9trimonium, myristate d&#039;isopropyle, huile de Prunus Amygdalus Dulcis (amande douce), extrait de graines de cacao Theobroma, huile de graines de Corylus Avellana, polyquaternium-10, polyquaternium-7, peg-90 trimone, guar Chlorure, Octyldod\u00e9canol, Ceteareth-20, Extrait d&#039;Hypnea Musciformis, At\u00e9locollag\u00e8ne, Glycosaminoglycanes, Prot\u00e9ine de Bl\u00e9 Hydrolys\u00e9e Hydroxypropyltrimonium, Palmitate de R\u00e9tinyle, Ac\u00e9tate de Tocoph\u00e9ryle, Acide Pantoth\u00e9nique, Collag\u00e8ne Hydrolys\u00e9, Soie Hydrolys\u00e9e, Extrait de Feuille de Rosmarinus Ocinal, , S\u00e9rine, Proline, Glycine, Alanine, Acide glutamique, Acide aspartique, Thr\u00e9onine, Cr\u00e9atine, DMDM Hydanto\u00efne, Ph\u00e9noxy\u00e9thanol, EDTA disodique, M\u00e9thylchloroisothiazolinone, M\u00e9thylisothiazolinone, Parfum, Butylph\u00e9nyl M\u00e9thylpropional, Benzyl Salicylate.<\/p>","protected":false},"excerpt":{"rendered":"<p>Le conditionneur Bioterapia Maria Isabel favorise les soins capillaires en hydratant et en am\u00e9liorant les propri\u00e9t\u00e9s sensorielles des cheveux. Formul\u00e9 avec du collag\u00e8ne, des prot\u00e9ines de soie, des algues, des extraits de romarin et de cacao, il apporte force, souplesse, brillance, nutrition et hydratation, am\u00e9liorant la beaut\u00e9 des cheveux.<\/p>","protected":false},"featured_media":5691,"comment_status":"open","ping_status":"closed","template":"","meta":[],"product_brand":[],"product_cat":[487,623],"product_tag":[],"class_list":{"0":"post-5692","1":"product","2":"type-product","3":"status-publish","4":"has-post-thumbnail","6":"product_cat-conditioner","7":"product_cat-hair","9":"first","10":"instock","11":"taxable","12":"shipping-taxable","13":"purchasable","14":"product-type-simple"},"_links":{"self":[{"href":"https:\/\/e-cosmeticos.com\/fr\/wp-json\/wp\/v2\/product\/5692","targetHints":{"allow":["GET"]}}],"collection":[{"href":"https:\/\/e-cosmeticos.com\/fr\/wp-json\/wp\/v2\/product"}],"about":[{"href":"https:\/\/e-cosmeticos.com\/fr\/wp-json\/wp\/v2\/types\/product"}],"replies":[{"embeddable":true,"href":"https:\/\/e-cosmeticos.com\/fr\/wp-json\/wp\/v2\/comments?post=5692"}],"wp:featuredmedia":[{"embeddable":true,"href":"https:\/\/e-cosmeticos.com\/fr\/wp-json\/wp\/v2\/media\/5691"}],"wp:attachment":[{"href":"https:\/\/e-cosmeticos.com\/fr\/wp-json\/wp\/v2\/media?parent=5692"}],"wp:term":[{"taxonomy":"product_brand","embeddable":true,"href":"https:\/\/e-cosmeticos.com\/fr\/wp-json\/wp\/v2\/product_brand?post=5692"},{"taxonomy":"product_cat","embeddable":true,"href":"https:\/\/e-cosmeticos.com\/fr\/wp-json\/wp\/v2\/product_cat?post=5692"},{"taxonomy":"product_tag","embeddable":true,"href":"https:\/\/e-cosmeticos.com\/fr\/wp-json\/wp\/v2\/product_tag?post=5692"}],"curies":[{"name":"wp","href":"https:\/\/api.w.org\/{rel}","templated":true}]}}