{"id":5698,"date":"2021-06-22T12:52:57","date_gmt":"2021-06-22T12:52:57","guid":{"rendered":"https:\/\/e-cosmeticos.com\/?post_type=product&#038;p=5698"},"modified":"2022-09-06T08:16:28","modified_gmt":"2022-09-06T11:16:28","slug":"monzina-serum","status":"publish","type":"product","link":"https:\/\/e-cosmeticos.com\/fr\/produit\/monzina-serum\/","title":{"rendered":"Monzina S\u00e9rum 80ml"},"content":{"rendered":"<p><span style=\"color: #686868;font-family: 'Noto Sans', sans-serif;text-align: justify\">\u00a0Appliquer uniform\u00e9ment sur cheveux essor\u00e9s ou secs et peigner. Pas besoin de rincer.<\/span><\/p>\n<p>&nbsp;<\/p>\n<p>&nbsp;<\/p>\n<p><span style=\"color: #686868;font-family: 'Noto Sans', sans-serif;text-align: justify\">Benzotriazolyl Dodecyl p-Cresol, C-12-15 Alkyl Benzoate, Tocopheryl Acetate, Parfum, Benzyl Benzoate, Coumarin, Hydroxycitronellal, CI 15985.<br \/>\n<\/span><\/p>\n<p>&nbsp;<\/p>\n<p><span style=\"color: #686868;font-family: 'Noto Sans', sans-serif;text-align: justify\">D\u00e9m\u00eale les cheveux.<\/span><br style=\"color: #686868;font-family: 'Noto Sans', sans-serif;text-align: justify\" \/><span style=\"color: #686868;font-family: 'Noto Sans', sans-serif;text-align: justify\">Conditionner la fibre capillaire.<\/span><br style=\"color: #686868;font-family: 'Noto Sans', sans-serif;text-align: justify\" \/><span style=\"color: #686868;font-family: 'Noto Sans', sans-serif;text-align: justify\">Prot\u00e8ge contre la chaleur des lisseurs et s\u00e8che-cheveux.<\/span><br style=\"color: #686868;font-family: 'Noto Sans', sans-serif;text-align: justify\" \/><span style=\"color: #686868;font-family: 'Noto Sans', sans-serif;text-align: justify\">Boostez la brillance.<\/span><br style=\"color: #686868;font-family: 'Noto Sans', sans-serif;text-align: justify\" \/><span style=\"color: #686868;font-family: 'Noto Sans', sans-serif;text-align: justify\">\u00c9limine les frisottis<\/span><br style=\"color: #686868;font-family: 'Noto Sans', sans-serif;text-align: justify\" \/><span style=\"color: #686868;font-family: 'Noto Sans', sans-serif;text-align: justify\">R\u00e9parer les pointes fourchues<\/span><br style=\"color: #686868;font-family: 'Noto Sans', sans-serif;text-align: justify\" \/><span style=\"color: #686868;font-family: 'Noto Sans', sans-serif;text-align: justify\">Sans cruaut\u00e9.<\/span><br style=\"color: #686868;font-family: 'Noto Sans', sans-serif;text-align: justify\" \/><span style=\"color: #686868;font-family: 'Noto Sans', sans-serif;text-align: justify\">Sans Paraben.<\/span><\/p>\n<p>&nbsp;<\/p>\n<p><span style=\"color: #686868;font-family: 'Noto Sans', sans-serif;text-align: justify\">Usage externe. Conserver hors de la port\u00e9e des enfants dans un endroit frais et sec. En cas de contact avec les yeux, rincer abondamment \u00e0 l&#039;eau. En cas d&#039;irritation, cesser l&#039;utilisation et consulter un m\u00e9decin. Ne pas appliquer si le cuir chevelu pr\u00e9sente une irritation ou des \u00e9corchures. Ne pas utiliser si vous \u00eates allergique \u00e0 l&#039;un des composants de la formulation ou si le produit change d&#039;apparence<\/span><\/p>","protected":false},"excerpt":{"rendered":"<p>Monzina Smart Serum est un concentr\u00e9 d&#039;huiles et de silicones solubles ayant la capacit\u00e9 de donner de la brillance et de sceller les cheveux uniform\u00e9ment. 100% r\u00e9paration de pointes fourchues.<\/p>","protected":false},"featured_media":5697,"comment_status":"open","ping_status":"closed","template":"","meta":[],"product_brand":[],"product_cat":[493,623],"product_tag":[],"class_list":{"0":"post-5698","1":"product","2":"type-product","3":"status-publish","4":"has-post-thumbnail","6":"product_cat-finishers","7":"product_cat-hair","9":"first","10":"outofstock","11":"taxable","12":"shipping-taxable","13":"purchasable","14":"product-type-simple"},"_links":{"self":[{"href":"https:\/\/e-cosmeticos.com\/fr\/wp-json\/wp\/v2\/product\/5698","targetHints":{"allow":["GET"]}}],"collection":[{"href":"https:\/\/e-cosmeticos.com\/fr\/wp-json\/wp\/v2\/product"}],"about":[{"href":"https:\/\/e-cosmeticos.com\/fr\/wp-json\/wp\/v2\/types\/product"}],"replies":[{"embeddable":true,"href":"https:\/\/e-cosmeticos.com\/fr\/wp-json\/wp\/v2\/comments?post=5698"}],"wp:featuredmedia":[{"embeddable":true,"href":"https:\/\/e-cosmeticos.com\/fr\/wp-json\/wp\/v2\/media\/5697"}],"wp:attachment":[{"href":"https:\/\/e-cosmeticos.com\/fr\/wp-json\/wp\/v2\/media?parent=5698"}],"wp:term":[{"taxonomy":"product_brand","embeddable":true,"href":"https:\/\/e-cosmeticos.com\/fr\/wp-json\/wp\/v2\/product_brand?post=5698"},{"taxonomy":"product_cat","embeddable":true,"href":"https:\/\/e-cosmeticos.com\/fr\/wp-json\/wp\/v2\/product_cat?post=5698"},{"taxonomy":"product_tag","embeddable":true,"href":"https:\/\/e-cosmeticos.com\/fr\/wp-json\/wp\/v2\/product_tag?post=5698"}],"curies":[{"name":"wp","href":"https:\/\/api.w.org\/{rel}","templated":true}]}}