{"id":5700,"date":"2021-06-22T12:55:58","date_gmt":"2021-06-22T12:55:58","guid":{"rendered":"https:\/\/e-cosmeticos.com\/?post_type=product&#038;p=5700"},"modified":"2022-09-06T08:23:57","modified_gmt":"2022-09-06T11:23:57","slug":"monzina-shampoo","status":"publish","type":"product","link":"https:\/\/e-cosmeticos.com\/fr\/produit\/monzina-shampoo\/","title":{"rendered":"Monzina Shampooing 500ml"},"content":{"rendered":"<p style=\"border: 0px;margin: 0px 0px 1.6em;padding: 0px;vertical-align: baseline;color: #686868;font-family: 'Noto Sans', sans-serif\">\u2981\u00a0 Apply on wet hair and wash slightly first time to remove the waste that hinder the formation of foam.<\/p>\n<p style=\"border: 0px;margin: 0px 0px 1.6em;padding: 0px;vertical-align: baseline;color: #686868;font-family: 'Noto Sans', sans-serif\">\u2981\u00a0 Rinse and reapply the shampoo, massaging the scalp gently until it forms a rich, creamy foam, slide lather to the tips then rinse the hair.<\/p>\n<p style=\"border: 0px;margin: 0px 0px 1.6em;padding: 0px;vertical-align: baseline;color: #686868;font-family: 'Noto Sans', sans-serif\">\u2981\u00a0 Follow with Monzina Smart Conditioner for best results.<\/p>\n<p>&nbsp;<\/p>\n<p><span style=\"color: #686868;font-family: 'Noto Sans', sans-serif;text-align: justify\">Aqua, Cocamidopropyl Betaine, Disodium Laureth Sulfosuccinate, Lauryl Glucoside, Sodium Lauroyl Sarcosinate, Polyquaternium-7, Cocamide MEA, Sodium Cocoamphoacetate, PEG-75 Lanolin, Glycerin, PEG-150 Distearate, Tridecth-12, Hydroxypropyl Starch Phosphate,Guar Hydroxypropyltrimonium Chloride, Polysorbate 20, Glycol Distearate, Laureth-4, Peg-40 Castor Oil, EDTA Disodium, Citric Acid, PEG-40\/PPG-8 Methilaminopropryl Hydroxipropyl Dimethicone Copolymer, PEG\/PPG-120\/10 Trimethylolpropane Trioleate, Laureth-2, Silk Protein Hydrolyzed, Quillaja Saponaria Extract, Hypnea Musciformis Extract, Atelocollagen, Glycosaminoglycans, Hydroxypropyltrimonium Hydrolyzed Wheat Protein, Retinyl Palmitate Tocopheryl Acetate, Pantothenic Acid, Parfum, Benzyl Benzoate, Coumarin, Hydroxycitronellal, Chlorhexidine Digluconate, CI 16035.<br \/>\n<\/span><\/p>\n<p>&nbsp;<\/p>\n<p>&nbsp;<\/p>\n<p><span style=\"color: #686868;font-family: 'Noto Sans', sans-serif;text-align: justify\">\u2981\u00a0 Sulfate Free.<\/span><br style=\"color: #686868;font-family: 'Noto Sans', sans-serif;text-align: justify\" \/><span style=\"color: #686868;font-family: 'Noto Sans', sans-serif;text-align: justify\">\u2981\u00a0 Gently cleanse hair.<\/span><br style=\"color: #686868;font-family: 'Noto Sans', sans-serif;text-align: justify\" \/><span style=\"color: #686868;font-family: 'Noto Sans', sans-serif;text-align: justify\">\u2981\u00a0 Revitalize and bodify the fibers.<\/span><br style=\"color: #686868;font-family: 'Noto Sans', sans-serif;text-align: justify\" \/><span style=\"color: #686868;font-family: 'Noto Sans', sans-serif;text-align: justify\">\u2981\u00a0\u00a0Stronger Fibers.<\/span><br style=\"color: #686868;font-family: 'Noto Sans', sans-serif;text-align: justify\" \/><span style=\"color: #686868;font-family: 'Noto Sans', sans-serif;text-align: justify\">Couleur-s\u00fbr.<\/span><br style=\"color: #686868;font-family: 'Noto Sans', sans-serif;text-align: justify\" \/><span style=\"color: #686868;font-family: 'Noto Sans', sans-serif;text-align: justify\">Sans paraben.<\/span><br style=\"color: #686868;font-family: 'Noto Sans', sans-serif;text-align: justify\" \/><span style=\"color: #686868;font-family: 'Noto Sans', sans-serif;text-align: justify\">Sans cruaut\u00e9.<\/span><\/p>\n<p>&nbsp;<\/p>\n<p>&nbsp;<\/p>\n<p><span style=\"color: #686868;font-family: 'Noto Sans', sans-serif;text-align: justify\">Usage externe. Conserver hors de la port\u00e9e des enfants dans un endroit frais et sec. En cas de contact avec les yeux, rincer abondamment \u00e0 l&#039;eau. En cas d&#039;irritation, cesser l&#039;utilisation et consulter un m\u00e9decin. Ne pas appliquer si le cuir chevelu pr\u00e9sente une irritation ou des \u00e9corchures. Ne pas utiliser si vous \u00eates allergique \u00e0 l&#039;un des composants de la formulation ou si le produit change d&#039;apparence<\/span><\/p>","protected":false},"excerpt":{"rendered":"<p>Monzina Smart Shampoo a \u00e9t\u00e9 d\u00e9velopp\u00e9 avec des m\u00e9langes de vitamines et de prot\u00e9ines ayant une capacit\u00e9 nourrissante et restructurante pour la cuticule des cheveux. Il contient de la Prot\u00e9ine de Soie dans sa formule qui, en plus d&#039;hydrater, am\u00e9liore l&#039;\u00e9lasticit\u00e9 des fibres capillaires.<\/p>","protected":false},"featured_media":5699,"comment_status":"open","ping_status":"closed","template":"","meta":[],"product_brand":[],"product_cat":[623,486],"product_tag":[],"class_list":{"0":"post-5700","1":"product","2":"type-product","3":"status-publish","4":"has-post-thumbnail","6":"product_cat-hair","7":"product_cat-shampoo","9":"first","10":"outofstock","11":"taxable","12":"shipping-taxable","13":"purchasable","14":"product-type-simple"},"_links":{"self":[{"href":"https:\/\/e-cosmeticos.com\/fr\/wp-json\/wp\/v2\/product\/5700","targetHints":{"allow":["GET"]}}],"collection":[{"href":"https:\/\/e-cosmeticos.com\/fr\/wp-json\/wp\/v2\/product"}],"about":[{"href":"https:\/\/e-cosmeticos.com\/fr\/wp-json\/wp\/v2\/types\/product"}],"replies":[{"embeddable":true,"href":"https:\/\/e-cosmeticos.com\/fr\/wp-json\/wp\/v2\/comments?post=5700"}],"wp:featuredmedia":[{"embeddable":true,"href":"https:\/\/e-cosmeticos.com\/fr\/wp-json\/wp\/v2\/media\/5699"}],"wp:attachment":[{"href":"https:\/\/e-cosmeticos.com\/fr\/wp-json\/wp\/v2\/media?parent=5700"}],"wp:term":[{"taxonomy":"product_brand","embeddable":true,"href":"https:\/\/e-cosmeticos.com\/fr\/wp-json\/wp\/v2\/product_brand?post=5700"},{"taxonomy":"product_cat","embeddable":true,"href":"https:\/\/e-cosmeticos.com\/fr\/wp-json\/wp\/v2\/product_cat?post=5700"},{"taxonomy":"product_tag","embeddable":true,"href":"https:\/\/e-cosmeticos.com\/fr\/wp-json\/wp\/v2\/product_tag?post=5700"}],"curies":[{"name":"wp","href":"https:\/\/api.w.org\/{rel}","templated":true}]}}