{"id":5702,"date":"2021-06-22T13:02:06","date_gmt":"2021-06-22T13:02:06","guid":{"rendered":"https:\/\/e-cosmeticos.com\/?post_type=product&#038;p=5702"},"modified":"2022-09-06T08:25:25","modified_gmt":"2022-09-06T11:25:25","slug":"monzina-conditioner","status":"publish","type":"product","link":"https:\/\/e-cosmeticos.com\/fr\/produit\/monzina-conditioner\/","title":{"rendered":"Apr\u00e8s-shampooing Monzina 500ml"},"content":{"rendered":"<p style=\"border: 0px;margin: 0px 0px 1.6em;padding: 0px;vertical-align: baseline;color: #686868;font-family: 'Noto Sans', sans-serif;text-align: justify\">Appliquer sur cheveux fra\u00eechement nettoy\u00e9s.<\/p>\n<p style=\"border: 0px;margin: 0px 0px 1.6em;padding: 0px;vertical-align: baseline;color: #686868;font-family: 'Noto Sans', sans-serif;text-align: justify\">\u2981 Commencez par des pointes, massez doucement les cheveux et faites glisser les m\u00e8ches de cheveux entre les doigts jusqu&#039;\u00e0 ce qu&#039;elles soient d\u00e9m\u00eal\u00e9es.<\/p>\n<p style=\"border: 0px;margin: 0px 0px 1.6em;padding: 0px;vertical-align: baseline;color: #686868;font-family: 'Noto Sans', sans-serif;text-align: justify\">Laissez agir quelques minutes et rincez abondamment.<\/p>\n<p>&nbsp;<\/p>\n<p>&nbsp;<\/p>\n<p><span style=\"color: #686868;font-family: 'Noto Sans', sans-serif;text-align: justify\">Aqua, alcool c\u00e9t\u00e9arylique, m\u00e9thosulfate de b\u00e9hentrimonium, chlorure de centrimonium, octyldod\u00e9cane, propyl\u00e8ne glycol, st\u00e9aramidopropyl dim\u00e9thylamine, prot\u00e9ine de soie hydrolys\u00e9e, PEG-40, PPG-8 m\u00e9thylaminopropyle, copolym\u00e8re d&#039;hydroxypropyl dim\u00e9thicone, polyquaternium-7, extrait d&#039;hypnea musciformis, extrait de Glyc\u00e8nes, Atelocolla Prot\u00e9ine de bl\u00e9, palmitate de r\u00e9tinyle, ac\u00e9tate de tocoph\u00e9ryle, acide pantoth\u00e9nique, chlorure de behentrimonium, Ricinus communis, extrait de Quillaja Saponaria, butyl\u00e8ne glycol, extrait de graines de glycine soja (soja), extrait de fruit Elaeis Guineensis (palme), Oryza sativa, extrait, ph\u00e9noxy\u00e9thanol, butyle \u00c9thylparab\u00e8ne, m\u00e9thylparab\u00e8ne, propylparab\u00e8ne, acide citrique, parfum, benzoate de benzyle, coumarine, hydroxycitronellal, digluconate de chlorhexidine, CI 16035.<br \/>\n<\/span><\/p>\n<p>&nbsp;<\/p>\n<p>&nbsp;<\/p>\n<p><span style=\"color: #686868;font-family: 'Noto Sans', sans-serif;text-align: justify\">\u2981 R\u00e9duction de la casse.<\/span><br style=\"color: #686868;font-family: 'Noto Sans', sans-serif;text-align: justify\" \/><span style=\"color: #686868;font-family: 'Noto Sans', sans-serif;text-align: justify\">\u2981 R\u00e9duction des pointes fourchues.<\/span><br style=\"color: #686868;font-family: 'Noto Sans', sans-serif;text-align: justify\" \/><span style=\"color: #686868;font-family: 'Noto Sans', sans-serif;text-align: justify\">Nourrit et hydrate la fibre capillaire.<\/span><br style=\"color: #686868;font-family: 'Noto Sans', sans-serif;text-align: justify\" \/><span style=\"color: #686868;font-family: 'Noto Sans', sans-serif;text-align: justify\">Lutte contre les frisottis.<\/span><br style=\"color: #686868;font-family: 'Noto Sans', sans-serif;text-align: justify\" \/><span style=\"color: #686868;font-family: 'Noto Sans', sans-serif;text-align: justify\">Booster la brillance<\/span><br style=\"color: #686868;font-family: 'Noto Sans', sans-serif;text-align: justify\" \/><span style=\"color: #686868;font-family: 'Noto Sans', sans-serif;text-align: justify\">Couleur-s\u00fbr.<\/span><br style=\"color: #686868;font-family: 'Noto Sans', sans-serif;text-align: justify\" \/><span style=\"color: #686868;font-family: 'Noto Sans', sans-serif;text-align: justify\">\u2981 Sans sulfate.<\/span><br style=\"color: #686868;font-family: 'Noto Sans', sans-serif;text-align: justify\" \/><span style=\"color: #686868;font-family: 'Noto Sans', sans-serif;text-align: justify\">Sans paraben.<\/span><br style=\"color: #686868;font-family: 'Noto Sans', sans-serif;text-align: justify\" \/><span style=\"color: #686868;font-family: 'Noto Sans', sans-serif;text-align: justify\">Sans cruaut\u00e9.<\/span><\/p>\n<p>&nbsp;<\/p>\n<p>&nbsp;<\/p>\n<p><span style=\"color: #686868;font-family: 'Noto Sans', sans-serif;text-align: justify\">Usage externe. Conserver hors de la port\u00e9e des enfants dans un endroit frais et sec. En cas de contact avec les yeux, rincer abondamment \u00e0 l&#039;eau. En cas d&#039;irritation, cesser l&#039;utilisation et consulter un m\u00e9decin. Ne pas appliquer si le cuir chevelu pr\u00e9sente une irritation ou des \u00e9corchures. Ne pas utiliser si vous \u00eates allergique \u00e0 l&#039;un des composants de la formulation ou si le produit change d&#039;apparence<\/span><\/p>","protected":false},"excerpt":{"rendered":"<p>Monzina Smart Conditioner contient dans sa formule un m\u00e9lange de prot\u00e9ines et de vitamines avec une action restructurante des m\u00e8ches, en plus de contenir un puissant antioxydant d&#039;origine v\u00e9g\u00e9tale qui prot\u00e8ge la couleur et la fibre des cheveux contre la photod\u00e9gradation et les dommages caus\u00e9s par les rayons UV.<\/p>","protected":false},"featured_media":5701,"comment_status":"open","ping_status":"closed","template":"","meta":[],"product_brand":[],"product_cat":[487,623],"product_tag":[],"class_list":{"0":"post-5702","1":"product","2":"type-product","3":"status-publish","4":"has-post-thumbnail","6":"product_cat-conditioner","7":"product_cat-hair","9":"first","10":"outofstock","11":"taxable","12":"shipping-taxable","13":"purchasable","14":"product-type-simple"},"_links":{"self":[{"href":"https:\/\/e-cosmeticos.com\/fr\/wp-json\/wp\/v2\/product\/5702","targetHints":{"allow":["GET"]}}],"collection":[{"href":"https:\/\/e-cosmeticos.com\/fr\/wp-json\/wp\/v2\/product"}],"about":[{"href":"https:\/\/e-cosmeticos.com\/fr\/wp-json\/wp\/v2\/types\/product"}],"replies":[{"embeddable":true,"href":"https:\/\/e-cosmeticos.com\/fr\/wp-json\/wp\/v2\/comments?post=5702"}],"wp:featuredmedia":[{"embeddable":true,"href":"https:\/\/e-cosmeticos.com\/fr\/wp-json\/wp\/v2\/media\/5701"}],"wp:attachment":[{"href":"https:\/\/e-cosmeticos.com\/fr\/wp-json\/wp\/v2\/media?parent=5702"}],"wp:term":[{"taxonomy":"product_brand","embeddable":true,"href":"https:\/\/e-cosmeticos.com\/fr\/wp-json\/wp\/v2\/product_brand?post=5702"},{"taxonomy":"product_cat","embeddable":true,"href":"https:\/\/e-cosmeticos.com\/fr\/wp-json\/wp\/v2\/product_cat?post=5702"},{"taxonomy":"product_tag","embeddable":true,"href":"https:\/\/e-cosmeticos.com\/fr\/wp-json\/wp\/v2\/product_tag?post=5702"}],"curies":[{"name":"wp","href":"https:\/\/api.w.org\/{rel}","templated":true}]}}