{"id":6398,"date":"2021-08-03T14:41:12","date_gmt":"2021-08-03T14:41:12","guid":{"rendered":"https:\/\/e-cosmeticos.com\/?post_type=product&#038;p=6398"},"modified":"2021-09-27T17:51:01","modified_gmt":"2021-09-27T20:51:01","slug":"gold-caviar-hair-straightener","status":"publish","type":"product","link":"https:\/\/e-cosmeticos.com\/fr\/produit\/gold-caviar-hair-straightener\/","title":{"rendered":"Lisseur Caviar Dor\u00e9"},"content":{"rendered":"<p class=\"aLF-aPX-K0-aPE\">Le fer \u00e0 lisser Gold Caviar est un excellent fer plat \u00e0 lisser avec un IC de niveau professionnel. Il est fait de nano titane avec des plaques de c\u00e9ramique et de tourmaline pour conduire la chaleur et maintenir la stabilit\u00e9 \u00e0 des temp\u00e9ratures ultra \u00e9lev\u00e9es. Non seulement il chauffe rapidement en quelques secondes, mais les \u00e9l\u00e9ments chauffants en c\u00e9ramique MHC avec chaleur infrarouge fournissent des ions n\u00e9gatifs qui rendent vos cheveux brillants et lisses.<\/p>\n<p class=\"aLF-aPX-K0-aPE\"><strong>CARACT\u00c9RISTIQUES:<\/strong><\/p>\n<p class=\"aLF-aPX-K0-aPE\">Il s&#039;agit d&#039;un excellent fer plat \u00e0 lisser avec un IC de niveau professionnel.<\/p>\n<p class=\"aLF-aPX-K0-aPE\">Un tr\u00e8s grand \u00e9cran LCD num\u00e9rique vous montre une vue claire.<\/p>\n<p class=\"aLF-aPX-K0-aPE\">Les \u00e9l\u00e9ments chauffants en c\u00e9ramique MCH avec chaleur infrarouge fournissent des ions n\u00e9gatifs qui rendent vos cheveux brillants et lisses.<\/p>\n<p class=\"aLF-aPX-K0-aPE\">Chaleur rapide en quelques secondes. Le nano-titane avec des plaques en c\u00e9ramique et en tourmaline conduit la chaleur et maintient la stabilit\u00e9 \u00e0 des temp\u00e9ratures ultra \u00e9lev\u00e9es.<\/p>\n<p class=\"aLF-aPX-K0-aPE\">La tension universelle s&#039;ajuste automatiquement \u00e0 la tension locale pour des performances optimales.<\/p>\n<p class=\"aLF-aPX-K0-aPE\">Tout droit, boucl\u00e9 et retourn\u00e9 en un avec un corps incurv\u00e9 et un bord arrondi.<\/p>\n<p class=\"aLF-aPX-K0-aPE\">Long c\u00e2ble pivotant professionnel \u00e0 360 degr\u00e9s avec crochet de suspension.<\/p>\n<p class=\"aLF-aPX-K0-aPE\">Fonction d&#039;arr\u00eat automatique.<\/p>\n<p class=\"aLF-aPX-K0-aPE\">Bouton de verrouillage de la temp\u00e9rature et boutons de raccourci.<\/p>","protected":false},"excerpt":{"rendered":"<div>Le fer \u00e0 lisser Gold Caviar est un excellent fer plat \u00e0 lisser avec IC de niveau professionnel. Il est fait de nano titane avec des plaques de c\u00e9ramique et de tourmaline pour conduire la chaleur et maintenir la stabilit\u00e9 \u00e0 des temp\u00e9ratures ultra \u00e9lev\u00e9es.<\/div>\n<div><\/div>\n<div>Non seulement il chauffe rapidement en quelques secondes, mais les \u00e9l\u00e9ments chauffants en c\u00e9ramique MHC avec chaleur infrarouge fournissent des ions n\u00e9gatifs qui rendent vos cheveux brillants et lisses.<\/div>\n<p>CARACT\u00c9RISTIQUES:<\/p>\n<p>Il s&#039;agit d&#039;un excellent fer plat \u00e0 lisser avec un IC de niveau professionnel.<\/p>\n<p>Un tr\u00e8s grand \u00e9cran LCD num\u00e9rique vous montre une vue claire.<\/p>\n<p>Les \u00e9l\u00e9ments chauffants en c\u00e9ramique MCH avec chaleur infrarouge fournissent des ions n\u00e9gatifs qui rendent vos cheveux brillants et lisses.<\/p>\n<p>Chaleur rapide en quelques secondes. Le nano-titane avec des plaques en c\u00e9ramique et en tourmaline conduit la chaleur et maintient la stabilit\u00e9 \u00e0 des temp\u00e9ratures ultra \u00e9lev\u00e9es.<\/p>\n<p>La tension universelle s&#039;ajuste automatiquement \u00e0 la tension locale pour des performances optimales.<\/p>\n<p>Tout droit, boucl\u00e9 et retourn\u00e9 en un avec un corps incurv\u00e9 et un bord arrondi.<\/p>\n<p>Long c\u00e2ble pivotant professionnel \u00e0 360 degr\u00e9s avec crochet de suspension.<\/p>\n<p>Fonction d&#039;arr\u00eat automatique.<\/p>\n<p>Bouton de verrouillage de la temp\u00e9rature et boutons de raccourci.<\/p>","protected":false},"featured_media":6632,"comment_status":"open","ping_status":"closed","template":"","meta":[],"product_brand":[],"product_cat":[472],"product_tag":[],"class_list":{"0":"post-6398","1":"product","2":"type-product","3":"status-publish","4":"has-post-thumbnail","6":"product_cat-hair-straighteners-flat-irons","8":"first","9":"outofstock","10":"taxable","11":"shipping-taxable","12":"purchasable","13":"product-type-simple"},"_links":{"self":[{"href":"https:\/\/e-cosmeticos.com\/fr\/wp-json\/wp\/v2\/product\/6398","targetHints":{"allow":["GET"]}}],"collection":[{"href":"https:\/\/e-cosmeticos.com\/fr\/wp-json\/wp\/v2\/product"}],"about":[{"href":"https:\/\/e-cosmeticos.com\/fr\/wp-json\/wp\/v2\/types\/product"}],"replies":[{"embeddable":true,"href":"https:\/\/e-cosmeticos.com\/fr\/wp-json\/wp\/v2\/comments?post=6398"}],"wp:featuredmedia":[{"embeddable":true,"href":"https:\/\/e-cosmeticos.com\/fr\/wp-json\/wp\/v2\/media\/6632"}],"wp:attachment":[{"href":"https:\/\/e-cosmeticos.com\/fr\/wp-json\/wp\/v2\/media?parent=6398"}],"wp:term":[{"taxonomy":"product_brand","embeddable":true,"href":"https:\/\/e-cosmeticos.com\/fr\/wp-json\/wp\/v2\/product_brand?post=6398"},{"taxonomy":"product_cat","embeddable":true,"href":"https:\/\/e-cosmeticos.com\/fr\/wp-json\/wp\/v2\/product_cat?post=6398"},{"taxonomy":"product_tag","embeddable":true,"href":"https:\/\/e-cosmeticos.com\/fr\/wp-json\/wp\/v2\/product_tag?post=6398"}],"curies":[{"name":"wp","href":"https:\/\/api.w.org\/{rel}","templated":true}]}}