{"id":6407,"date":"2021-08-03T15:36:33","date_gmt":"2021-08-03T15:36:33","guid":{"rendered":"https:\/\/e-cosmeticos.com\/?post_type=product&#038;p=6407"},"modified":"2026-02-11T11:43:35","modified_gmt":"2026-02-11T14:43:35","slug":"finish-gold-serum-45ml","status":"publish","type":"product","link":"https:\/\/e-cosmeticos.com\/fr\/produit\/finish-gold-serum-45ml\/","title":{"rendered":"Finish S\u00e9rum Or 45ml"},"content":{"rendered":"<p>Le Finish Gold est un s\u00e9rum concentr\u00e9 ultra-lumineux adapt\u00e9 aux cheveux secs et cassants.<\/p>\n<p>Il est enrichi d&#039;huile de noix de coco et d&#039;huile obliphica qui donne aux cheveux brillance, douceur et douceur. Il forme un d\u00e9licat film protecteur sur la fibre capillaire, alignant la cuticule et r\u00e9parant les pointes fourchues.<\/p>\n<p><strong>Comment utiliser<\/strong>: Appliquer quelques gouttes dans la paume, r\u00e9partir entre les deux mains et masser les pointes des cheveux jusqu&#039;\u00e0 absorption compl\u00e8te. Peignage comme coutume.<\/p>\n<p><strong>Ingr\u00e9dients:<\/strong> CYCLOPENTASILOXANE, DIMETHICONOL, DIMETHICONE, PARFUM, PHENYLTRIMETHICONE, COCOS NUCIFERA OIL, HIPPOPHAE RHAMNOIDES OIL, ETHYLHEXYL METHOXYCINNAMATE, BENZOTRIAZOLYLDODECYL P-CRESOL, CI12010, ALPHA-ISOMETHYLIONONE, BENZYLSALICYLATE, BUTYLPHENYL METHYLPROPIONAL, CITRONELLOL, COUMARIN, GERANIOL, HEXYL CYNNAMAL, HYDROXYISOHEXYL-3-CYCLOHEXENECARBOXALDEHYDE, LINALOOL.ct<\/p>","protected":false},"excerpt":{"rendered":"<p>Le Finish Gold est un s\u00e9rum concentr\u00e9 ultra-lumineux adapt\u00e9 aux cheveux secs et cassants.<\/p>\n<p>Il est enrichi d&#039;huile de noix de coco et d&#039;huile obliphica qui donne aux cheveux brillance, douceur et douceur. Il forme un d\u00e9licat film protecteur sur la fibre capillaire, alignant la cuticule et r\u00e9parant les pointes fourchues.<\/p>","protected":false},"featured_media":6405,"comment_status":"open","ping_status":"closed","template":"","meta":[],"product_brand":[],"product_cat":[493,623],"product_tag":[],"class_list":{"0":"post-6407","1":"product","2":"type-product","3":"status-publish","4":"has-post-thumbnail","6":"product_cat-finishers","7":"product_cat-hair","9":"first","10":"outofstock","11":"taxable","12":"shipping-taxable","13":"purchasable","14":"product-type-simple"},"_links":{"self":[{"href":"https:\/\/e-cosmeticos.com\/fr\/wp-json\/wp\/v2\/product\/6407","targetHints":{"allow":["GET"]}}],"collection":[{"href":"https:\/\/e-cosmeticos.com\/fr\/wp-json\/wp\/v2\/product"}],"about":[{"href":"https:\/\/e-cosmeticos.com\/fr\/wp-json\/wp\/v2\/types\/product"}],"replies":[{"embeddable":true,"href":"https:\/\/e-cosmeticos.com\/fr\/wp-json\/wp\/v2\/comments?post=6407"}],"wp:featuredmedia":[{"embeddable":true,"href":"https:\/\/e-cosmeticos.com\/fr\/wp-json\/wp\/v2\/media\/6405"}],"wp:attachment":[{"href":"https:\/\/e-cosmeticos.com\/fr\/wp-json\/wp\/v2\/media?parent=6407"}],"wp:term":[{"taxonomy":"product_brand","embeddable":true,"href":"https:\/\/e-cosmeticos.com\/fr\/wp-json\/wp\/v2\/product_brand?post=6407"},{"taxonomy":"product_cat","embeddable":true,"href":"https:\/\/e-cosmeticos.com\/fr\/wp-json\/wp\/v2\/product_cat?post=6407"},{"taxonomy":"product_tag","embeddable":true,"href":"https:\/\/e-cosmeticos.com\/fr\/wp-json\/wp\/v2\/product_tag?post=6407"}],"curies":[{"name":"wp","href":"https:\/\/api.w.org\/{rel}","templated":true}]}}