{"id":6415,"date":"2021-08-03T15:46:32","date_gmt":"2021-08-03T15:46:32","guid":{"rendered":"https:\/\/e-cosmeticos.com\/?post_type=product&#038;p=6415"},"modified":"2022-09-05T14:38:40","modified_gmt":"2022-09-05T17:38:40","slug":"trata-gold-antiqueda-12x15ml","status":"publish","type":"product","link":"https:\/\/e-cosmeticos.com\/fr\/produit\/trata-gold-antiqueda-12x15ml\/","title":{"rendered":"Trata Or Antiqueda 12x15ml"},"content":{"rendered":"<p><strong>Des cheveux forts, nourris et sains.<\/strong><\/p>\n<p>L&#039;ampoule Anti Chute de Cheveux et Anti-pelliculaire de 15 ml est indiqu\u00e9e pour la chute des cheveux et les pellicules du cuir chevelu. C&#039;est un soin cosm\u00e9tique aux actifs qui contribuent \u00e0 une croissance saine des cheveux. Enrichi en Jaborandi, extrait d&#039;ail, romarin et ginseng.<\/p>\n<p><strong>Comment utiliser:\u00a0<\/strong><\/p>\n<p>Apr\u00e8s avoir lav\u00e9 les cheveux avec du shampoing, retirer l&#039;exc\u00e8s d&#039;eau et appliquer 1\/3 de l&#039;ampola (5 ml) en massant du bout des doigts et de la paume des mains par mouvements circulaires.<\/p>\n<p><strong>Ingr\u00e9dients:<\/strong><\/p>\n<p>Aqua, Propylene Glycol, Arginine, Serine, Proline, Glycine, Alanine, Lysina, Glutamic Acid, Aspartic Acid,Threonine, Creatine, Allium Sativum Bulb Extract, Lemon (Citrus Limonum) Extract, Salvia Officinalis Leaf Extract, Hedera Helix Leaf Extract, Arctium Lappa Root Extract, Nasturtium Officinale Extract, Zingiber Officinalis Extract, Rosa Centifolia Flower Extract, Symphytum Officinale Leaf Extract, Paullinia Cupana Seed Extract, Pilocarpus Pennatifolius Leaf Extract, Coffea Arabica Seed Extract, Hamamelis Virginiana Leaf Extract, Calendula Officinalis Flower Extract, Camellia Sinensis Leaf Extract, Chamomilla Recutita Flower Extract, Illicium Verum Fruit Extract, Sida Cordifolia Extract, Mentha Piperita Extract, Rosmarinus Officinalis Leaf Extract, PPG-1-PEG-9 Lauryl Glycol Ether, Benzotriazolyl Dodecyl P-Cresol, Alcohol, Chlorhexidine Digluconate, Fragrance, Benzyl Salicylate, Butylphenyl Methylpropional, Citral, Geraniol, Hexyl Cinnamal, Hydroxycitronellal, Limonene, Linalool, CI 19140, CI 40090.<\/p>","protected":false},"excerpt":{"rendered":"<p>Des cheveux forts, nourris et sains.<\/p>\n<p>L&#039;ampoule Anti Chute de Cheveux et Anti-pelliculaire de 15 ml est indiqu\u00e9e pour la chute des cheveux et les pellicules du cuir chevelu. C&#039;est un soin cosm\u00e9tique aux actifs qui contribuent \u00e0 une croissance saine des cheveux. Enrichi en Jaborandi, extrait d&#039;ail, romarin et ginseng.<\/p>","protected":false},"featured_media":6413,"comment_status":"open","ping_status":"closed","template":"","meta":[],"product_brand":[],"product_cat":[623,489],"product_tag":[],"class_list":{"0":"post-6415","1":"product","2":"type-product","3":"status-publish","4":"has-post-thumbnail","6":"product_cat-hair","7":"product_cat-treatment","9":"first","10":"instock","11":"taxable","12":"shipping-taxable","13":"purchasable","14":"product-type-simple"},"_links":{"self":[{"href":"https:\/\/e-cosmeticos.com\/fr\/wp-json\/wp\/v2\/product\/6415","targetHints":{"allow":["GET"]}}],"collection":[{"href":"https:\/\/e-cosmeticos.com\/fr\/wp-json\/wp\/v2\/product"}],"about":[{"href":"https:\/\/e-cosmeticos.com\/fr\/wp-json\/wp\/v2\/types\/product"}],"replies":[{"embeddable":true,"href":"https:\/\/e-cosmeticos.com\/fr\/wp-json\/wp\/v2\/comments?post=6415"}],"wp:featuredmedia":[{"embeddable":true,"href":"https:\/\/e-cosmeticos.com\/fr\/wp-json\/wp\/v2\/media\/6413"}],"wp:attachment":[{"href":"https:\/\/e-cosmeticos.com\/fr\/wp-json\/wp\/v2\/media?parent=6415"}],"wp:term":[{"taxonomy":"product_brand","embeddable":true,"href":"https:\/\/e-cosmeticos.com\/fr\/wp-json\/wp\/v2\/product_brand?post=6415"},{"taxonomy":"product_cat","embeddable":true,"href":"https:\/\/e-cosmeticos.com\/fr\/wp-json\/wp\/v2\/product_cat?post=6415"},{"taxonomy":"product_tag","embeddable":true,"href":"https:\/\/e-cosmeticos.com\/fr\/wp-json\/wp\/v2\/product_tag?post=6415"}],"curies":[{"name":"wp","href":"https:\/\/api.w.org\/{rel}","templated":true}]}}