{"id":6422,"date":"2021-08-03T15:59:07","date_gmt":"2021-08-03T15:59:07","guid":{"rendered":"https:\/\/e-cosmeticos.com\/?post_type=product&#038;p=6422"},"modified":"2021-09-27T17:37:55","modified_gmt":"2021-09-27T20:37:55","slug":"total-remedy-strand-reconstrutor-500ml","status":"publish","type":"product","link":"https:\/\/e-cosmeticos.com\/fr\/produit\/total-remedy-strand-reconstrutor-500ml\/","title":{"rendered":"Total Remedy Strand Reconstrutor 500ml"},"content":{"rendered":"<p><strong>Un syst\u00e8me complet de traitement capillaire qui corrige les probl\u00e8mes caus\u00e9s par les processus chimiques. <\/strong>Les <strong>Nettoyant pour cuir chevelu Total Remedy<\/strong> est une formule avanc\u00e9e riche en nutriments, con\u00e7ue pour nettoyer et neutraliser les effets des cheveux ab\u00eem\u00e9s. Ses propri\u00e9t\u00e9s nourrissantes d\u00e9tendent et hydratent les m\u00e8ches endommag\u00e9es. <strong>Un traitement capillaire r\u00e9volutionnaire utilisant la derni\u00e8re technique et une application par des coiffeurs professionnels. <\/strong>Les <strong>Reconstructeur de brins Total Remedy<\/strong> est un traitement capillaire r\u00e9volutionnaire qui revitalise les cheveux tr\u00e8s ab\u00eem\u00e9s et trait\u00e9s chimiquement. Utilisant la nanotechnologie qui r\u00e9g\u00e9n\u00e8re les fibres capillaires endommag\u00e9es et corrige les d\u00e9fauts caus\u00e9s par les produits chimiques, elle renforce les cheveux et les laisse hydrat\u00e9s et sains.\u00a0 <strong>Un traitement capillaire de pointe pour les cheveux secs et cassants trait\u00e9s chimiquement. <\/strong>Les <strong>Scellant Total Remedy<\/strong> hydrate et scelle les bienfaits du traitement dans chaque m\u00e8che pour pr\u00e9server les cuticules des cheveux. Il prot\u00e8ge \u00e9galement les cheveux contre la chaleur des outils de coiffage en conservant une hydratation totale.<\/p>","protected":false},"excerpt":{"rendered":"<p>Un traitement r\u00e9volutionnaire qui donne un traitement de choc aux cheveux ultra endommag\u00e9s trait\u00e9s chimiquement, avec la nanotechnologie qui peut r\u00e9g\u00e9n\u00e9rer les fibres capillaires ab\u00eem\u00e9es et corriger les d\u00e9fauts chimiques laissant les cheveux sains, hydrat\u00e9s et renforc\u00e9s.<\/p>","protected":false},"featured_media":6626,"comment_status":"open","ping_status":"closed","template":"","meta":[],"product_brand":[],"product_cat":[487],"product_tag":[],"class_list":{"0":"post-6422","1":"product","2":"type-product","3":"status-publish","4":"has-post-thumbnail","6":"product_cat-conditioner","8":"first","9":"instock","10":"taxable","11":"shipping-taxable","12":"purchasable","13":"product-type-simple"},"_links":{"self":[{"href":"https:\/\/e-cosmeticos.com\/fr\/wp-json\/wp\/v2\/product\/6422","targetHints":{"allow":["GET"]}}],"collection":[{"href":"https:\/\/e-cosmeticos.com\/fr\/wp-json\/wp\/v2\/product"}],"about":[{"href":"https:\/\/e-cosmeticos.com\/fr\/wp-json\/wp\/v2\/types\/product"}],"replies":[{"embeddable":true,"href":"https:\/\/e-cosmeticos.com\/fr\/wp-json\/wp\/v2\/comments?post=6422"}],"wp:featuredmedia":[{"embeddable":true,"href":"https:\/\/e-cosmeticos.com\/fr\/wp-json\/wp\/v2\/media\/6626"}],"wp:attachment":[{"href":"https:\/\/e-cosmeticos.com\/fr\/wp-json\/wp\/v2\/media?parent=6422"}],"wp:term":[{"taxonomy":"product_brand","embeddable":true,"href":"https:\/\/e-cosmeticos.com\/fr\/wp-json\/wp\/v2\/product_brand?post=6422"},{"taxonomy":"product_cat","embeddable":true,"href":"https:\/\/e-cosmeticos.com\/fr\/wp-json\/wp\/v2\/product_cat?post=6422"},{"taxonomy":"product_tag","embeddable":true,"href":"https:\/\/e-cosmeticos.com\/fr\/wp-json\/wp\/v2\/product_tag?post=6422"}],"curies":[{"name":"wp","href":"https:\/\/api.w.org\/{rel}","templated":true}]}}