{"id":6582,"date":"2021-08-17T13:05:28","date_gmt":"2021-08-17T13:05:28","guid":{"rendered":"https:\/\/e-cosmeticos.com\/?post_type=product&#038;p=6582"},"modified":"2026-03-05T20:59:12","modified_gmt":"2026-03-05T23:59:12","slug":"diamond-cells-mask-300g","status":"publish","type":"product","link":"https:\/\/e-cosmeticos.com\/fr\/produit\/diamond-cells-mask-300g\/","title":{"rendered":"Masque Cellules Diamant 300g"},"content":{"rendered":"<p>Le Masque R\u00e9parateur Diamond Cells apporte revitalisation, douceur et soyeux aux cheveux, rehaussant la beaut\u00e9 des fils. Formul\u00e9 avec de l&#039;huile d&#039;avocat, de l&#039;extrait de p\u00e9pins de raisin et du th\u00e9 vert offre protection, brillance et douceur, rendant la coiffure et favorisant l&#039;\u00e9quilibre des cheveux ab\u00eem\u00e9s.<\/p>\n<p>&nbsp;<\/p>\n<p><strong>Comment utiliser<\/strong><\/p>\n<p>Appliquer une quantit\u00e9 g\u00e9n\u00e9reuse du masque sur cheveux propres et humides, m\u00e8che par m\u00e8che, en commen\u00e7ant par les pointes, en massant d\u00e9licatement les cheveux jusqu&#039;\u00e0 la racine. Laisser agir entre 10 et 20 minutes, avec ou sans source de chaleur et rincer abondamment \u00e0 l&#039;eau.<\/p>\n<p>&nbsp;<\/p>\n<p><strong>Ingr\u00e9dients<\/strong><\/p>\n<p>AQUA, CETEARYL ALCOHOL, STEARAMIDOPROPYL DIMETHYLAMINE, PARAFFINUM LIQUIDUM, DIMETHICONE, GLYCERIN, LACTIC ACID, BEHENTRIMONIUM METHOSULFATE, PERSEA GRATISSIMA OIL, VITIS VINIFERA SEED OIL, CETRIMONIUM CHLORIDE, AMODIMETHICONE, ALCOHOL, PARFUM, PROPYLENE GLYCOL, PEG-75 LANOLIN, C11-15 PARETH-7, CAMELLIA SINENSIS LEAF EXTRACT, LAURETH-9, TRIDECETH-12, CHLORHEXIDINE DIGLUCONATE, BHT, DISODIUM EDTA, HEXYL CINNAMAL, LINALOOL, LIMONENE, CI 60730, OCTADECYL DI-T-BUTYL-4-HYDROXYHYDROCINNAMATE, COUMARIN, PEG-90M, PHENOXYETHANOL, IMIDAZOLIDINYL UREA, DMDM HYDANTOIN, BUTYLENE GLYCOL, IODOPROPYNYL BUTYLCARBAMATE.<\/p>\n<p>&nbsp;<\/p>\n<p>&nbsp;<\/p>","protected":false},"excerpt":{"rendered":"<p>Le Masque R\u00e9parateur Diamond Cells apporte revitalisation, douceur et soyeux aux cheveux, rehaussant la beaut\u00e9 des fils. Formul\u00e9 avec de l&#039;huile d&#039;avocat, de l&#039;extrait de p\u00e9pins de raisin et du th\u00e9 vert offre protection, brillance et douceur, rendant la coiffure et favorisant l&#039;\u00e9quilibre des cheveux ab\u00eem\u00e9s.<\/p>","protected":false},"featured_media":6581,"comment_status":"open","ping_status":"closed","template":"","meta":[],"product_brand":[],"product_cat":[623,489],"product_tag":[],"class_list":{"0":"post-6582","1":"product","2":"type-product","3":"status-publish","4":"has-post-thumbnail","6":"product_cat-hair","7":"product_cat-treatment","9":"first","10":"instock","11":"taxable","12":"shipping-taxable","13":"purchasable","14":"product-type-simple"},"_links":{"self":[{"href":"https:\/\/e-cosmeticos.com\/fr\/wp-json\/wp\/v2\/product\/6582","targetHints":{"allow":["GET"]}}],"collection":[{"href":"https:\/\/e-cosmeticos.com\/fr\/wp-json\/wp\/v2\/product"}],"about":[{"href":"https:\/\/e-cosmeticos.com\/fr\/wp-json\/wp\/v2\/types\/product"}],"replies":[{"embeddable":true,"href":"https:\/\/e-cosmeticos.com\/fr\/wp-json\/wp\/v2\/comments?post=6582"}],"wp:featuredmedia":[{"embeddable":true,"href":"https:\/\/e-cosmeticos.com\/fr\/wp-json\/wp\/v2\/media\/6581"}],"wp:attachment":[{"href":"https:\/\/e-cosmeticos.com\/fr\/wp-json\/wp\/v2\/media?parent=6582"}],"wp:term":[{"taxonomy":"product_brand","embeddable":true,"href":"https:\/\/e-cosmeticos.com\/fr\/wp-json\/wp\/v2\/product_brand?post=6582"},{"taxonomy":"product_cat","embeddable":true,"href":"https:\/\/e-cosmeticos.com\/fr\/wp-json\/wp\/v2\/product_cat?post=6582"},{"taxonomy":"product_tag","embeddable":true,"href":"https:\/\/e-cosmeticos.com\/fr\/wp-json\/wp\/v2\/product_tag?post=6582"}],"curies":[{"name":"wp","href":"https:\/\/api.w.org\/{rel}","templated":true}]}}