{"id":6624,"date":"2021-09-27T16:44:04","date_gmt":"2021-09-27T19:44:04","guid":{"rendered":"https:\/\/e-cosmeticos.com\/en\/?post_type=product&#038;p=6624"},"modified":"2026-02-10T10:24:13","modified_gmt":"2026-02-10T13:24:13","slug":"diamond-cells-protein-120ml","status":"publish","type":"product","link":"https:\/\/e-cosmeticos.com\/fr\/produit\/diamond-cells-protein-120ml\/","title":{"rendered":"Diamond Cells Prot\u00e9ine 120ml"},"content":{"rendered":"<p>Le Traitement Microplastia Diamond Cells contient du Th\u00e9 Vert qui appartient \u00e0 la famille des polyph\u00e9nols, dont les principales caract\u00e9ristiques sont ses puissants effets antioxydants qui prot\u00e8gent les cheveux des radicaux libres externes. L&#039;huile d&#039;avocat est un hydratant efficace pour les cheveux secs, cassants et ab\u00eem\u00e9s, parfaite pour maintenir les cheveux en bonne sant\u00e9 car elle est riche en vitamines A, B, D et E. Il contient \u00e9galement des prot\u00e9ines, des acides amin\u00e9s, du fer, du cuivre, du magn\u00e9sium et de l&#039;acide ol\u00e9ique. Le traitement Microplstia Diamond Cells contient tous les nutriments essentiels qui le rendent id\u00e9al pour lisser les m\u00e8ches et r\u00e9parer les cheveux ab\u00eem\u00e9s. cons\u00e9quature.<\/p>\n<p>&nbsp;<\/p>\n<p><strong>Comment utiliser<\/strong><\/p>\n<p>Laver les cheveux avec un shampooing 3 \u00e0 5 fois. S\u00e9chez vos cheveux sur 80%, s\u00e9parez les cheveux en 4 parties et appliquez le produit m\u00e8che par m\u00e8che \u00e0 l&#039;aide d&#039;un pinceau. Alignez le fil avec le peigne et laissez-le pendant 60 minutes. Rincer le 50% du produit \u00e0 l&#039;eau, brosser et repasser en brin tr\u00e8s fin toutes les 15 fois. Attendez 15 minutes puis lavez \u00e0 l&#039;aide d&#039;un shampooing et d&#039;un apr\u00e8s-shampoing home care.<\/p>\n<p>&nbsp;<\/p>\n<p>Ingr\u00e9dients<\/p>\n<p>AQUA, GLYOXYLOYL CARBOCYSTEINE, GLYOXYLOYL KERATIN AMINO ACIDS, CETEARYL ALCOHOL, PARAFFINUM LIQUIDUM, BUTYROSPERMUM PARKII BUTTER, CETRIMONIUM CHLORIDE, ALCOHOL, BEHENTRIMONIUM METHOSULFATE, PARFUM, PERSEA GRATISSIMA OIL, PROPYLENE GLYCOL,<br \/>\nVITIS VINIFERA SEED OIL, CAMELLIA SINENSIS LEAF EXTRACT, CYCLOPENTASILOXANE, DISODIUM EDTA, HEXYL CINNAMAL, LINALOOL, PEG-90M, LIMONENE, COUMARIN, CI 60730, CITRIC ACID, DIMETHICONOL, LACTIC ACID, PHENOXYETHANOL, CETEARYL DIMETHICONE\/VINYL DIMETHICONE CROSSPOLYMER, IMIDAZOLIDINYL UREA, DMDM HYDANTOIN, BUTYLENE GLYCOL, IODOPROPYNYL BUTYLCARBAMATE.<\/p>","protected":false},"excerpt":{"rendered":"<p>Le Traitement Microplastia Diamond Cells contient du Th\u00e9 Vert qui appartient \u00e0 la famille des polyph\u00e9nols, dont les principales caract\u00e9ristiques sont ses puissants effets antioxydants qui prot\u00e8gent les cheveux des radicaux libres externes. L&#039;huile d&#039;avocat est un hydratant efficace pour les cheveux secs, cassants et ab\u00eem\u00e9s, parfaite pour maintenir les cheveux en bonne sant\u00e9 car elle est riche en vitamines A, B, D et E. Il contient \u00e9galement des prot\u00e9ines, des acides amin\u00e9s, du fer, du cuivre, du magn\u00e9sium et de l&#039;acide ol\u00e9ique. Le traitement Microplstia Diamond Cells contient tous les nutriments essentiels qui le rendent id\u00e9al pour lisser les m\u00e8ches et r\u00e9parer les cheveux ab\u00eem\u00e9s. cons\u00e9quature.<\/p>","protected":false},"featured_media":6623,"comment_status":"open","ping_status":"closed","template":"","meta":[],"product_brand":[],"product_cat":[623,491],"product_tag":[],"class_list":{"0":"post-6624","1":"product","2":"type-product","3":"status-publish","4":"has-post-thumbnail","6":"product_cat-hair","7":"product_cat-smoothing","9":"first","10":"instock","11":"taxable","12":"shipping-taxable","13":"purchasable","14":"product-type-simple"},"_links":{"self":[{"href":"https:\/\/e-cosmeticos.com\/fr\/wp-json\/wp\/v2\/product\/6624","targetHints":{"allow":["GET"]}}],"collection":[{"href":"https:\/\/e-cosmeticos.com\/fr\/wp-json\/wp\/v2\/product"}],"about":[{"href":"https:\/\/e-cosmeticos.com\/fr\/wp-json\/wp\/v2\/types\/product"}],"replies":[{"embeddable":true,"href":"https:\/\/e-cosmeticos.com\/fr\/wp-json\/wp\/v2\/comments?post=6624"}],"wp:featuredmedia":[{"embeddable":true,"href":"https:\/\/e-cosmeticos.com\/fr\/wp-json\/wp\/v2\/media\/6623"}],"wp:attachment":[{"href":"https:\/\/e-cosmeticos.com\/fr\/wp-json\/wp\/v2\/media?parent=6624"}],"wp:term":[{"taxonomy":"product_brand","embeddable":true,"href":"https:\/\/e-cosmeticos.com\/fr\/wp-json\/wp\/v2\/product_brand?post=6624"},{"taxonomy":"product_cat","embeddable":true,"href":"https:\/\/e-cosmeticos.com\/fr\/wp-json\/wp\/v2\/product_cat?post=6624"},{"taxonomy":"product_tag","embeddable":true,"href":"https:\/\/e-cosmeticos.com\/fr\/wp-json\/wp\/v2\/product_tag?post=6624"}],"curies":[{"name":"wp","href":"https:\/\/api.w.org\/{rel}","templated":true}]}}