{"id":6641,"date":"2021-09-28T12:27:43","date_gmt":"2021-09-28T15:27:43","guid":{"rendered":"https:\/\/e-cosmeticos.com\/en\/?post_type=product&#038;p=6641"},"modified":"2025-11-02T22:32:43","modified_gmt":"2025-11-03T01:32:43","slug":"flamingo-lifting-capilar-1l","status":"publish","type":"product","link":"https:\/\/e-cosmeticos.com\/fr\/produit\/flamingo-lifting-capilar-1l\/","title":{"rendered":"Capilaire de levage Flamingo 1L"},"content":{"rendered":"<p>C&#039;est une bioplastie capillaire qui favorise l&#039;union parfaite entre innovation et praticit\u00e9 avec une seule application.<\/p>\n<p>&nbsp;<\/p>\n<p><strong>Avantages<\/strong><\/p>\n<ul>\n<li>Prot\u00e9gez les fils de l&#039;eau de mer, du chlore de la piscine.<\/li>\n<li>Prot\u00e8ge des rayons UVB et UVA.<\/li>\n<li>Fer plat et protection s\u00e8che-linge.<\/li>\n<li>Prot\u00e8ge les frottements des peignes.<\/li>\n<li>Nourrit les fils avec un r\u00e9sultat imm\u00e9diat.<\/li>\n<\/ul>\n<p>&nbsp;<\/p>\n<p><strong>Comment utiliser<\/strong><\/p>\n<ol>\n<li>Appliquer le Lifting Capilar Bio-Restore sur cheveux propres et secs.<\/li>\n<li>A l&#039;aide d&#039;un pinceau \u00e0 teinture pour cheveux, appliquez le produit \u00e0 un demi-centim\u00e8tre des racines Strand by Strand, \u00e0 l&#039;aide d&#039;un peigne \u00e0 dents fines pour une meilleure r\u00e9partition du produit. Laissez-le pendant 40-60 minutes, selon le besoin du brin.<\/li>\n<li>\u00a0Apr\u00e8s la pause, amener la cliente au lavabo pour rincer les cheveux en n&#039;enlevant que l&#039;exc\u00e9dent de produit pour faciliter la finition.<\/li>\n<li>Essuyez et s\u00e9chez compl\u00e8tement les cheveux \u00e0 l&#039;aide d&#039;une brosse et d&#039;un s\u00e8che-cheveux. 5. Repassez avec un fer \u00e0 lisser au nano-titane sur des m\u00e8ches fines environ 10 fois en moyenne chaque m\u00e8che jusqu&#039;\u00e0 ce que les m\u00e8ches soient scell\u00e9es.<\/li>\n<\/ol>\n<p>&nbsp;<\/p>\n<p><strong>Test de verrouillage<\/strong><\/p>\n<p>Faites toujours un test de verrouillage, m\u00eame si vous l&#039;avez d\u00e9j\u00e0 utilis\u00e9. Ceci est important car normalement les cheveux subissent les processus les plus vari\u00e9s qui peuvent les endommager et les rendre cassants et \u00e9lastiques. C&#039;est le signe que les cheveux ne sont pas en mesure d&#039;utiliser le produit et qu&#039;ils devraient recevoir un autre type de traitement.<\/p>\n<p>&nbsp;<\/p>\n<p><strong>Ingr\u00e9dients<\/strong><\/p>\n<p>Aqua, m\u00e9thosulfate de behentrimonium, alcool c\u00e9t\u00e9arylique, paraffinum liquide, propyl\u00e8ne glycol, huile de graines de Vitis Vinifera, beurre de Butyrospermum Parkii (karit\u00e9), Peg-90m, prot\u00e9ine de bl\u00e9 hydrolys\u00e9e, prot\u00e9ine de noyau Avena Sativa (avoine), prot\u00e9ine de Prunus Amygdalus Dulcis (amande douce) , st\u00e9arate de sodium, chlorure de sodium, huile de Cocos Nucifera, extrait de fruit de Pyrus Malus (pomme), extrait de fruit de Pyrus Communis, polyquaternium 7, chlorure de guar hydroxypropyltrimonium, cyclopentasiloxane, dim\u00e9thiconol, dim\u00e9thicone, dispolym\u00e8re de dim\u00e9thicone, m\u00e9thylchloroisothiazolinone, acide m\u00e9thylisothiazoline, EDTA Acide lactique, parfum, butylph\u00e9nyl m\u00e9thylpropional, isom\u00e9thyl ionone, benzoate de benzyle, citronellol, coumarine, D-limon\u00e8ne, g\u00e9raniol, hexyl cinnamal, isoeug\u00e9nol, linalool, CI 19140, CI 73015.<\/p>\n<p>&nbsp;<\/p>","protected":false},"excerpt":{"rendered":"<p>C&#039;est une bioplastie capillaire qui favorise l&#039;union parfaite entre innovation et praticit\u00e9 avec une seule application.<\/p>","protected":false},"featured_media":6640,"comment_status":"open","ping_status":"closed","template":"","meta":[],"product_brand":[],"product_cat":[623,491],"product_tag":[],"class_list":{"0":"post-6641","1":"product","2":"type-product","3":"status-publish","4":"has-post-thumbnail","6":"product_cat-hair","7":"product_cat-smoothing","9":"first","10":"instock","11":"taxable","12":"shipping-taxable","13":"purchasable","14":"product-type-simple"},"_links":{"self":[{"href":"https:\/\/e-cosmeticos.com\/fr\/wp-json\/wp\/v2\/product\/6641","targetHints":{"allow":["GET"]}}],"collection":[{"href":"https:\/\/e-cosmeticos.com\/fr\/wp-json\/wp\/v2\/product"}],"about":[{"href":"https:\/\/e-cosmeticos.com\/fr\/wp-json\/wp\/v2\/types\/product"}],"replies":[{"embeddable":true,"href":"https:\/\/e-cosmeticos.com\/fr\/wp-json\/wp\/v2\/comments?post=6641"}],"wp:featuredmedia":[{"embeddable":true,"href":"https:\/\/e-cosmeticos.com\/fr\/wp-json\/wp\/v2\/media\/6640"}],"wp:attachment":[{"href":"https:\/\/e-cosmeticos.com\/fr\/wp-json\/wp\/v2\/media?parent=6641"}],"wp:term":[{"taxonomy":"product_brand","embeddable":true,"href":"https:\/\/e-cosmeticos.com\/fr\/wp-json\/wp\/v2\/product_brand?post=6641"},{"taxonomy":"product_cat","embeddable":true,"href":"https:\/\/e-cosmeticos.com\/fr\/wp-json\/wp\/v2\/product_cat?post=6641"},{"taxonomy":"product_tag","embeddable":true,"href":"https:\/\/e-cosmeticos.com\/fr\/wp-json\/wp\/v2\/product_tag?post=6641"}],"curies":[{"name":"wp","href":"https:\/\/api.w.org\/{rel}","templated":true}]}}