{"id":6648,"date":"2021-09-28T12:55:26","date_gmt":"2021-09-28T15:55:26","guid":{"rendered":"https:\/\/e-cosmeticos.com\/en\/?post_type=product&#038;p=6648"},"modified":"2025-11-01T02:48:13","modified_gmt":"2025-11-01T05:48:13","slug":"flamingo-conditioner-bio-restore-500ml","status":"publish","type":"product","link":"https:\/\/e-cosmeticos.com\/fr\/produit\/flamingo-conditioner-bio-restore-500ml\/","title":{"rendered":"Apr\u00e8s-shampoing Flamingo Bio Restore 500ml"},"content":{"rendered":"<p>L&#039;apr\u00e8s-shampooing Bio-Restore Plus Flamingo est con\u00e7u pour r\u00e9activer l&#039;\u00e9clat et la vitalit\u00e9 perdus \u00e0 la suite d&#039;un traitement chimique ou d&#039;une agression quotidienne. En caut\u00e9risant les m\u00e8ches, en r\u00e9cup\u00e9rant la fibre capillaire, le produit agit pour raviver la nutrition perdue et redonner cet \u00e9clat incroyable.<\/p>\n<p>&nbsp;<\/p>\n<p><strong>Avantages<\/strong><\/p>\n<ul>\n<li>Prot\u00e9gez les fils de l&#039;eau de mer, du chlore de la piscine.<\/li>\n<li>Prot\u00e8ge des rayons UVB et UVA.<\/li>\n<li>Fer plat et protection s\u00e8che-linge.<\/li>\n<li>Prot\u00e8ge les frottements des peignes.<\/li>\n<li>Nourrit les fils avec un r\u00e9sultat imm\u00e9diat.<\/li>\n<\/ul>\n<p>&nbsp;<\/p>\n<p><strong>Comment utiliser<\/strong><\/p>\n<p>Appliquer sur cheveux humides et propres. commencez par des pointes, massez doucement les cheveux et faites glisser les fils entre les doigts jusqu&#039;\u00e0 ce qu&#039;ils soient d\u00e9m\u00eal\u00e9s. Laissez agir quelques minutes et rincez abondamment.<\/p>\n<p>&nbsp;<\/p>\n<p><strong>Ingr\u00e9dients<\/strong><\/p>\n<p>Aqua, alcool c\u00e9t\u00e9arylique, chlorure de c\u00e9trimonium, propyl\u00e8ne glycol, m\u00e9thosulfate de b\u00e9hentrimonium, paraffinum liquide, st\u00e9aramidopropyl dim\u00e9thylamine, dipropyl\u00e8ne glycol, polysilicone-29, extrait de fleur de camomille recutita, amodim\u00e9thicone, C-11-15 Pareth-7, Laureth-9, glyc\u00e9rine, trideceth- 12, cyclopentasiloxane, r\u00e9sine de Copaifera Officinalis, huile de noyau d&#039;argania spinosa, Peg-90m, polyquaternium 7, acide citrique, chlorure d&#039;hydroxypropyltrimonium de guar, edta disodique, hydroxytolu\u00e8ne butyl\u00e9, m\u00e9thylisothiazolinone, m\u00e9thylchloroisothiazolinone, parfum de cibenz\u00e8ne, butylisopropionol, butyl\u00e9thylbenz\u00e8ne, butyl\u00e8ne Coumarine, D-Limon\u00e8ne, G\u00e9raniol, Hexyl Cinnamal, Isoeug\u00e9nol, Linalol, Ci 19140, Ci 73015.<\/p>","protected":false},"excerpt":{"rendered":"<p>L&#039;apr\u00e8s-shampooing Bio-Restore Plus Flamingo est con\u00e7u pour r\u00e9activer l&#039;\u00e9clat et la vitalit\u00e9 perdus \u00e0 la suite d&#039;un traitement chimique ou d&#039;une agression quotidienne. En caut\u00e9risant les m\u00e8ches, en r\u00e9cup\u00e9rant la fibre capillaire, le produit agit pour raviver la nutrition perdue et redonner cet \u00e9clat incroyable.<\/p>","protected":false},"featured_media":6647,"comment_status":"open","ping_status":"closed","template":"","meta":[],"product_brand":[],"product_cat":[487],"product_tag":[],"class_list":{"0":"post-6648","1":"product","2":"type-product","3":"status-publish","4":"has-post-thumbnail","6":"product_cat-conditioner","8":"first","9":"instock","10":"taxable","11":"shipping-taxable","12":"purchasable","13":"product-type-simple"},"_links":{"self":[{"href":"https:\/\/e-cosmeticos.com\/fr\/wp-json\/wp\/v2\/product\/6648","targetHints":{"allow":["GET"]}}],"collection":[{"href":"https:\/\/e-cosmeticos.com\/fr\/wp-json\/wp\/v2\/product"}],"about":[{"href":"https:\/\/e-cosmeticos.com\/fr\/wp-json\/wp\/v2\/types\/product"}],"replies":[{"embeddable":true,"href":"https:\/\/e-cosmeticos.com\/fr\/wp-json\/wp\/v2\/comments?post=6648"}],"wp:featuredmedia":[{"embeddable":true,"href":"https:\/\/e-cosmeticos.com\/fr\/wp-json\/wp\/v2\/media\/6647"}],"wp:attachment":[{"href":"https:\/\/e-cosmeticos.com\/fr\/wp-json\/wp\/v2\/media?parent=6648"}],"wp:term":[{"taxonomy":"product_brand","embeddable":true,"href":"https:\/\/e-cosmeticos.com\/fr\/wp-json\/wp\/v2\/product_brand?post=6648"},{"taxonomy":"product_cat","embeddable":true,"href":"https:\/\/e-cosmeticos.com\/fr\/wp-json\/wp\/v2\/product_cat?post=6648"},{"taxonomy":"product_tag","embeddable":true,"href":"https:\/\/e-cosmeticos.com\/fr\/wp-json\/wp\/v2\/product_tag?post=6648"}],"curies":[{"name":"wp","href":"https:\/\/api.w.org\/{rel}","templated":true}]}}