{"id":6657,"date":"2021-10-01T09:46:00","date_gmt":"2021-10-01T12:46:00","guid":{"rendered":"https:\/\/e-cosmeticos.com\/en\/?post_type=product&#038;p=6657"},"modified":"2026-02-11T11:41:19","modified_gmt":"2026-02-11T14:41:19","slug":"celosia-intense-collagen-1l","status":"publish","type":"product","link":"https:\/\/e-cosmeticos.com\/fr\/produit\/celosia-intense-collagen-1l\/","title":{"rendered":"C\u00e9losie Collag\u00e8ne Intense 1L"},"content":{"rendered":"<p>Intense Collagen est un syst\u00e8me d&#039;association pour renforcer la fibre capillaire, permettant une plus grande r\u00e9sistance aux m\u00e8ches, contient des prot\u00e9ines et des acides amin\u00e9s extraits du s\u00e9rum du lait qui forment un film hydratant et protecteur sur la fibre capillaire. Pr\u00e9vient et r\u00e9pare les dommages physiques et environnementaux. Essaie \u00e0 l&#039;envers, en alignant uniform\u00e9ment.<\/p>\n<p>&nbsp;<\/p>\n<p><strong>Comment utiliser<\/strong><\/p>\n<ol>\n<li>Appliquer le COLLAGENE INTENSE sur cheveux propres et secs.<\/li>\n<li>A l&#039;aide d&#039;un pinceau \u00e0 teinture pour cheveux, appliquez le produit \u00e0 un demi-centim\u00e8tre des racines Strand by Strand, \u00e0 l&#039;aide d&#039;un peigne \u00e0 dents fines pour une meilleure r\u00e9partition du produit. Laissez-le pendant 40-60 minutes, selon le besoin du brin.<\/li>\n<li>Apr\u00e8s la pause, amener la cliente au lavabo pour rincer les cheveux en enlevant l&#039;exc\u00e9dent de produit pour faciliter la finition.<\/li>\n<li>Essuyez et s\u00e9chez compl\u00e8tement les cheveux \u00e0 l&#039;aide d&#039;une brosse et d&#039;un s\u00e8che-cheveux.<\/li>\n<li>Repassez avec un fer \u00e0 lisser en nano-titane sur des m\u00e8ches fines environ 10 fois en moyenne chaque m\u00e8che jusqu&#039;\u00e0 ce que les m\u00e8ches soient scell\u00e9es.<\/li>\n<\/ol>\n<p>&nbsp;<\/p>","protected":false},"excerpt":{"rendered":"<p>Intense Collagen est un syst\u00e8me d&#039;association pour renforcer la fibre capillaire, permettant une plus grande r\u00e9sistance aux m\u00e8ches, contient des prot\u00e9ines et des acides amin\u00e9s extraits du s\u00e9rum du lait qui forment un film hydratant et protecteur sur la fibre capillaire. Pr\u00e9vient et r\u00e9pare les dommages physiques et environnementaux. Essaie \u00e0 l&#039;envers, en alignant uniform\u00e9ment.<\/p>","protected":false},"featured_media":6656,"comment_status":"open","ping_status":"closed","template":"","meta":[],"product_brand":[],"product_cat":[491],"product_tag":[],"class_list":{"0":"post-6657","1":"product","2":"type-product","3":"status-publish","4":"has-post-thumbnail","6":"product_cat-smoothing","8":"first","9":"instock","10":"taxable","11":"shipping-taxable","12":"purchasable","13":"product-type-simple"},"_links":{"self":[{"href":"https:\/\/e-cosmeticos.com\/fr\/wp-json\/wp\/v2\/product\/6657","targetHints":{"allow":["GET"]}}],"collection":[{"href":"https:\/\/e-cosmeticos.com\/fr\/wp-json\/wp\/v2\/product"}],"about":[{"href":"https:\/\/e-cosmeticos.com\/fr\/wp-json\/wp\/v2\/types\/product"}],"replies":[{"embeddable":true,"href":"https:\/\/e-cosmeticos.com\/fr\/wp-json\/wp\/v2\/comments?post=6657"}],"wp:featuredmedia":[{"embeddable":true,"href":"https:\/\/e-cosmeticos.com\/fr\/wp-json\/wp\/v2\/media\/6656"}],"wp:attachment":[{"href":"https:\/\/e-cosmeticos.com\/fr\/wp-json\/wp\/v2\/media?parent=6657"}],"wp:term":[{"taxonomy":"product_brand","embeddable":true,"href":"https:\/\/e-cosmeticos.com\/fr\/wp-json\/wp\/v2\/product_brand?post=6657"},{"taxonomy":"product_cat","embeddable":true,"href":"https:\/\/e-cosmeticos.com\/fr\/wp-json\/wp\/v2\/product_cat?post=6657"},{"taxonomy":"product_tag","embeddable":true,"href":"https:\/\/e-cosmeticos.com\/fr\/wp-json\/wp\/v2\/product_tag?post=6657"}],"curies":[{"name":"wp","href":"https:\/\/api.w.org\/{rel}","templated":true}]}}