{"id":6659,"date":"2021-10-01T09:49:43","date_gmt":"2021-10-01T12:49:43","guid":{"rendered":"https:\/\/e-cosmeticos.com\/en\/?post_type=product&#038;p=6659"},"modified":"2025-11-01T19:09:43","modified_gmt":"2025-11-01T22:09:43","slug":"celosia-intense-bioplex-1l","status":"publish","type":"product","link":"https:\/\/e-cosmeticos.com\/fr\/produit\/celosia-intense-bioplex-1l\/","title":{"rendered":"C\u00e9losie Intense Bioplex 1L"},"content":{"rendered":"<p>Bioplex est un syst\u00e8me d&#039;association avec des nanoparticules, le Bioplex Intense a une affinit\u00e9 avec la k\u00e9ratine naturelle des cheveux en gardant les m\u00e8ches align\u00e9es, douces et brillantes. Il favorise le processus de transformation des m\u00e8ches, am\u00e9liore le peignage et r\u00e9duit les frisottis.<\/p>\n<p>&nbsp;<\/p>\n<p><strong>Comment utiliser<\/strong><\/p>\n<ol>\n<li>\u00a0Appliquer le BIOPLEX INTENSE sur cheveux propres et secs.<\/li>\n<li>A l&#039;aide d&#039;un pinceau \u00e0 teinture pour cheveux, appliquez le produit \u00e0 un demi-centim\u00e8tre des racines Strand by Strand, \u00e0 l&#039;aide d&#039;un peigne \u00e0 dents fines pour une meilleure r\u00e9partition du produit. Laissez-le pendant 40-60 minutes, selon le besoin du brin.<\/li>\n<li>Apr\u00e8s la pause, amener la cliente au lavabo pour rincer les cheveux en enlevant l&#039;exc\u00e9dent de produit pour faciliter la finition.<\/li>\n<li>Essuyez et s\u00e9chez compl\u00e8tement les cheveux \u00e0 l&#039;aide d&#039;une brosse et d&#039;un s\u00e8che-cheveux.<\/li>\n<li>Repassez avec un fer \u00e0 lisser sans titane sur des m\u00e8ches fines environ 10 fois en moyenne chaque m\u00e8che jusqu&#039;\u00e0 ce que les m\u00e8ches soient scell\u00e9es.<\/li>\n<\/ol>\n<p>&nbsp;<\/p>\n<p>&nbsp;<\/p>\n<p>&nbsp;<\/p>","protected":false},"excerpt":{"rendered":"<p>Bioplex est un syst\u00e8me d&#039;association avec des nanoparticules, le Bioplex Intense a une affinit\u00e9 avec la k\u00e9ratine naturelle des cheveux en gardant les m\u00e8ches align\u00e9es, douces et brillantes. Il favorise le processus de transformation des m\u00e8ches, am\u00e9liore le peignage et r\u00e9duit les frisottis.<\/p>","protected":false},"featured_media":6658,"comment_status":"open","ping_status":"closed","template":"","meta":[],"product_brand":[],"product_cat":[623,491],"product_tag":[],"class_list":{"0":"post-6659","1":"product","2":"type-product","3":"status-publish","4":"has-post-thumbnail","6":"product_cat-hair","7":"product_cat-smoothing","9":"first","10":"instock","11":"taxable","12":"shipping-taxable","13":"purchasable","14":"product-type-simple"},"_links":{"self":[{"href":"https:\/\/e-cosmeticos.com\/fr\/wp-json\/wp\/v2\/product\/6659","targetHints":{"allow":["GET"]}}],"collection":[{"href":"https:\/\/e-cosmeticos.com\/fr\/wp-json\/wp\/v2\/product"}],"about":[{"href":"https:\/\/e-cosmeticos.com\/fr\/wp-json\/wp\/v2\/types\/product"}],"replies":[{"embeddable":true,"href":"https:\/\/e-cosmeticos.com\/fr\/wp-json\/wp\/v2\/comments?post=6659"}],"wp:featuredmedia":[{"embeddable":true,"href":"https:\/\/e-cosmeticos.com\/fr\/wp-json\/wp\/v2\/media\/6658"}],"wp:attachment":[{"href":"https:\/\/e-cosmeticos.com\/fr\/wp-json\/wp\/v2\/media?parent=6659"}],"wp:term":[{"taxonomy":"product_brand","embeddable":true,"href":"https:\/\/e-cosmeticos.com\/fr\/wp-json\/wp\/v2\/product_brand?post=6659"},{"taxonomy":"product_cat","embeddable":true,"href":"https:\/\/e-cosmeticos.com\/fr\/wp-json\/wp\/v2\/product_cat?post=6659"},{"taxonomy":"product_tag","embeddable":true,"href":"https:\/\/e-cosmeticos.com\/fr\/wp-json\/wp\/v2\/product_tag?post=6659"}],"curies":[{"name":"wp","href":"https:\/\/api.w.org\/{rel}","templated":true}]}}