{"id":6661,"date":"2021-10-01T10:36:04","date_gmt":"2021-10-01T13:36:04","guid":{"rendered":"https:\/\/e-cosmeticos.com\/en\/?post_type=product&#038;p=6661"},"modified":"2025-11-02T22:29:12","modified_gmt":"2025-11-03T01:29:12","slug":"celosia-intense-vitafill-1l","status":"publish","type":"product","link":"https:\/\/e-cosmeticos.com\/fr\/produit\/celosia-intense-vitafill-1l\/","title":{"rendered":"C\u00e9losie Intense Vitafill 1L"},"content":{"rendered":"<p>Ce syst\u00e8me d&#039;association d&#039;oligo\u00e9l\u00e9ments et de vitamines comme B5 et E et d&#039;acide hyaluronique, qui a une action remin\u00e9ralisante de la fibre capillaire, hydratante et comblante, donne des cheveux bien trait\u00e9s et forts.<\/p>\n<p>&nbsp;<\/p>\n<p><strong>Comment utiliser<\/strong><\/p>\n<ol>\n<li>Appliquer le Vittafill sur cheveux propres et secs.<\/li>\n<li>A l&#039;aide d&#039;un pinceau \u00e0 teinture pour cheveux, appliquez le produit \u00e0 un demi-centim\u00e8tre des racines Strand by Strand, \u00e0 l&#039;aide d&#039;un peigne \u00e0 dents fines pour une meilleure r\u00e9partition du produit. Laissez-le pendant 40-60 minutes, selon le besoin du brin.<\/li>\n<li>\u00a0Apr\u00e8s la pause, amener la cliente au lavabo pour rincer les cheveux en enlevant l&#039;exc\u00e9dent de produit pour faciliter la finition.<\/li>\n<li>essuyez et s\u00e9chez compl\u00e8tement les cheveux \u00e0 l&#039;aide d&#039;une brosse et d&#039;un s\u00e8che-cheveux.<\/li>\n<li>\u00a0Repassez avec un fer \u00e0 lisser sans titane sur des m\u00e8ches fines environ 10 fois en moyenne chaque m\u00e8che jusqu&#039;\u00e0 ce que les m\u00e8ches soient scell\u00e9es.<\/li>\n<\/ol>\n<p>&nbsp;<\/p>","protected":false},"excerpt":{"rendered":"<p>Ce syst\u00e8me d&#039;association d&#039;oligo\u00e9l\u00e9ments et de vitamines comme B5 et E et d&#039;acide hyaluronique, qui a une action remin\u00e9ralisante de la fibre capillaire, hydratante et comblante, donne des cheveux bien trait\u00e9s et forts.<\/p>","protected":false},"featured_media":6660,"comment_status":"open","ping_status":"closed","template":"","meta":[],"product_brand":[],"product_cat":[623,491],"product_tag":[],"class_list":{"0":"post-6661","1":"product","2":"type-product","3":"status-publish","4":"has-post-thumbnail","6":"product_cat-hair","7":"product_cat-smoothing","9":"first","10":"instock","11":"taxable","12":"shipping-taxable","13":"purchasable","14":"product-type-simple"},"_links":{"self":[{"href":"https:\/\/e-cosmeticos.com\/fr\/wp-json\/wp\/v2\/product\/6661","targetHints":{"allow":["GET"]}}],"collection":[{"href":"https:\/\/e-cosmeticos.com\/fr\/wp-json\/wp\/v2\/product"}],"about":[{"href":"https:\/\/e-cosmeticos.com\/fr\/wp-json\/wp\/v2\/types\/product"}],"replies":[{"embeddable":true,"href":"https:\/\/e-cosmeticos.com\/fr\/wp-json\/wp\/v2\/comments?post=6661"}],"wp:featuredmedia":[{"embeddable":true,"href":"https:\/\/e-cosmeticos.com\/fr\/wp-json\/wp\/v2\/media\/6660"}],"wp:attachment":[{"href":"https:\/\/e-cosmeticos.com\/fr\/wp-json\/wp\/v2\/media?parent=6661"}],"wp:term":[{"taxonomy":"product_brand","embeddable":true,"href":"https:\/\/e-cosmeticos.com\/fr\/wp-json\/wp\/v2\/product_brand?post=6661"},{"taxonomy":"product_cat","embeddable":true,"href":"https:\/\/e-cosmeticos.com\/fr\/wp-json\/wp\/v2\/product_cat?post=6661"},{"taxonomy":"product_tag","embeddable":true,"href":"https:\/\/e-cosmeticos.com\/fr\/wp-json\/wp\/v2\/product_tag?post=6661"}],"curies":[{"name":"wp","href":"https:\/\/api.w.org\/{rel}","templated":true}]}}