{"id":6699,"date":"2022-05-30T16:12:56","date_gmt":"2022-05-30T19:12:56","guid":{"rendered":"https:\/\/e-cosmeticos.com\/en\/?post_type=product&#038;p=6699"},"modified":"2026-01-20T12:54:17","modified_gmt":"2026-01-20T15:54:17","slug":"beauty-cocktails-cocomoca-1l","status":"publish","type":"product","link":"https:\/\/e-cosmeticos.com\/fr\/produit\/beauty-cocktails-cocomoca-1l\/","title":{"rendered":"Cocktails de beaut\u00e9 CocoMoca 1L"},"content":{"rendered":"<p>Le soin lissant CocoMoca de Beauty Cocktails offre une action anti-frisottis puissante, r\u00e9duit le volume et procure un effet nourrissant et protecteur. Sa formule exclusive \u00e0 base de caf\u00e9 vert et d&#039;huile de coco, riche en antioxydants, assure une r\u00e9paration instantan\u00e9e.<\/p>\n<p>&nbsp;<\/p>\n<p><strong>Comment utiliser<\/strong><\/p>\n<ol>\n<li>Apply the Beauty Cocktails CocoMoca to clean;<\/li>\n<li>A l&#039;aide d&#039;un pinceau \u00e0 teinture pour cheveux, appliquez le produit \u00e0 un demi-centim\u00e8tre des racines Strand by Strand, \u00e0 l&#039;aide d&#039;un peigne \u00e0 dents fines pour une meilleure r\u00e9partition du produit. Laissez-le pendant 40-60 minutes, selon le besoin du brin.<\/li>\n<li>Apr\u00e8s la pause, amener la cliente au lavabo pour rincer les cheveux en n&#039;enlevant que l&#039;exc\u00e9dent de produit pour faciliter la finition.<\/li>\n<li>essuyez et s\u00e9chez compl\u00e8tement les cheveux \u00e0 l&#039;aide d&#039;une brosse et d&#039;un s\u00e8che-cheveux.<\/li>\n<li>Iron with Nono-titanium hair straightener on fine Strandsabout 10 times in the average each Strand till sealing the strands.<\/li>\n<\/ol>\n<p>&nbsp;<\/p>\n<p><strong>Precautions<\/strong><\/p>\n<p>External Use. Professional use. Keep out of the reach of children in a place cool and dry. In case of contact with eyes, rinse with plenty of water. If irritation occurs, discontinue use and seek medical advice. Do not apply if the scalp shows irritation or abrasions. Do not use if you are allergic to any component of the formulation or if the product changes its appearance.<\/p>\n<p>&nbsp;<\/p>\n<p><strong>Test de verrouillage<\/strong><\/p>\n<p>Faites toujours un test de verrouillage, m\u00eame si vous l&#039;avez d\u00e9j\u00e0 utilis\u00e9. Ceci est important car normalement les cheveux subissent les processus les plus vari\u00e9s qui peuvent les endommager et les rendre cassants et \u00e9lastiques. C&#039;est le signe que les cheveux ne sont pas en mesure d&#039;utiliser le produit et qu&#039;ils devraient recevoir un autre type de traitement.<\/p>\n<p>&nbsp;<\/p>","protected":false},"excerpt":{"rendered":"<p>Le soin lissant CocoMoca de Beauty Cocktails offre une action anti-frisottis puissante, r\u00e9duit le volume et procure un effet nourrissant et protecteur. Sa formule exclusive \u00e0 base de caf\u00e9 vert et d&#039;huile de coco, riche en antioxydants, assure une r\u00e9paration instantan\u00e9e.<\/p>","protected":false},"featured_media":6698,"comment_status":"open","ping_status":"closed","template":"","meta":[],"product_brand":[],"product_cat":[623,491],"product_tag":[],"class_list":{"0":"post-6699","1":"product","2":"type-product","3":"status-publish","4":"has-post-thumbnail","6":"product_cat-hair","7":"product_cat-smoothing","9":"first","10":"instock","11":"taxable","12":"shipping-taxable","13":"purchasable","14":"product-type-simple"},"_links":{"self":[{"href":"https:\/\/e-cosmeticos.com\/fr\/wp-json\/wp\/v2\/product\/6699","targetHints":{"allow":["GET"]}}],"collection":[{"href":"https:\/\/e-cosmeticos.com\/fr\/wp-json\/wp\/v2\/product"}],"about":[{"href":"https:\/\/e-cosmeticos.com\/fr\/wp-json\/wp\/v2\/types\/product"}],"replies":[{"embeddable":true,"href":"https:\/\/e-cosmeticos.com\/fr\/wp-json\/wp\/v2\/comments?post=6699"}],"wp:featuredmedia":[{"embeddable":true,"href":"https:\/\/e-cosmeticos.com\/fr\/wp-json\/wp\/v2\/media\/6698"}],"wp:attachment":[{"href":"https:\/\/e-cosmeticos.com\/fr\/wp-json\/wp\/v2\/media?parent=6699"}],"wp:term":[{"taxonomy":"product_brand","embeddable":true,"href":"https:\/\/e-cosmeticos.com\/fr\/wp-json\/wp\/v2\/product_brand?post=6699"},{"taxonomy":"product_cat","embeddable":true,"href":"https:\/\/e-cosmeticos.com\/fr\/wp-json\/wp\/v2\/product_cat?post=6699"},{"taxonomy":"product_tag","embeddable":true,"href":"https:\/\/e-cosmeticos.com\/fr\/wp-json\/wp\/v2\/product_tag?post=6699"}],"curies":[{"name":"wp","href":"https:\/\/api.w.org\/{rel}","templated":true}]}}